{"id":1203,"date":"2021-09-15T15:36:48","date_gmt":"2021-09-15T18:36:48","guid":{"rendered":"https:\/\/nuevocindeca.quimica.unlp.edu.ar\/?page_id=1203"},"modified":"2021-10-12T12:40:54","modified_gmt":"2021-10-12T15:40:54","slug":"aplicacion-de-procesos-avanzados-de-oxidacion-basados-en-materiales-mesoporosos-nanoestructurados-para-aplicaciones-ambientales","status":"publish","type":"page","link":"https:\/\/cindeca.quimica.unlp.edu.ar\/index.php\/tratamiento-de-contaminantes\/aplicacion-de-procesos-avanzados-de-oxidacion-basados-en-materiales-mesoporosos-nanoestructurados-para-aplicaciones-ambientales\/","title":{"rendered":"Aplicaci\u00f3n de procesos avanzados de oxidaci\u00f3n basados en materiales mesoporosos nanoestructurados para aplicaciones ambientales"},"content":{"rendered":"\t\t<div data-elementor-type=\"wp-page\" data-elementor-id=\"1203\" class=\"elementor elementor-1203\">\n\t\t\t\t\t\t<section class=\"elementor-section elementor-top-section elementor-element elementor-element-165c1c99 elementor-section-boxed elementor-section-height-default elementor-section-height-default\" data-id=\"165c1c99\" data-element_type=\"section\">\n\t\t\t\t\t\t<div class=\"elementor-container elementor-column-gap-default\">\n\t\t\t\t\t<div class=\"elementor-column elementor-col-100 elementor-top-column elementor-element elementor-element-1089f11c\" data-id=\"1089f11c\" data-element_type=\"column\">\n\t\t\t<div class=\"elementor-widget-wrap elementor-element-populated\">\n\t\t\t\t\t\t<div class=\"elementor-element elementor-element-2db27d90 elementor-widget elementor-widget-text-editor\" data-id=\"2db27d90\" data-element_type=\"widget\" data-widget_type=\"text-editor.default\">\n\t\t\t\t<div class=\"elementor-widget-container\">\n\t\t\t\t\t\t\t<!-- wp:paragraph -->\n<p><span style=\"color: #000000;\">S\u00edntesis, caracterizaci\u00f3n y evaluaci\u00f3n catal\u00edtica de s\u00f3lidos mesoporosos nanoestructurados basados en materiales compuestos de bio-carb\u00f3n\/TiO2 modificado con polioxometalatos y oxihidr\u00f3xidos de hierro y materiales de TiO<sub>2<\/sub> modificados con \u00f3xido de grafeno, puntos cu\u00e1nticos de carbono y estructuras g-C<sub>3<\/sub>N<sub>4<\/sub> para la fotodegradaci\u00f3n de contaminantes de inter\u00e9s emergente y la reducci\u00f3n fotocatal\u00edtica de CO<sub>2<\/sub>. Por otro lado, se preparar\u00e1n pel\u00edculas polim\u00e9ricas y biopolim\u00e9ricas conteniendo estos materiales nanoestructurados para su aplicaci\u00f3n como superficies autolimpiantes y antmicrobianas fotoinducidas.<\/span><\/p>\n<!-- \/wp:paragraph -->\t\t\t\t\t\t<\/div>\n\t\t\t\t<\/div>\n\t\t\t\t\t<\/div>\n\t\t<\/div>\n\t\t\t\t\t<\/div>\n\t\t<\/section>\n\t\t\t\t<\/div>\n\t\t","protected":false},"excerpt":{"rendered":"<p>S\u00edntesis, caracterizaci\u00f3n y evaluaci\u00f3n catal\u00edtica de s\u00f3lidos mesoporosos nanoestructurados basados en materiales compuestos de bio-carb\u00f3n\/TiO2 modificado con polioxometalatos y oxihidr\u00f3xidos de hierro y materiales de TiO2 modificados con \u00f3xido de grafeno, puntos cu\u00e1nticos de carbono y estructuras g-C3N4 para la fotodegradaci\u00f3n de contaminantes de inter\u00e9s emergente y la reducci\u00f3n fotocatal\u00edtica de CO2. Por otro lado, &hellip; <\/p>\n<p class=\"link-more\"><a href=\"https:\/\/cindeca.quimica.unlp.edu.ar\/index.php\/tratamiento-de-contaminantes\/aplicacion-de-procesos-avanzados-de-oxidacion-basados-en-materiales-mesoporosos-nanoestructurados-para-aplicaciones-ambientales\/\" class=\"more-link\">Segu\u00ed leyendo<span class=\"screen-reader-text\"> &#8220;Aplicaci\u00f3n de procesos avanzados de oxidaci\u00f3n basados en materiales mesoporosos nanoestructurados para aplicaciones ambientales&#8221;<\/span><\/a><\/p>\n","protected":false},"author":8,"featured_media":0,"parent":952,"menu_order":0,"comment_status":"closed","ping_status":"closed","template":"","meta":{"footnotes":""},"_links":{"self":[{"href":"https:\/\/cindeca.quimica.unlp.edu.ar\/index.php\/wp-json\/wp\/v2\/pages\/1203"}],"collection":[{"href":"https:\/\/cindeca.quimica.unlp.edu.ar\/index.php\/wp-json\/wp\/v2\/pages"}],"about":[{"href":"https:\/\/cindeca.quimica.unlp.edu.ar\/index.php\/wp-json\/wp\/v2\/types\/page"}],"author":[{"embeddable":true,"href":"https:\/\/cindeca.quimica.unlp.edu.ar\/index.php\/wp-json\/wp\/v2\/users\/8"}],"replies":[{"embeddable":true,"href":"https:\/\/cindeca.quimica.unlp.edu.ar\/index.php\/wp-json\/wp\/v2\/comments?post=1203"}],"version-history":[{"count":4,"href":"https:\/\/cindeca.quimica.unlp.edu.ar\/index.php\/wp-json\/wp\/v2\/pages\/1203\/revisions"}],"predecessor-version":[{"id":2143,"href":"https:\/\/cindeca.quimica.unlp.edu.ar\/index.php\/wp-json\/wp\/v2\/pages\/1203\/revisions\/2143"}],"up":[{"embeddable":true,"href":"https:\/\/cindeca.quimica.unlp.edu.ar\/index.php\/wp-json\/wp\/v2\/pages\/952"}],"wp:attachment":[{"href":"https:\/\/cindeca.quimica.unlp.edu.ar\/index.php\/wp-json\/wp\/v2\/media?parent=1203"}],"curies":[{"name":"wp","href":"https:\/\/api.w.org\/{rel}","templated":true}]}}