{"id":1700,"date":"2021-09-30T12:12:38","date_gmt":"2021-09-30T15:12:38","guid":{"rendered":"https:\/\/nuevocindeca.quimica.unlp.edu.ar\/?page_id=1700"},"modified":"2023-05-11T12:08:25","modified_gmt":"2023-05-11T15:08:25","slug":"produccion-de-hidrogeno-desarrollo-de-catalizadores-y-procesos","status":"publish","type":"page","link":"https:\/\/cindeca.quimica.unlp.edu.ar\/index.php\/produccion-de-hidrogeno-desarrollo-de-catalizadores-y-procesos\/","title":{"rendered":"Producci\u00f3n de hidr\u00f3geno: desarrollo de catalizadores y procesos."},"content":{"rendered":"\t\t<div data-elementor-type=\"wp-page\" data-elementor-id=\"1700\" class=\"elementor elementor-1700\">\n\t\t\t\t\t\t<section class=\"elementor-section elementor-top-section elementor-element elementor-element-d865194 elementor-section-boxed elementor-section-height-default elementor-section-height-default\" data-id=\"d865194\" data-element_type=\"section\">\n\t\t\t\t\t\t<div class=\"elementor-container elementor-column-gap-default\">\n\t\t\t\t\t<div class=\"elementor-column elementor-col-100 elementor-top-column elementor-element elementor-element-1cfd301\" data-id=\"1cfd301\" data-element_type=\"column\">\n\t\t\t<div class=\"elementor-widget-wrap elementor-element-populated\">\n\t\t\t\t\t\t<div class=\"elementor-element elementor-element-46f1b50 elementor-widget elementor-widget-heading\" data-id=\"46f1b50\" data-element_type=\"widget\" data-widget_type=\"heading.default\">\n\t\t\t\t<div class=\"elementor-widget-container\">\n\t\t\t<h2 class=\"elementor-heading-title elementor-size-default\">Investigador responsable<\/h2>\t\t<\/div>\n\t\t\t\t<\/div>\n\t\t\t\t\t<\/div>\n\t\t<\/div>\n\t\t\t\t\t<\/div>\n\t\t<\/section>\n\t\t\t\t<section class=\"elementor-section elementor-top-section elementor-element elementor-element-f7f1df5 elementor-section-boxed elementor-section-height-default elementor-section-height-default\" data-id=\"f7f1df5\" data-element_type=\"section\">\n\t\t\t\t\t\t<div class=\"elementor-container elementor-column-gap-default\">\n\t\t\t\t\t<div class=\"elementor-column elementor-col-100 elementor-top-column elementor-element elementor-element-2c13e42\" data-id=\"2c13e42\" data-element_type=\"column\">\n\t\t\t<div class=\"elementor-widget-wrap elementor-element-populated\">\n\t\t\t\t\t\t<div class=\"elementor-element elementor-element-1a1e6ae elementor-widget elementor-widget-image\" data-id=\"1a1e6ae\" data-element_type=\"widget\" data-widget_type=\"image.default\">\n\t\t\t\t<div class=\"elementor-widget-container\">\n\t\t\t\t\t\t\t\t\t\t\t\t\t<img decoding=\"async\" width=\"115\" height=\"91\" src=\"https:\/\/cindeca.quimica.unlp.edu.ar\/wp-content\/uploads\/2021\/09\/Imagen1.png\" class=\"attachment-large size-large wp-image-1831\" alt=\"\" sizes=\"100vw\" \/>\t\t\t\t\t\t\t\t\t\t\t\t\t<\/div>\n\t\t\t\t<\/div>\n\t\t\t\t<div class=\"elementor-element elementor-element-4139874 elementor-align-center elementor-widget elementor-widget-button\" data-id=\"4139874\" data-element_type=\"widget\" data-widget_type=\"button.default\">\n\t\t\t\t<div class=\"elementor-widget-container\">\n\t\t\t\t\t<div class=\"elementor-button-wrapper\">\n\t\t\t<a class=\"elementor-button elementor-button-link elementor-size-lg\" href=\"https:\/\/www.conicet.gov.ar\/new_scp\/detalle.php?id=31963&#038;keywords=POMPEO%2BFrancisco&#038;datos_academicos=yes\">\n\t\t\t\t\t\t<span class=\"elementor-button-content-wrapper\">\n\t\t\t\t\t\t\t\t\t<span class=\"elementor-button-text\">Dr. Francisco Pompeo<\/span>\n\t\t\t\t\t<\/span>\n\t\t\t\t\t<\/a>\n\t\t<\/div>\n\t\t\t\t<\/div>\n\t\t\t\t<\/div>\n\t\t\t\t\t<\/div>\n\t\t<\/div>\n\t\t\t\t\t<\/div>\n\t\t<\/section>\n\t\t\t\t<section class=\"elementor-section elementor-top-section elementor-element elementor-element-e59596d elementor-section-boxed elementor-section-height-default elementor-section-height-default\" data-id=\"e59596d\" data-element_type=\"section\">\n\t\t\t\t\t\t<div class=\"elementor-container elementor-column-gap-default\">\n\t\t\t\t\t<div class=\"elementor-column elementor-col-100 elementor-top-column elementor-element elementor-element-0229271\" data-id=\"0229271\" data-element_type=\"column\">\n\t\t\t<div class=\"elementor-widget-wrap elementor-element-populated\">\n\t\t\t\t\t\t<div class=\"elementor-element elementor-element-b25e8ea elementor-widget elementor-widget-heading\" data-id=\"b25e8ea\" data-element_type=\"widget\" data-widget_type=\"heading.default\">\n\t\t\t\t<div class=\"elementor-widget-container\">\n\t\t\t<h2 class=\"elementor-heading-title elementor-size-default\">Integrantes<\/h2>\t\t<\/div>\n\t\t\t\t<\/div>\n\t\t\t\t\t<\/div>\n\t\t<\/div>\n\t\t\t\t\t<\/div>\n\t\t<\/section>\n\t\t\t\t<section class=\"elementor-section elementor-top-section elementor-element elementor-element-6bcd3a8 elementor-section-boxed elementor-section-height-default elementor-section-height-default\" data-id=\"6bcd3a8\" data-element_type=\"section\">\n\t\t\t\t\t\t<div class=\"elementor-container elementor-column-gap-default\">\n\t\t\t\t\t<div class=\"elementor-column elementor-col-25 elementor-top-column elementor-element elementor-element-e5d4a8b\" data-id=\"e5d4a8b\" data-element_type=\"column\">\n\t\t\t<div class=\"elementor-widget-wrap elementor-element-populated\">\n\t\t\t\t\t\t<div class=\"elementor-element elementor-element-1238819 elementor-widget elementor-widget-image\" data-id=\"1238819\" data-element_type=\"widget\" data-widget_type=\"image.default\">\n\t\t\t\t<div class=\"elementor-widget-container\">\n\t\t\t\t\t\t\t\t\t\t\t\t\t<img decoding=\"async\" width=\"100\" height=\"100\" src=\"https:\/\/cindeca.quimica.unlp.edu.ar\/wp-content\/uploads\/2021\/11\/Nicchio_buena_2021.jpg\" class=\"attachment-large size-large wp-image-2493\" alt=\"\" sizes=\"100vw\" \/>\t\t\t\t\t\t\t\t\t\t\t\t\t<\/div>\n\t\t\t\t<\/div>\n\t\t\t\t<div class=\"elementor-element elementor-element-9b12348 elementor-align-center elementor-widget elementor-widget-button\" data-id=\"9b12348\" data-element_type=\"widget\" data-widget_type=\"button.default\">\n\t\t\t\t<div class=\"elementor-widget-container\">\n\t\t\t\t\t<div class=\"elementor-button-wrapper\">\n\t\t\t<a class=\"elementor-button elementor-size-md\" role=\"button\">\n\t\t\t\t\t\t<span class=\"elementor-button-content-wrapper\">\n\t\t\t\t\t\t\t\t\t<span class=\"elementor-button-text\">Dra. Nora Nichio<\/span>\n\t\t\t\t\t<\/span>\n\t\t\t\t\t<\/a>\n\t\t<\/div>\n\t\t\t\t<\/div>\n\t\t\t\t<\/div>\n\t\t\t\t\t<\/div>\n\t\t<\/div>\n\t\t\t\t<div class=\"elementor-column elementor-col-25 elementor-top-column elementor-element elementor-element-0d30870\" data-id=\"0d30870\" data-element_type=\"column\">\n\t\t\t<div class=\"elementor-widget-wrap elementor-element-populated\">\n\t\t\t\t\t\t<div class=\"elementor-element elementor-element-9985691 elementor-widget elementor-widget-image\" data-id=\"9985691\" data-element_type=\"widget\" data-widget_type=\"image.default\">\n\t\t\t\t<div class=\"elementor-widget-container\">\n\t\t\t\t\t\t\t\t\t\t\t\t\t<img decoding=\"async\" width=\"115\" height=\"91\" src=\"https:\/\/cindeca.quimica.unlp.edu.ar\/wp-content\/uploads\/2021\/09\/Imagen1.png\" class=\"attachment-large size-large wp-image-1831\" alt=\"\" sizes=\"100vw\" \/>\t\t\t\t\t\t\t\t\t\t\t\t\t<\/div>\n\t\t\t\t<\/div>\n\t\t\t\t<div class=\"elementor-element elementor-element-951bd4b elementor-align-center elementor-widget elementor-widget-button\" data-id=\"951bd4b\" data-element_type=\"widget\" data-widget_type=\"button.default\">\n\t\t\t\t<div class=\"elementor-widget-container\">\n\t\t\t\t\t<div class=\"elementor-button-wrapper\">\n\t\t\t<a class=\"elementor-button elementor-button-link elementor-size-md\" href=\"#\">\n\t\t\t\t\t\t<span class=\"elementor-button-content-wrapper\">\n\t\t\t\t\t\t\t\t\t<span class=\"elementor-button-text\">Dr. Gerardo F. Santori<\/span>\n\t\t\t\t\t<\/span>\n\t\t\t\t\t<\/a>\n\t\t<\/div>\n\t\t\t\t<\/div>\n\t\t\t\t<\/div>\n\t\t\t\t\t<\/div>\n\t\t<\/div>\n\t\t\t\t<div class=\"elementor-column elementor-col-25 elementor-top-column elementor-element elementor-element-42bbe15\" data-id=\"42bbe15\" data-element_type=\"column\">\n\t\t\t<div class=\"elementor-widget-wrap elementor-element-populated\">\n\t\t\t\t\t\t<div class=\"elementor-element elementor-element-d5b594b elementor-widget elementor-widget-image\" data-id=\"d5b594b\" data-element_type=\"widget\" data-widget_type=\"image.default\">\n\t\t\t\t<div class=\"elementor-widget-container\">\n\t\t\t\t\t\t\t\t\t\t\t\t\t<img fetchpriority=\"high\" decoding=\"async\" width=\"525\" height=\"604\" src=\"https:\/\/cindeca.quimica.unlp.edu.ar\/wp-content\/uploads\/2023\/05\/florencia-e1683817687953.jpg\" class=\"attachment-large size-large wp-image-6643\" alt=\"\" srcset=\"https:\/\/cindeca.quimica.unlp.edu.ar\/wp-content\/uploads\/2023\/05\/florencia-e1683817687953.jpg 633w, https:\/\/cindeca.quimica.unlp.edu.ar\/wp-content\/uploads\/2023\/05\/florencia-e1683817687953-261x300.jpg 261w\" sizes=\"100vw\" \/>\t\t\t\t\t\t\t\t\t\t\t\t\t<\/div>\n\t\t\t\t<\/div>\n\t\t\t\t<div class=\"elementor-element elementor-element-fd78a5e elementor-align-center elementor-widget elementor-widget-button\" data-id=\"fd78a5e\" data-element_type=\"widget\" data-widget_type=\"button.default\">\n\t\t\t\t<div class=\"elementor-widget-container\">\n\t\t\t\t\t<div class=\"elementor-button-wrapper\">\n\t\t\t<a class=\"elementor-button elementor-button-link elementor-size-md\" href=\"#\">\n\t\t\t\t\t\t<span class=\"elementor-button-content-wrapper\">\n\t\t\t\t\t\t\t\t\t<span class=\"elementor-button-text\">Ing. Florencia Volpe Giangiordano <\/span>\n\t\t\t\t\t<\/span>\n\t\t\t\t\t<\/a>\n\t\t<\/div>\n\t\t\t\t<\/div>\n\t\t\t\t<\/div>\n\t\t\t\t\t<\/div>\n\t\t<\/div>\n\t\t\t\t<div class=\"elementor-column elementor-col-25 elementor-top-column elementor-element elementor-element-2ed074c\" data-id=\"2ed074c\" data-element_type=\"column\">\n\t\t\t<div class=\"elementor-widget-wrap elementor-element-populated\">\n\t\t\t\t\t\t<div class=\"elementor-element elementor-element-1664deb elementor-widget elementor-widget-image\" data-id=\"1664deb\" data-element_type=\"widget\" data-widget_type=\"image.default\">\n\t\t\t\t<div class=\"elementor-widget-container\">\n\t\t\t\t\t\t\t\t\t\t\t\t\t<img loading=\"lazy\" decoding=\"async\" width=\"324\" height=\"328\" src=\"https:\/\/cindeca.quimica.unlp.edu.ar\/wp-content\/uploads\/2023\/05\/Juliana-LvdH.jpg\" class=\"attachment-large size-large wp-image-6620\" alt=\"\" srcset=\"https:\/\/cindeca.quimica.unlp.edu.ar\/wp-content\/uploads\/2023\/05\/Juliana-LvdH.jpg 324w, https:\/\/cindeca.quimica.unlp.edu.ar\/wp-content\/uploads\/2023\/05\/Juliana-LvdH-296x300.jpg 296w, https:\/\/cindeca.quimica.unlp.edu.ar\/wp-content\/uploads\/2023\/05\/Juliana-LvdH-100x100.jpg 100w\" sizes=\"100vw\" \/>\t\t\t\t\t\t\t\t\t\t\t\t\t<\/div>\n\t\t\t\t<\/div>\n\t\t\t\t<div class=\"elementor-element elementor-element-d509457 elementor-align-center elementor-widget elementor-widget-button\" data-id=\"d509457\" data-element_type=\"widget\" data-widget_type=\"button.default\">\n\t\t\t\t<div class=\"elementor-widget-container\">\n\t\t\t\t\t<div class=\"elementor-button-wrapper\">\n\t\t\t<a class=\"elementor-button elementor-button-link elementor-size-md\" href=\"#\">\n\t\t\t\t\t\t<span class=\"elementor-button-content-wrapper\">\n\t\t\t\t\t\t\t\t\t<span class=\"elementor-button-text\">Ing. Juliana Lopez van der Horst<\/span>\n\t\t\t\t\t<\/span>\n\t\t\t\t\t<\/a>\n\t\t<\/div>\n\t\t\t\t<\/div>\n\t\t\t\t<\/div>\n\t\t\t\t\t<\/div>\n\t\t<\/div>\n\t\t\t\t\t<\/div>\n\t\t<\/section>\n\t\t\t\t<section class=\"elementor-section elementor-top-section elementor-element elementor-element-119a35a elementor-section-boxed elementor-section-height-default elementor-section-height-default\" data-id=\"119a35a\" data-element_type=\"section\">\n\t\t\t\t\t\t<div class=\"elementor-container elementor-column-gap-default\">\n\t\t\t\t\t<div class=\"elementor-column elementor-col-100 elementor-top-column elementor-element elementor-element-f66f0fe\" data-id=\"f66f0fe\" data-element_type=\"column\">\n\t\t\t<div class=\"elementor-widget-wrap elementor-element-populated\">\n\t\t\t\t\t\t<div class=\"elementor-element elementor-element-6c4af11 elementor-widget elementor-widget-text-editor\" data-id=\"6c4af11\" data-element_type=\"widget\" data-widget_type=\"text-editor.default\">\n\t\t\t\t<div class=\"elementor-widget-container\">\n\t\t\t\t\t\t\t<p><span style=\"color: #000000;\">El trabajo de esta l\u00ednea est\u00e1 orientado al desarrollo de procesos catal\u00edticos que permitan obtener de forma sustentable hidr\u00f3geno y\/o gas de s\u00edntesis.<\/span><\/p><p><span style=\"color: #000000;\">Dentro de esta esta l\u00ednea se pueden mencionar:<\/span><\/p><p><span style=\"color: #000000; font-family: var( --e-global-typography-text-font-family ), Sans-serif; font-weight: var( --e-global-typography-text-font-weight ); font-size: 1rem;\">a) La s\u00edntesis, caracterizaci\u00f3n y evaluaci\u00f3n catal\u00edtica de materiales para ser utilizados como catalizadores an\u00f3dicos en celdas de combustible de \u00f3xido s\u00f3lido de temperatura intermedia (IT-SOFC) empleando diferentes tipos de combustibles.<\/span><\/p><p><span style=\"color: #000000; font-family: var( --e-global-typography-text-font-family ), Sans-serif; font-weight: var( --e-global-typography-text-font-weight ); font-size: 1rem;\">b)\u00a0 La s\u00edntesis, caracterizaci\u00f3n y evaluaci\u00f3n catal\u00edtica de materiales para ser implementados procesos CLR (chemical-looping reforming). Estos procesos tienen la ventaja principal de no requerir el uso de ox\u00edgeno puro, evitando as\u00ed el requisito de separaci\u00f3n de aire.<\/span><\/p>\t\t\t\t\t\t<\/div>\n\t\t\t\t<\/div>\n\t\t\t\t\t<\/div>\n\t\t<\/div>\n\t\t\t\t\t<\/div>\n\t\t<\/section>\n\t\t\t\t<section class=\"elementor-section elementor-top-section elementor-element elementor-element-74e0f7b elementor-section-boxed elementor-section-height-default elementor-section-height-default\" data-id=\"74e0f7b\" data-element_type=\"section\">\n\t\t\t\t\t\t<div class=\"elementor-container elementor-column-gap-default\">\n\t\t\t\t\t<div class=\"elementor-column elementor-col-100 elementor-top-column elementor-element elementor-element-323ee1c\" data-id=\"323ee1c\" data-element_type=\"column\">\n\t\t\t<div class=\"elementor-widget-wrap elementor-element-populated\">\n\t\t\t\t\t\t<div class=\"elementor-element elementor-element-7ba3fe7 elementor-widget elementor-widget-text-editor\" data-id=\"7ba3fe7\" data-element_type=\"widget\" data-widget_type=\"text-editor.default\">\n\t\t\t\t<div class=\"elementor-widget-container\">\n\t\t\t\t\t\t\t<h2><span style=\"color: #005f61;\"><b>Publicaciones<\/b><\/span><\/h2><p><span style=\"color: #000000;\">\u201cHydrogen production from ethylene glycol reforming catalyzed by Ni and Ni-Pt hydrotalcite-derived catalysts\u201d.<\/span><span style=\"color: #000000;\">Deborah V. Cesar, Gerardo Santori, Francisco Pompeo, Maria A. Baldanza, Cristiane A. Henriques, Eduardo Lombardo, Martin Schmal, Laura Cornaglia, Nora Nichio. International Journal of Hydrogen Energy 41 (2016) 22000-22008.<\/span><\/p><p><span style=\"color: #000000;\">\u201cHydrogen production from ethylene glycol reforming catalyzed by Ni and Ni-Pt hydrotalcite-derived catalysts\u201d.<\/span><span style=\"color: #000000;\">Deborah V. Cesar, Gerardo Santori, Francisco Pompeo, Maria A. Baldanza, Cristiane A. Henriques, Eduardo Lombardo, Martin Schmal, Laura Cornaglia, Nora Nichio. International Journal of Hydrogen Energy 41 (2016) 22000-22008.<\/span><\/p><p><span style=\"color: #000000;\">\u201cHydrogen from glycerol steam reforming with a platinum catalyst supported on a SiO<sub>2<\/sub>-C composite\u201d. Ivana Buffoni, Mart\u00edn N. Gatti, Gerardo F. Santori, Francisco Pompeo and Nora N. Nichio. International Journal of Hydrogen Energy, 42, 18, (2017), 12967-12977.<\/span><\/p><p><span style=\"color: #000000;\">\u201cIn-situ Ni exsolution from NiTiO<sub>3<\/sub> as potential anode for solid oxide fuel cells\u201d. Toscani Lucia, Florencia Volpe Giangiordano, Nora Nichio, Francisco Pompeo, Susana Larrondo. International Journal of Hydrogen Energy, 45, 43, (2020), 23433-23443.<\/span><\/p>\t\t\t\t\t\t<\/div>\n\t\t\t\t<\/div>\n\t\t\t\t\t<\/div>\n\t\t<\/div>\n\t\t\t\t\t<\/div>\n\t\t<\/section>\n\t\t\t\t<section class=\"elementor-section elementor-top-section elementor-element elementor-element-b305e93 elementor-section-boxed elementor-section-height-default elementor-section-height-default\" data-id=\"b305e93\" data-element_type=\"section\">\n\t\t\t\t\t\t<div class=\"elementor-container elementor-column-gap-default\">\n\t\t\t\t\t<div class=\"elementor-column elementor-col-100 elementor-top-column elementor-element elementor-element-69cb54f\" data-id=\"69cb54f\" data-element_type=\"column\">\n\t\t\t<div class=\"elementor-widget-wrap elementor-element-populated\">\n\t\t\t\t\t\t<div class=\"elementor-element elementor-element-31b9ffd elementor-widget elementor-widget-text-editor\" data-id=\"31b9ffd\" data-element_type=\"widget\" data-widget_type=\"text-editor.default\">\n\t\t\t\t<div class=\"elementor-widget-container\">\n\t\t\t\t\t\t\t<h2><span style=\"color: #005f61;\"><b>Tesis en Desarrollo\u00a0<\/b><\/span><\/h2><p><span style=\"color: #000000;\">Ing. Florencia Volpe Giangiordano. Doctorado en Ingenier\u00eda, Facultad de Ingenier\u00eda,<\/span> <span style=\"color: #000000;\">Universidad Nacional de La Plata. \u201cDesarrollo de catalizadores an\u00f3dicos para celdas de combustible de \u00f3xido s\u00f3lido de temperatura intermedia\u201d.<\/span><\/p><p><span style=\"color: #000000;\">Ing. Juliana Lopez van der Horst.\u00a0 Doctorado en Ingenier\u00eda, Facultad de Ingenier\u00eda, Universidad Nacional de La Plata. \u201cProducci\u00f3n de hidrogeno por procesos CLR empleando solidos transportadores de ox\u00edgeno\u201d.<\/span><\/p>\t\t\t\t\t\t<\/div>\n\t\t\t\t<\/div>\n\t\t\t\t\t<\/div>\n\t\t<\/div>\n\t\t\t\t\t<\/div>\n\t\t<\/section>\n\t\t\t\t<\/div>\n\t\t","protected":false},"excerpt":{"rendered":"<p>Investigador responsable Dr. Francisco Pompeo Integrantes Dra. Nora Nichio Dr. Gerardo F. Santori Ing. Florencia Volpe Giangiordano Ing. Juliana Lopez van der Horst El trabajo de esta l\u00ednea est\u00e1 orientado al desarrollo de procesos catal\u00edticos que permitan obtener de forma sustentable hidr\u00f3geno y\/o gas de s\u00edntesis. Dentro de esta esta l\u00ednea se pueden mencionar: a) &hellip; <\/p>\n<p class=\"link-more\"><a href=\"https:\/\/cindeca.quimica.unlp.edu.ar\/index.php\/produccion-de-hidrogeno-desarrollo-de-catalizadores-y-procesos\/\" class=\"more-link\">Segu\u00ed leyendo<span class=\"screen-reader-text\"> &#8220;Producci\u00f3n de hidr\u00f3geno: desarrollo de catalizadores y procesos.&#8221;<\/span><\/a><\/p>\n","protected":false},"author":8,"featured_media":0,"parent":0,"menu_order":0,"comment_status":"closed","ping_status":"closed","template":"","meta":{"footnotes":""},"_links":{"self":[{"href":"https:\/\/cindeca.quimica.unlp.edu.ar\/index.php\/wp-json\/wp\/v2\/pages\/1700"}],"collection":[{"href":"https:\/\/cindeca.quimica.unlp.edu.ar\/index.php\/wp-json\/wp\/v2\/pages"}],"about":[{"href":"https:\/\/cindeca.quimica.unlp.edu.ar\/index.php\/wp-json\/wp\/v2\/types\/page"}],"author":[{"embeddable":true,"href":"https:\/\/cindeca.quimica.unlp.edu.ar\/index.php\/wp-json\/wp\/v2\/users\/8"}],"replies":[{"embeddable":true,"href":"https:\/\/cindeca.quimica.unlp.edu.ar\/index.php\/wp-json\/wp\/v2\/comments?post=1700"}],"version-history":[{"count":26,"href":"https:\/\/cindeca.quimica.unlp.edu.ar\/index.php\/wp-json\/wp\/v2\/pages\/1700\/revisions"}],"predecessor-version":[{"id":6646,"href":"https:\/\/cindeca.quimica.unlp.edu.ar\/index.php\/wp-json\/wp\/v2\/pages\/1700\/revisions\/6646"}],"wp:attachment":[{"href":"https:\/\/cindeca.quimica.unlp.edu.ar\/index.php\/wp-json\/wp\/v2\/media?parent=1700"}],"curies":[{"name":"wp","href":"https:\/\/api.w.org\/{rel}","templated":true}]}}