{"id":1731,"date":"2021-09-30T12:01:56","date_gmt":"2021-09-30T15:01:56","guid":{"rendered":"https:\/\/nuevocindeca.quimica.unlp.edu.ar\/?page_id=1731"},"modified":"2021-12-23T16:10:55","modified_gmt":"2021-12-23T19:10:55","slug":"analisis-de-superficie-especifica-y-determinacion-de-la-distribucion-y-tamano-de-poro","status":"publish","type":"page","link":"https:\/\/cindeca.quimica.unlp.edu.ar\/index.php\/analisis-de-superficie-especifica-y-determinacion-de-la-distribucion-y-tamano-de-poro\/","title":{"rendered":"An\u00e1lisis de superficie espec\u00edfica y determinaci\u00f3n de la distribuci\u00f3n y tama\u00f1o de poro"},"content":{"rendered":"\t\t<div data-elementor-type=\"wp-page\" data-elementor-id=\"1731\" class=\"elementor elementor-1731\">\n\t\t\t\t\t\t<section class=\"elementor-section elementor-top-section elementor-element elementor-element-5741886 elementor-section-boxed elementor-section-height-default elementor-section-height-default\" data-id=\"5741886\" data-element_type=\"section\">\n\t\t\t\t\t\t<div class=\"elementor-container elementor-column-gap-default\">\n\t\t\t\t\t<div class=\"elementor-column elementor-col-100 elementor-top-column elementor-element elementor-element-814552f\" data-id=\"814552f\" data-element_type=\"column\">\n\t\t\t<div class=\"elementor-widget-wrap elementor-element-populated\">\n\t\t\t\t\t\t<div class=\"elementor-element elementor-element-b7d8ce4 elementor-widget elementor-widget-text-editor\" data-id=\"b7d8ce4\" data-element_type=\"widget\" data-widget_type=\"text-editor.default\">\n\t\t\t\t<div class=\"elementor-widget-container\">\n\t\t\t\t\t\t\t<p><span style=\"color: #000000;\"><strong>ST 408 \u2013 ST 409<\/strong><\/span><\/p><p><span style=\"color: #000000;\">El m\u00e9todo de Brunauer-Emmett-Teller (<strong>BET<\/strong>) se basa en la adsorci\u00f3n f\u00edsica de un gas inerte sobre un s\u00f3lido para la determinaci\u00f3n de la superficie a baja temperatura. Nuestro centro cuenta con el equipamiento y software necesarios para la determinaci\u00f3n de la superficie espec\u00edfica y la distribuci\u00f3n de poros y las caracter\u00edsticas de \u00e9stos en materiales s\u00f3lidos.<\/span><\/p><p><span style=\"color: #000000;\"><strong>Equipamiento:<\/strong><\/span><\/p><ul><li><span style=\"color: #000000;\">Sort\u00f3metro (Marca: Micromeritics, modelo: ASAP 2020)<\/span><\/li><\/ul><p><span style=\"color: #000000;\"><strong>Ventajas:<\/strong><\/span><\/p><ul><li><span style=\"color: #000000;\">T\u00e9cnica no destructiva<\/span><\/li><li><span style=\"color: #000000;\">Informaci\u00f3n de esencial para el estudio del comportamiento de fen\u00f3menos de superficie<\/span><\/li><li><span style=\"color: #000000;\">Posibilidad de aplicar diferentes modelos te\u00f3ricos a la distribuci\u00f3n de poros.<\/span><\/li><\/ul><p><span style=\"color: #000000;\"><strong>Aplicaci\u00f3n<\/strong>:<\/span><\/p><p><span style=\"color: #000000;\">El m\u00e9todo se aplica a todo tipo de material s\u00f3lido y seco en forma de pellet, gr\u00e1nulo o polvo:<\/span><\/p><ul><li><span style=\"color: #000000;\">Pol\u00edmeros<\/span><\/li><li><span style=\"color: #000000;\">Muestras org\u00e1nicas<\/span><\/li><li><span style=\"color: #000000;\">Muestras s\u00f3lidas termosensibles (desgasificaci\u00f3n a temperatura ambiente)<\/span><\/li><li><span style=\"color: #000000;\">Materiales: zeolitas, arcillas, etc.<\/span><\/li><li><span style=\"color: #000000;\">Catalizadores<\/span><\/li><\/ul><div><strong><span style=\"color: #000000;\">Contacto:<\/span><\/strong><br \/><span style=\"color: #000000;\">servicioscindeca@quimica.unlp.edu.ar<\/span><\/div><p><a href=\"https:\/\/nuevocindeca.quimica.unlp.edu.ar\/wp-content\/uploads\/2021\/12\/OT-BET-2020.docx\"><span style=\"color: #000000;\">planilla pedido de servicio<\/span><\/a><\/p>\t\t\t\t\t\t<\/div>\n\t\t\t\t<\/div>\n\t\t\t\t\t<\/div>\n\t\t<\/div>\n\t\t\t\t\t<\/div>\n\t\t<\/section>\n\t\t\t\t<\/div>\n\t\t","protected":false},"excerpt":{"rendered":"<p>ST 408 \u2013 ST 409 El m\u00e9todo de Brunauer-Emmett-Teller (BET) se basa en la adsorci\u00f3n f\u00edsica de un gas inerte sobre un s\u00f3lido para la determinaci\u00f3n de la superficie a baja temperatura. Nuestro centro cuenta con el equipamiento y software necesarios para la determinaci\u00f3n de la superficie espec\u00edfica y la distribuci\u00f3n de poros y las &hellip; <\/p>\n<p class=\"link-more\"><a href=\"https:\/\/cindeca.quimica.unlp.edu.ar\/index.php\/analisis-de-superficie-especifica-y-determinacion-de-la-distribucion-y-tamano-de-poro\/\" class=\"more-link\">Segu\u00ed leyendo<span class=\"screen-reader-text\"> &#8220;An\u00e1lisis de superficie espec\u00edfica y determinaci\u00f3n de la distribuci\u00f3n y tama\u00f1o de poro&#8221;<\/span><\/a><\/p>\n","protected":false},"author":8,"featured_media":0,"parent":0,"menu_order":0,"comment_status":"closed","ping_status":"closed","template":"","meta":{"footnotes":""},"_links":{"self":[{"href":"https:\/\/cindeca.quimica.unlp.edu.ar\/index.php\/wp-json\/wp\/v2\/pages\/1731"}],"collection":[{"href":"https:\/\/cindeca.quimica.unlp.edu.ar\/index.php\/wp-json\/wp\/v2\/pages"}],"about":[{"href":"https:\/\/cindeca.quimica.unlp.edu.ar\/index.php\/wp-json\/wp\/v2\/types\/page"}],"author":[{"embeddable":true,"href":"https:\/\/cindeca.quimica.unlp.edu.ar\/index.php\/wp-json\/wp\/v2\/users\/8"}],"replies":[{"embeddable":true,"href":"https:\/\/cindeca.quimica.unlp.edu.ar\/index.php\/wp-json\/wp\/v2\/comments?post=1731"}],"version-history":[{"count":37,"href":"https:\/\/cindeca.quimica.unlp.edu.ar\/index.php\/wp-json\/wp\/v2\/pages\/1731\/revisions"}],"predecessor-version":[{"id":4597,"href":"https:\/\/cindeca.quimica.unlp.edu.ar\/index.php\/wp-json\/wp\/v2\/pages\/1731\/revisions\/4597"}],"wp:attachment":[{"href":"https:\/\/cindeca.quimica.unlp.edu.ar\/index.php\/wp-json\/wp\/v2\/media?parent=1731"}],"curies":[{"name":"wp","href":"https:\/\/api.w.org\/{rel}","templated":true}]}}