{"id":1755,"date":"2021-09-30T12:08:29","date_gmt":"2021-09-30T15:08:29","guid":{"rendered":"https:\/\/nuevocindeca.quimica.unlp.edu.ar\/?page_id=1755"},"modified":"2021-12-06T13:18:28","modified_gmt":"2021-12-06T16:18:28","slug":"analisis-de-carbon-vegetal","status":"publish","type":"page","link":"https:\/\/cindeca.quimica.unlp.edu.ar\/index.php\/analisis-de-carbon-vegetal\/","title":{"rendered":"An\u00e1lisis de carb\u00f3n vegetal"},"content":{"rendered":"\t\t<div data-elementor-type=\"wp-page\" data-elementor-id=\"1755\" class=\"elementor elementor-1755\">\n\t\t\t\t\t\t<section class=\"elementor-section elementor-top-section elementor-element elementor-element-a93d0f4 elementor-section-boxed elementor-section-height-default elementor-section-height-default\" data-id=\"a93d0f4\" data-element_type=\"section\">\n\t\t\t\t\t\t<div class=\"elementor-container elementor-column-gap-default\">\n\t\t\t\t\t<div class=\"elementor-column elementor-col-100 elementor-top-column elementor-element elementor-element-f091fb8\" data-id=\"f091fb8\" data-element_type=\"column\">\n\t\t\t<div class=\"elementor-widget-wrap elementor-element-populated\">\n\t\t\t\t\t\t<div class=\"elementor-element elementor-element-fcfed94 elementor-widget elementor-widget-text-editor\" data-id=\"fcfed94\" data-element_type=\"widget\" data-widget_type=\"text-editor.default\">\n\t\t\t\t<div class=\"elementor-widget-container\">\n\t\t\t\t\t\t\t<p><span style=\"color: #000000;\"><strong>ST 5389<\/strong><\/span><\/p><p><span style=\"color: #000000;\">\u00a0El servicio ofrece la determinaci\u00f3n de diferentes par\u00e1metros \u00fatiles para la industria del carb\u00f3n vegetal:<\/span><\/p><ul><li><span style=\"color: #000000;\">Densidad a granel<\/span><\/li><li><span style=\"color: #000000;\">% de humedad<\/span><\/li><li><span style=\"color: #000000;\">% de vol\u00e1tiles<\/span><\/li><li><span style=\"color: #000000;\">% de cenizas<\/span><\/li><li><span style=\"color: #000000;\">% de solidos fijos<\/span><\/li><li><span style=\"color: #000000;\">C\u00e1lculo del poder calor\u00edfico superior<\/span><\/li><\/ul><p><span style=\"color: #000000;\"><strong>Equipamiento:<\/strong><\/span><\/p><ul><li><span style=\"color: #000000;\">Estufa de secado (Marca: Arcano, modelo: DZF 6020)<\/span><\/li><li><span style=\"color: #000000;\">Mufla (Marca: O.R.L. Hornos electr\u00f3nicos S.A., modelo: ORL II)<\/span><\/li><\/ul><p><span style=\"color: #000000;\"><strong>Ventajas:<\/strong><strong>\u00a0<\/strong><\/span><\/p><ul><li><span style=\"color: #000000;\">Determinar el perfil caracter\u00edstico de las muestras de carb\u00f3n para su clasificaci\u00f3n y as\u00ed determinar su nivel de calidad.<\/span><\/li><\/ul><p><span style=\"color: #000000;\"><strong>Aplicaci\u00f3n<\/strong>:<\/span><\/p><ul><li><span style=\"color: #000000;\">Carb\u00f3n vegetal<\/span><\/li><\/ul>\t\t\t\t\t\t<\/div>\n\t\t\t\t<\/div>\n\t\t\t\t\t<\/div>\n\t\t<\/div>\n\t\t\t\t\t<\/div>\n\t\t<\/section>\n\t\t\t\t<\/div>\n\t\t","protected":false},"excerpt":{"rendered":"<p>ST 5389 \u00a0El servicio ofrece la determinaci\u00f3n de diferentes par\u00e1metros \u00fatiles para la industria del carb\u00f3n vegetal: Densidad a granel % de humedad % de vol\u00e1tiles % de cenizas % de solidos fijos C\u00e1lculo del poder calor\u00edfico superior Equipamiento: Estufa de secado (Marca: Arcano, modelo: DZF 6020) Mufla (Marca: O.R.L. Hornos electr\u00f3nicos S.A., modelo: ORL &hellip; <\/p>\n<p class=\"link-more\"><a href=\"https:\/\/cindeca.quimica.unlp.edu.ar\/index.php\/analisis-de-carbon-vegetal\/\" class=\"more-link\">Segu\u00ed leyendo<span class=\"screen-reader-text\"> &#8220;An\u00e1lisis de carb\u00f3n vegetal&#8221;<\/span><\/a><\/p>\n","protected":false},"author":8,"featured_media":0,"parent":0,"menu_order":0,"comment_status":"closed","ping_status":"closed","template":"","meta":{"footnotes":""},"_links":{"self":[{"href":"https:\/\/cindeca.quimica.unlp.edu.ar\/index.php\/wp-json\/wp\/v2\/pages\/1755"}],"collection":[{"href":"https:\/\/cindeca.quimica.unlp.edu.ar\/index.php\/wp-json\/wp\/v2\/pages"}],"about":[{"href":"https:\/\/cindeca.quimica.unlp.edu.ar\/index.php\/wp-json\/wp\/v2\/types\/page"}],"author":[{"embeddable":true,"href":"https:\/\/cindeca.quimica.unlp.edu.ar\/index.php\/wp-json\/wp\/v2\/users\/8"}],"replies":[{"embeddable":true,"href":"https:\/\/cindeca.quimica.unlp.edu.ar\/index.php\/wp-json\/wp\/v2\/comments?post=1755"}],"version-history":[{"count":7,"href":"https:\/\/cindeca.quimica.unlp.edu.ar\/index.php\/wp-json\/wp\/v2\/pages\/1755\/revisions"}],"predecessor-version":[{"id":3272,"href":"https:\/\/cindeca.quimica.unlp.edu.ar\/index.php\/wp-json\/wp\/v2\/pages\/1755\/revisions\/3272"}],"wp:attachment":[{"href":"https:\/\/cindeca.quimica.unlp.edu.ar\/index.php\/wp-json\/wp\/v2\/media?parent=1755"}],"curies":[{"name":"wp","href":"https:\/\/api.w.org\/{rel}","templated":true}]}}