{"id":1795,"date":"2021-09-30T12:48:00","date_gmt":"2021-09-30T15:48:00","guid":{"rendered":"https:\/\/nuevocindeca.quimica.unlp.edu.ar\/?page_id=1795"},"modified":"2022-04-11T14:23:38","modified_gmt":"2022-04-11T17:23:38","slug":"sintesis-de-biodiesel-de-segunda-generacion-por-catalisis-acida-y-enzimatica","status":"publish","type":"page","link":"https:\/\/cindeca.quimica.unlp.edu.ar\/index.php\/sintesis-de-biodiesel-de-segunda-generacion-por-catalisis-acida-y-enzimatica\/","title":{"rendered":"S\u00edntesis de biodiesel de segunda generaci\u00f3n por cat\u00e1lisis \u00e1cida y enzim\u00e1tica"},"content":{"rendered":"\t\t<div data-elementor-type=\"wp-page\" data-elementor-id=\"1795\" class=\"elementor elementor-1795\">\n\t\t\t\t\t\t<section class=\"elementor-section elementor-top-section elementor-element elementor-element-6e8e290 elementor-section-boxed elementor-section-height-default elementor-section-height-default\" data-id=\"6e8e290\" data-element_type=\"section\">\n\t\t\t\t\t\t<div class=\"elementor-container elementor-column-gap-default\">\n\t\t\t\t\t<div class=\"elementor-column elementor-col-100 elementor-top-column elementor-element elementor-element-9a9e95f\" data-id=\"9a9e95f\" data-element_type=\"column\">\n\t\t\t<div class=\"elementor-widget-wrap elementor-element-populated\">\n\t\t\t\t\t\t<div class=\"elementor-element elementor-element-e5d14e2 elementor-widget elementor-widget-heading\" data-id=\"e5d14e2\" data-element_type=\"widget\" data-widget_type=\"heading.default\">\n\t\t\t\t<div class=\"elementor-widget-container\">\n\t\t\t<h2 class=\"elementor-heading-title elementor-size-default\">Investigadora responsable<\/h2>\t\t<\/div>\n\t\t\t\t<\/div>\n\t\t\t\t\t<\/div>\n\t\t<\/div>\n\t\t\t\t\t<\/div>\n\t\t<\/section>\n\t\t\t\t<section class=\"elementor-section elementor-top-section elementor-element elementor-element-1754b4d elementor-section-boxed elementor-section-height-default elementor-section-height-default\" data-id=\"1754b4d\" data-element_type=\"section\">\n\t\t\t\t\t\t<div class=\"elementor-container elementor-column-gap-default\">\n\t\t\t\t\t<div class=\"elementor-column elementor-col-100 elementor-top-column elementor-element elementor-element-9f2d609\" data-id=\"9f2d609\" data-element_type=\"column\">\n\t\t\t<div class=\"elementor-widget-wrap elementor-element-populated\">\n\t\t\t\t\t\t<div class=\"elementor-element elementor-element-3d3aaaf elementor-widget elementor-widget-image\" data-id=\"3d3aaaf\" data-element_type=\"widget\" data-widget_type=\"image.default\">\n\t\t\t\t<div class=\"elementor-widget-container\">\n\t\t\t\t\t\t\t\t\t\t\t\t\t<img decoding=\"async\" width=\"198\" height=\"236\" src=\"https:\/\/cindeca.quimica.unlp.edu.ar\/wp-content\/uploads\/2021\/11\/Briand_buena_2021.jpg\" class=\"attachment-large size-large wp-image-2495\" alt=\"\" sizes=\"100vw\" \/>\t\t\t\t\t\t\t\t\t\t\t\t\t<\/div>\n\t\t\t\t<\/div>\n\t\t\t\t<div class=\"elementor-element elementor-element-dfe3550 elementor-align-center elementor-widget elementor-widget-button\" data-id=\"dfe3550\" data-element_type=\"widget\" data-widget_type=\"button.default\">\n\t\t\t\t<div class=\"elementor-widget-container\">\n\t\t\t\t\t<div class=\"elementor-button-wrapper\">\n\t\t\t<a class=\"elementor-button elementor-button-link elementor-size-lg\" href=\"https:\/\/www.conicet.gov.ar\/new_scp\/detalle.php?id=21258&#038;datos_academicos=yes\">\n\t\t\t\t\t\t<span class=\"elementor-button-content-wrapper\">\n\t\t\t\t\t\t\t\t\t<span class=\"elementor-button-text\">Prof. Dra. Laura E. Briand<\/span>\n\t\t\t\t\t<\/span>\n\t\t\t\t\t<\/a>\n\t\t<\/div>\n\t\t\t\t<\/div>\n\t\t\t\t<\/div>\n\t\t\t\t\t<\/div>\n\t\t<\/div>\n\t\t\t\t\t<\/div>\n\t\t<\/section>\n\t\t\t\t<section class=\"elementor-section elementor-top-section elementor-element elementor-element-b5efa16 elementor-section-boxed elementor-section-height-default elementor-section-height-default\" data-id=\"b5efa16\" data-element_type=\"section\">\n\t\t\t\t\t\t<div class=\"elementor-container elementor-column-gap-default\">\n\t\t\t\t\t<div class=\"elementor-column elementor-col-100 elementor-top-column elementor-element elementor-element-a0a8172\" data-id=\"a0a8172\" data-element_type=\"column\">\n\t\t\t<div class=\"elementor-widget-wrap elementor-element-populated\">\n\t\t\t\t\t\t<div class=\"elementor-element elementor-element-db67399 elementor-widget elementor-widget-heading\" data-id=\"db67399\" data-element_type=\"widget\" data-widget_type=\"heading.default\">\n\t\t\t\t<div class=\"elementor-widget-container\">\n\t\t\t<h2 class=\"elementor-heading-title elementor-size-default\">Integrantes<\/h2>\t\t<\/div>\n\t\t\t\t<\/div>\n\t\t\t\t\t<\/div>\n\t\t<\/div>\n\t\t\t\t\t<\/div>\n\t\t<\/section>\n\t\t\t\t<section class=\"elementor-section elementor-top-section elementor-element elementor-element-79198b2 elementor-section-boxed elementor-section-height-default elementor-section-height-default\" data-id=\"79198b2\" data-element_type=\"section\">\n\t\t\t\t\t\t<div class=\"elementor-container elementor-column-gap-default\">\n\t\t\t\t\t<div class=\"elementor-column elementor-col-50 elementor-top-column elementor-element elementor-element-b6a3dcb\" data-id=\"b6a3dcb\" data-element_type=\"column\">\n\t\t\t<div class=\"elementor-widget-wrap elementor-element-populated\">\n\t\t\t\t\t\t<div class=\"elementor-element elementor-element-50d5cb8 elementor-widget elementor-widget-image\" data-id=\"50d5cb8\" data-element_type=\"widget\" data-widget_type=\"image.default\">\n\t\t\t\t<div class=\"elementor-widget-container\">\n\t\t\t\t\t\t\t\t\t\t\t\t\t<img decoding=\"async\" width=\"210\" height=\"236\" src=\"https:\/\/cindeca.quimica.unlp.edu.ar\/wp-content\/uploads\/2021\/11\/Matkovic_buena_2021-1.jpg\" class=\"attachment-large size-large wp-image-2488\" alt=\"\" sizes=\"100vw\" \/>\t\t\t\t\t\t\t\t\t\t\t\t\t<\/div>\n\t\t\t\t<\/div>\n\t\t\t\t<div class=\"elementor-element elementor-element-7bfc715 elementor-align-center elementor-widget elementor-widget-button\" data-id=\"7bfc715\" data-element_type=\"widget\" data-widget_type=\"button.default\">\n\t\t\t\t<div class=\"elementor-widget-container\">\n\t\t\t\t\t<div class=\"elementor-button-wrapper\">\n\t\t\t<a class=\"elementor-button elementor-button-link elementor-size-md\" href=\"https:\/\/www.conicet.gov.ar\/new_scp\/detalle.php?id=29517&#038;datos_academicos=yes\">\n\t\t\t\t\t\t<span class=\"elementor-button-content-wrapper\">\n\t\t\t\t\t\t\t\t\t<span class=\"elementor-button-text\">Dra. Silvana R. Matkovic<\/span>\n\t\t\t\t\t<\/span>\n\t\t\t\t\t<\/a>\n\t\t<\/div>\n\t\t\t\t<\/div>\n\t\t\t\t<\/div>\n\t\t\t\t\t<\/div>\n\t\t<\/div>\n\t\t\t\t<div class=\"elementor-column elementor-col-50 elementor-top-column elementor-element elementor-element-27887dd\" data-id=\"27887dd\" data-element_type=\"column\">\n\t\t\t<div class=\"elementor-widget-wrap elementor-element-populated\">\n\t\t\t\t\t\t<div class=\"elementor-element elementor-element-f339e10 elementor-widget elementor-widget-image\" data-id=\"f339e10\" data-element_type=\"widget\" data-widget_type=\"image.default\">\n\t\t\t\t<div class=\"elementor-widget-container\">\n\t\t\t\t\t\t\t\t\t\t\t\t\t<img decoding=\"async\" width=\"176\" height=\"236\" src=\"https:\/\/cindeca.quimica.unlp.edu.ar\/wp-content\/uploads\/2021\/11\/Mateos_buena_2021-1.jpg\" class=\"attachment-large size-large wp-image-2487\" alt=\"\" sizes=\"100vw\" \/>\t\t\t\t\t\t\t\t\t\t\t\t\t<\/div>\n\t\t\t\t<\/div>\n\t\t\t\t<div class=\"elementor-element elementor-element-90cdbfb elementor-align-center elementor-widget elementor-widget-button\" data-id=\"90cdbfb\" data-element_type=\"widget\" data-widget_type=\"button.default\">\n\t\t\t\t<div class=\"elementor-widget-container\">\n\t\t\t\t\t<div class=\"elementor-button-wrapper\">\n\t\t\t<a class=\"elementor-button elementor-button-link elementor-size-md\" href=\"https:\/\/www.conicet.gov.ar\/new_scp\/detalle.php?id=61860&#038;datos_academicos=yes\">\n\t\t\t\t\t\t<span class=\"elementor-button-content-wrapper\">\n\t\t\t\t\t\t\t\t\t<span class=\"elementor-button-text\">Lic. Paula S. Mateos<\/span>\n\t\t\t\t\t<\/span>\n\t\t\t\t\t<\/a>\n\t\t<\/div>\n\t\t\t\t<\/div>\n\t\t\t\t<\/div>\n\t\t\t\t\t<\/div>\n\t\t<\/div>\n\t\t\t\t\t<\/div>\n\t\t<\/section>\n\t\t\t\t<section class=\"elementor-section elementor-top-section elementor-element elementor-element-a3b0f70 elementor-section-boxed elementor-section-height-default elementor-section-height-default\" data-id=\"a3b0f70\" data-element_type=\"section\">\n\t\t\t\t\t\t<div class=\"elementor-container elementor-column-gap-default\">\n\t\t\t\t\t<div class=\"elementor-column elementor-col-100 elementor-top-column elementor-element elementor-element-74a8554\" data-id=\"74a8554\" data-element_type=\"column\">\n\t\t\t<div class=\"elementor-widget-wrap elementor-element-populated\">\n\t\t\t\t\t\t<div class=\"elementor-element elementor-element-fdfb565 elementor-widget elementor-widget-text-editor\" data-id=\"fdfb565\" data-element_type=\"widget\" data-widget_type=\"text-editor.default\">\n\t\t\t\t<div class=\"elementor-widget-container\">\n\t\t\t\t\t\t\t<p><span style=\"color: #000000;\">Se investigan materiales s\u00f3lidos heteropoli-\u00e1cidos y enzim\u00e1ticos como catalizadores en la generaci\u00f3n de biodiesel a partir de aceite comestible usado. Espec\u00edficamente, entre los materiales de naturaleza inorg\u00e1nica se investiga la actividad catal\u00edtica del heteropoli-\u00e1cido fosfot\u00fangstico de Wells-Dawson HPA m\u00e1sico y disperso sobre \u00f3xidos de metales de transici\u00f3n. Asimismo, se investiga la modulaci\u00f3n de los sitios \u00e1cidos de Lewis y Br\u00f8nsted de los heteropoli-\u00e1cidos para dise\u00f1ar materiales de acidez controlada. <\/span><\/p><p><span style=\"color: #000000;\">En el campo de la biocat\u00e1lisis, se investiga la hidr\u00f3lisis y transesterificaci\u00f3n de aceite vegetal de deshecho catalizada con lipasas de origen vegetal provenientes de <em>Carica Papaya<\/em> y del l\u00e1tex extra\u00eddo del fruto de <em>Araujia hortorum<\/em> y el biocatalizador comercial Eversa\u00aeTransform compuesto por la lipasa <em>Thermomyces lanuginosus.<\/em><\/span><\/p>\t\t\t\t\t\t<\/div>\n\t\t\t\t<\/div>\n\t\t\t\t\t<\/div>\n\t\t<\/div>\n\t\t\t\t\t<\/div>\n\t\t<\/section>\n\t\t\t\t<section class=\"elementor-section elementor-top-section elementor-element elementor-element-6ce2b18 elementor-section-boxed elementor-section-height-default elementor-section-height-default\" data-id=\"6ce2b18\" data-element_type=\"section\">\n\t\t\t\t\t\t<div class=\"elementor-container elementor-column-gap-default\">\n\t\t\t\t\t<div class=\"elementor-column elementor-col-100 elementor-top-column elementor-element elementor-element-792bf97\" data-id=\"792bf97\" data-element_type=\"column\">\n\t\t\t<div class=\"elementor-widget-wrap elementor-element-populated\">\n\t\t\t\t\t\t<div class=\"elementor-element elementor-element-df25299 elementor-widget elementor-widget-text-editor\" data-id=\"df25299\" data-element_type=\"widget\" data-widget_type=\"text-editor.default\">\n\t\t\t\t<div class=\"elementor-widget-container\">\n\t\t\t\t\t\t\t<h2><span style=\"color: #005f61;\"><b>Publicaciones<\/b><\/span><\/h2><p><span style=\"color: #000000;\">\u201cInsights in the biocatalyzed hydrolysis and esterification of waste cooking oil with a vegetable lipase\u201d Paula S. Mateos, Marisa B. Navas, Susana R. Morcelle, Claudia Ruscitti, Silvana R. Matkovic, Laura E. Briand. Catal. Today 372 (2021) 211-219.<\/span><\/p><p><span style=\"color: #000000;\">\u201cTailored Brz\u00f8nsted and Lewis surface acid sites of the phosphotungstic Wells-Dawson heteropoly-acid\u201d, S.R. Matkovic, M. Bosco, S.E. Collins, L.E. Briand, <em>Appl. Surf. Sci. <\/em>495 (2019) 143565.<\/span><\/p><p><span style=\"color: #000000;\">\u201cScreening of novel materials for biodiesel production through the esterification of oleic acid\u201d, S.R. Matkovic, J F. Nilsson, M.E. Fait, S.R. Morcelle, L.E. Briand, <em>Catal. Lett<\/em>. 146 (2016) 2341-2347.<\/span><\/p><p><span style=\"color: #000000;\">\u201cInvestigation of the molecular structure of phosphotungstic Wells-Dawson heteropolyacid supported on TiO<sub>2<\/sub>\u201d, S.R. Matkovic, S.E. Collins, A.L. Bonivardi, M.A. Ba\u00f1ares, L.E. Briand, <em>J. Phys. <\/em><em>Chem. C<\/em>. 17 (2015) 8097-8105.<\/span><\/p><p><span style=\"color: #000000;\">\u201cMolecular Structure and thermal stability of oxide-supported phosphotungstic Wells-Dawson heteropolyacid\u201d, S.R. Markovic, S.E. Collins, A. Bonivardi, M.A. Ba\u00f1ares, L.E. Briand, <em>Phys. <\/em><em>Chem. Chem. Phys<\/em>. 17 (2015) 8097-8105.<\/span><\/p>\t\t\t\t\t\t<\/div>\n\t\t\t\t<\/div>\n\t\t\t\t\t<\/div>\n\t\t<\/div>\n\t\t\t\t\t<\/div>\n\t\t<\/section>\n\t\t\t\t<section class=\"elementor-section elementor-top-section elementor-element elementor-element-13d0cd9 elementor-section-boxed elementor-section-height-default elementor-section-height-default\" data-id=\"13d0cd9\" data-element_type=\"section\">\n\t\t\t\t\t\t<div class=\"elementor-container elementor-column-gap-default\">\n\t\t\t\t\t<div class=\"elementor-column elementor-col-100 elementor-top-column elementor-element elementor-element-e645287\" data-id=\"e645287\" data-element_type=\"column\">\n\t\t\t<div class=\"elementor-widget-wrap elementor-element-populated\">\n\t\t\t\t\t\t<div class=\"elementor-element elementor-element-0834b81 elementor-arrows-position-inside elementor-pagination-position-outside elementor-widget elementor-widget-image-carousel\" data-id=\"0834b81\" data-element_type=\"widget\" data-settings=\"{&quot;slides_to_show&quot;:&quot;1&quot;,&quot;navigation&quot;:&quot;both&quot;,&quot;autoplay&quot;:&quot;yes&quot;,&quot;pause_on_hover&quot;:&quot;yes&quot;,&quot;pause_on_interaction&quot;:&quot;yes&quot;,&quot;autoplay_speed&quot;:5000,&quot;infinite&quot;:&quot;yes&quot;,&quot;effect&quot;:&quot;slide&quot;,&quot;speed&quot;:500}\" data-widget_type=\"image-carousel.default\">\n\t\t\t\t<div class=\"elementor-widget-container\">\n\t\t\t\t\t<div class=\"elementor-image-carousel-wrapper swiper\" dir=\"ltr\">\n\t\t\t<div class=\"elementor-image-carousel swiper-wrapper\" aria-live=\"off\">\n\t\t\t\t\t\t\t\t<div class=\"swiper-slide\" role=\"group\" aria-roledescription=\"slide\" aria-label=\"1 of 1\"><figure class=\"swiper-slide-inner\"><img decoding=\"async\" class=\"swiper-slide-image\" src=\"https:\/\/cindeca.quimica.unlp.edu.ar\/wp-content\/uploads\/2022\/04\/MG_9834-stefi-300x200.jpg\" alt=\"XXII Congreso Argentino de Cat\u00e1lisis, Marzo 2022\" \/><figcaption class=\"elementor-image-carousel-caption\">XXII Congreso Argentino de Cat\u00e1lisis, Marzo 2022<\/figcaption><\/figure><\/div>\t\t\t<\/div>\n\t\t\t\t\t<\/div>\n\t\t\t\t<\/div>\n\t\t\t\t<\/div>\n\t\t\t\t<div class=\"elementor-element elementor-element-b57ecc8 elementor-widget elementor-widget-text-editor\" data-id=\"b57ecc8\" data-element_type=\"widget\" data-widget_type=\"text-editor.default\">\n\t\t\t\t<div class=\"elementor-widget-container\">\n\t\t\t\t\t\t\t<h2><span style=\"color: #005f61;\"><b>Tesis en Desarrollo\u00a0<\/b><\/span><\/h2><p><span style=\"color: #000000;\"><strong>\u00a0<\/strong><\/span><span style=\"color: #000000; font-family: var( --e-global-typography-text-font-family ), Sans-serif; font-weight: var( --e-global-typography-text-font-weight ); font-size: 1rem;\">Lic. Paula S. Mateos en el tema: \u201cInvestigaci\u00f3n de la Esterificaci\u00f3n y Trans-esterificaci\u00f3n Catal\u00edtica de Aceite Comestible de Desecho tendiente a la Generaci\u00f3n de Biodiesel\u201d<\/span><\/p>\t\t\t\t\t\t<\/div>\n\t\t\t\t<\/div>\n\t\t\t\t\t<\/div>\n\t\t<\/div>\n\t\t\t\t\t<\/div>\n\t\t<\/section>\n\t\t\t\t<\/div>\n\t\t","protected":false},"excerpt":{"rendered":"<p>Investigadora responsable Prof. Dra. Laura E. Briand Integrantes Dra. Silvana R. Matkovic Lic. Paula S. Mateos Se investigan materiales s\u00f3lidos heteropoli-\u00e1cidos y enzim\u00e1ticos como catalizadores en la generaci\u00f3n de biodiesel a partir de aceite comestible usado. Espec\u00edficamente, entre los materiales de naturaleza inorg\u00e1nica se investiga la actividad catal\u00edtica del heteropoli-\u00e1cido fosfot\u00fangstico de Wells-Dawson HPA m\u00e1sico &hellip; <\/p>\n<p class=\"link-more\"><a href=\"https:\/\/cindeca.quimica.unlp.edu.ar\/index.php\/sintesis-de-biodiesel-de-segunda-generacion-por-catalisis-acida-y-enzimatica\/\" class=\"more-link\">Segu\u00ed leyendo<span class=\"screen-reader-text\"> &#8220;S\u00edntesis de biodiesel de segunda generaci\u00f3n por cat\u00e1lisis \u00e1cida y enzim\u00e1tica&#8221;<\/span><\/a><\/p>\n","protected":false},"author":8,"featured_media":0,"parent":0,"menu_order":0,"comment_status":"closed","ping_status":"closed","template":"","meta":{"footnotes":""},"_links":{"self":[{"href":"https:\/\/cindeca.quimica.unlp.edu.ar\/index.php\/wp-json\/wp\/v2\/pages\/1795"}],"collection":[{"href":"https:\/\/cindeca.quimica.unlp.edu.ar\/index.php\/wp-json\/wp\/v2\/pages"}],"about":[{"href":"https:\/\/cindeca.quimica.unlp.edu.ar\/index.php\/wp-json\/wp\/v2\/types\/page"}],"author":[{"embeddable":true,"href":"https:\/\/cindeca.quimica.unlp.edu.ar\/index.php\/wp-json\/wp\/v2\/users\/8"}],"replies":[{"embeddable":true,"href":"https:\/\/cindeca.quimica.unlp.edu.ar\/index.php\/wp-json\/wp\/v2\/comments?post=1795"}],"version-history":[{"count":28,"href":"https:\/\/cindeca.quimica.unlp.edu.ar\/index.php\/wp-json\/wp\/v2\/pages\/1795\/revisions"}],"predecessor-version":[{"id":5485,"href":"https:\/\/cindeca.quimica.unlp.edu.ar\/index.php\/wp-json\/wp\/v2\/pages\/1795\/revisions\/5485"}],"wp:attachment":[{"href":"https:\/\/cindeca.quimica.unlp.edu.ar\/index.php\/wp-json\/wp\/v2\/media?parent=1795"}],"curies":[{"name":"wp","href":"https:\/\/api.w.org\/{rel}","templated":true}]}}