{"id":234,"date":"2019-11-22T10:53:29","date_gmt":"2019-11-22T13:53:29","guid":{"rendered":"https:\/\/nuevocindeca.quimica.unlp.edu.ar\/?page_id=234"},"modified":"2025-12-18T11:35:55","modified_gmt":"2025-12-18T14:35:55","slug":"nosotros","status":"publish","type":"page","link":"https:\/\/cindeca.quimica.unlp.edu.ar\/","title":{"rendered":""},"content":{"rendered":"\t\t<div data-elementor-type=\"wp-post\" data-elementor-id=\"234\" class=\"elementor elementor-234\">\n\t\t\t\t\t\t<section class=\"elementor-section elementor-top-section elementor-element elementor-element-540b755 elementor-section-boxed elementor-section-height-default elementor-section-height-default\" data-id=\"540b755\" data-element_type=\"section\">\n\t\t\t\t\t\t<div class=\"elementor-container elementor-column-gap-default\">\n\t\t\t\t\t<div class=\"elementor-column elementor-col-100 elementor-top-column elementor-element elementor-element-62e2233\" data-id=\"62e2233\" data-element_type=\"column\">\n\t\t\t<div class=\"elementor-widget-wrap elementor-element-populated\">\n\t\t\t\t\t\t<div class=\"elementor-element elementor-element-ab1a2b3 elementor-widget elementor-widget-image\" data-id=\"ab1a2b3\" data-element_type=\"widget\" data-widget_type=\"image.default\">\n\t\t\t\t<div class=\"elementor-widget-container\">\n\t\t\t\t\t\t\t\t\t\t\t\t\t<img fetchpriority=\"high\" decoding=\"async\" width=\"525\" height=\"101\" src=\"https:\/\/cindeca.quimica.unlp.edu.ar\/wp-content\/uploads\/2021\/12\/CINDECA.ai-2-e1642000187483-1024x197.jpg\" class=\"attachment-large size-large wp-image-3555\" alt=\"\" srcset=\"https:\/\/cindeca.quimica.unlp.edu.ar\/wp-content\/uploads\/2021\/12\/CINDECA.ai-2-e1642000187483-1024x197.jpg 1024w, https:\/\/cindeca.quimica.unlp.edu.ar\/wp-content\/uploads\/2021\/12\/CINDECA.ai-2-e1642000187483-300x58.jpg 300w, https:\/\/cindeca.quimica.unlp.edu.ar\/wp-content\/uploads\/2021\/12\/CINDECA.ai-2-e1642000187483-768x148.jpg 768w, https:\/\/cindeca.quimica.unlp.edu.ar\/wp-content\/uploads\/2021\/12\/CINDECA.ai-2-e1642000187483.jpg 1411w\" sizes=\"100vw\" \/>\t\t\t\t\t\t\t\t\t\t\t\t\t<\/div>\n\t\t\t\t<\/div>\n\t\t\t\t\t<\/div>\n\t\t<\/div>\n\t\t\t\t\t<\/div>\n\t\t<\/section>\n\t\t\t\t<section class=\"elementor-section elementor-top-section elementor-element elementor-element-c6f7e5e elementor-section-boxed elementor-section-height-default elementor-section-height-default\" data-id=\"c6f7e5e\" data-element_type=\"section\">\n\t\t\t\t\t\t<div class=\"elementor-container elementor-column-gap-default\">\n\t\t\t\t\t<div class=\"elementor-column elementor-col-50 elementor-top-column elementor-element elementor-element-312c5f6\" data-id=\"312c5f6\" data-element_type=\"column\">\n\t\t\t<div class=\"elementor-widget-wrap elementor-element-populated\">\n\t\t\t\t\t\t<div class=\"elementor-element elementor-element-7398c0a elementor-widget elementor-widget-image\" data-id=\"7398c0a\" data-element_type=\"widget\" data-widget_type=\"image.default\">\n\t\t\t\t<div class=\"elementor-widget-container\">\n\t\t\t\t\t\t\t\t\t\t\t\t\t\t<a href=\"https:\/\/revistas.unlp.edu.ar\/rearcat\/issue\/view\/1274\">\n\t\t\t\t\t\t\t<img decoding=\"async\" width=\"2041\" height=\"2048\" src=\"https:\/\/cindeca.quimica.unlp.edu.ar\/wp-content\/uploads\/2025\/12\/Revista-IG-2041x2048.png\" class=\"attachment-2048x2048 size-2048x2048 wp-image-8493\" alt=\"\" srcset=\"https:\/\/cindeca.quimica.unlp.edu.ar\/wp-content\/uploads\/2025\/12\/Revista-IG-2041x2048.png 2041w, https:\/\/cindeca.quimica.unlp.edu.ar\/wp-content\/uploads\/2025\/12\/Revista-IG-300x300.png 300w, https:\/\/cindeca.quimica.unlp.edu.ar\/wp-content\/uploads\/2025\/12\/Revista-IG-1020x1024.png 1020w, https:\/\/cindeca.quimica.unlp.edu.ar\/wp-content\/uploads\/2025\/12\/Revista-IG-150x150.png 150w, https:\/\/cindeca.quimica.unlp.edu.ar\/wp-content\/uploads\/2025\/12\/Revista-IG-768x771.png 768w, https:\/\/cindeca.quimica.unlp.edu.ar\/wp-content\/uploads\/2025\/12\/Revista-IG-1530x1536.png 1530w, https:\/\/cindeca.quimica.unlp.edu.ar\/wp-content\/uploads\/2025\/12\/Revista-IG-100x100.png 100w\" sizes=\"100vw\" \/>\t\t\t\t\t\t\t\t<\/a>\n\t\t\t\t\t\t\t\t\t\t\t\t\t<\/div>\n\t\t\t\t<\/div>\n\t\t\t\t\t<\/div>\n\t\t<\/div>\n\t\t\t\t<div class=\"elementor-column elementor-col-50 elementor-top-column elementor-element elementor-element-41209ab\" data-id=\"41209ab\" data-element_type=\"column\">\n\t\t\t<div class=\"elementor-widget-wrap elementor-element-populated\">\n\t\t\t\t\t\t<div class=\"elementor-element elementor-element-b658ae8 elementor-widget elementor-widget-text-editor\" data-id=\"b658ae8\" data-element_type=\"widget\" data-widget_type=\"text-editor.default\">\n\t\t\t\t<div class=\"elementor-widget-container\">\n\t\t\t\t\t\t\t<p><span style=\"color: #000000;\">Lanzamiento de la <em>Revista Argentina de Ciencias Aplicadas y Tecnolog\u00eda (<a style=\"color: #000000;\" href=\"https:\/\/revistas.unlp.edu.ar\/rearcat\/\">ReArCAT<\/a>, <\/em>e-ISSN: 3072-905X<em>)<\/em>.<\/span><\/p><p><span style=\"color: #000000; font-size: 1rem;\">El Centro de Investigaciones y Desarrollo en Ciencias Aplicadas (CINDECA) se complace en anunciar el lanzamiento de su nueva revista cient\u00edfica, creada en el marco de las VIII Jornadas en Ciencia Aplicadas Dr. Jorge J. Ronco.<\/span><\/p><p><span style=\"color: #000000;\">La revista del CINDECA est\u00e1 disponible desde el 17 de diciembre de 2025.<\/span><\/p><p>\u00a0<\/p>\t\t\t\t\t\t<\/div>\n\t\t\t\t<\/div>\n\t\t\t\t\t<\/div>\n\t\t<\/div>\n\t\t\t\t\t<\/div>\n\t\t<\/section>\n\t\t\t\t<section class=\"elementor-section elementor-top-section elementor-element elementor-element-913ed9a elementor-section-boxed elementor-section-height-default elementor-section-height-default\" data-id=\"913ed9a\" data-element_type=\"section\">\n\t\t\t\t\t\t<div class=\"elementor-container elementor-column-gap-default\">\n\t\t\t\t\t<div class=\"elementor-column elementor-col-100 elementor-top-column elementor-element elementor-element-4ffd60e\" data-id=\"4ffd60e\" data-element_type=\"column\">\n\t\t\t<div class=\"elementor-widget-wrap elementor-element-populated\">\n\t\t\t\t\t\t<div class=\"elementor-element elementor-element-825063c elementor-widget elementor-widget-text-editor\" data-id=\"825063c\" data-element_type=\"widget\" data-widget_type=\"text-editor.default\">\n\t\t\t\t<div class=\"elementor-widget-container\">\n\t\t\t\t\t\t\t<p><span style=\"color: #000000; font-size: 1rem;\">La <\/span><em style=\"color: #000000; font-size: 1rem;\">Revista Argentina de Ciencias Aplicadas y Tecnolog\u00eda (ReArCAT)<\/em><span style=\"color: #000000; font-size: 1rem;\">\u00a0publica art\u00edculos de investigaci\u00f3n y revisiones, in\u00e9ditos, de calidad e impacto. Tambi\u00e9n brinda la oportunidad de publicar n\u00fameros especiales sobre t\u00f3picos seleccionados por el equipo editorial, y de art\u00edculos seleccionados y revisados por pares de reuniones cient\u00edficas, talleres, conferencias y congresos sobre temas relacionados a la ciencia y tecnolog\u00eda qu\u00edmica.<\/span><\/p><p><span style=\"color: #000000;\">Brinda un espacio para la publicaci\u00f3n de investigaciones relacionadas con la ciencia y la tecnolog\u00eda qu\u00edmica, tanto en el \u00e1mbito nacional como internacional. Las tem\u00e1ticas abordadas por la ReArCat son: desarrollos en qu\u00edmica fina, org\u00e1nica y verde; biorrefiner\u00eda y aprovechamiento de biomasa, procesos y reactores catal\u00edticos; eliminaci\u00f3n de contaminantes; s\u00edntesis, desarrollo y caracterizaci\u00f3n de materiales; biocat\u00e1lisis y biotransformaciones; energ\u00edas alternativas; investigaciones que combinen qu\u00edmica-biotecnolog\u00eda-biocat\u00e1lisis; vinculaci\u00f3n y transferencia tecnol\u00f3gicas.<\/span><\/p><p><span style=\"color: #000000;\">El equipo editorial est\u00e1 formado por las Dras. Laura E. Briand y M\u00f3nica L. Casella, como Editoras Responsables. Por su parte, el Consejo Cient\u00edfico est\u00e1 integrado por investigadores del CINDECA y de otros Centros de investigaci\u00f3n y Universidades de Argentina y Colombia. Tambi\u00e9n conforman este equipo un Comit\u00e9 invitado que fueron parte de la organizaci\u00f3n de las Jornadas.<\/span><\/p><p><span style=\"color: #000000;\">La asistencia editorial est\u00e1 a cargo de la Coordinaci\u00f3n General de Revistas Cient\u00edficas de la UNLP.\u00a0<\/span><span style=\"color: #000000; font-size: 1rem;\">La revista est\u00e1 arbitrada, es de publicaci\u00f3n electr\u00f3nica y frecuencia continua, adem\u00e1s est\u00e1 indizada en BINPAR &#8211; Bibliograf\u00eda Nacional de Publicaciones Peri\u00f3dicas Argentinas Registradas.<\/span><\/p><p><span style=\"color: #000000;\">Invitamos a todos los interesados a explorar este nuevo recurso, que estar\u00e1 disponible en formato digital para facilitar el acceso y promover un intercambio m\u00e1s amplio y din\u00e1mico de ideas.\u00a0<\/span><\/p><p><a href=\"https:\/\/revistas.unlp.edu.ar\/rearcat\/issue\/view\/1274\"><span style=\"color: #000000;\">Link a\u00a0 ReArCAT<\/span><\/a><\/p>\t\t\t\t\t\t<\/div>\n\t\t\t\t<\/div>\n\t\t\t\t\t<\/div>\n\t\t<\/div>\n\t\t\t\t\t<\/div>\n\t\t<\/section>\n\t\t\t\t<section class=\"elementor-section elementor-top-section elementor-element elementor-element-7a4c442 elementor-section-boxed elementor-section-height-default elementor-section-height-default\" data-id=\"7a4c442\" data-element_type=\"section\">\n\t\t\t\t\t\t<div class=\"elementor-container elementor-column-gap-default\">\n\t\t\t\t\t<div class=\"elementor-column elementor-col-100 elementor-top-column elementor-element elementor-element-6767860\" data-id=\"6767860\" data-element_type=\"column\">\n\t\t\t<div class=\"elementor-widget-wrap elementor-element-populated\">\n\t\t\t\t\t\t<div class=\"elementor-element elementor-element-d595ec8 elementor-arrows-position-inside elementor-pagination-position-outside elementor-widget elementor-widget-image-carousel\" data-id=\"d595ec8\" data-element_type=\"widget\" data-settings=\"{&quot;slides_to_show&quot;:&quot;1&quot;,&quot;navigation&quot;:&quot;both&quot;,&quot;autoplay&quot;:&quot;yes&quot;,&quot;pause_on_hover&quot;:&quot;yes&quot;,&quot;pause_on_interaction&quot;:&quot;yes&quot;,&quot;autoplay_speed&quot;:5000,&quot;infinite&quot;:&quot;yes&quot;,&quot;effect&quot;:&quot;slide&quot;,&quot;speed&quot;:500}\" data-widget_type=\"image-carousel.default\">\n\t\t\t\t<div class=\"elementor-widget-container\">\n\t\t\t\t\t<div class=\"elementor-image-carousel-wrapper swiper\" dir=\"ltr\">\n\t\t\t<div class=\"elementor-image-carousel swiper-wrapper swiper-image-stretch\" aria-live=\"off\">\n\t\t\t\t\t\t\t\t<div class=\"swiper-slide\" role=\"group\" aria-roledescription=\"slide\" aria-label=\"1 of 7\"><figure class=\"swiper-slide-inner\"><img decoding=\"async\" class=\"swiper-slide-image\" src=\"https:\/\/cindeca.quimica.unlp.edu.ar\/wp-content\/uploads\/2021\/12\/Cindeca_32-1024x683.jpg\" alt=\"Edificio Central\" \/><figcaption class=\"elementor-image-carousel-caption\">Edificio Central<\/figcaption><\/figure><\/div><div class=\"swiper-slide\" role=\"group\" aria-roledescription=\"slide\" aria-label=\"2 of 7\"><figure class=\"swiper-slide-inner\"><img decoding=\"async\" class=\"swiper-slide-image\" src=\"https:\/\/cindeca.quimica.unlp.edu.ar\/wp-content\/uploads\/2021\/12\/Cindeca_52-1024x683.jpg\" alt=\"Cindeca_52\" \/><\/figure><\/div><div class=\"swiper-slide\" role=\"group\" aria-roledescription=\"slide\" aria-label=\"3 of 7\"><figure class=\"swiper-slide-inner\"><img decoding=\"async\" class=\"swiper-slide-image\" src=\"https:\/\/cindeca.quimica.unlp.edu.ar\/wp-content\/uploads\/2021\/12\/Cindeca_12-1024x683.jpg\" alt=\"Cindeca_12\" \/><\/figure><\/div><div class=\"swiper-slide\" role=\"group\" aria-roledescription=\"slide\" aria-label=\"4 of 7\"><figure class=\"swiper-slide-inner\"><img decoding=\"async\" class=\"swiper-slide-image\" src=\"https:\/\/cindeca.quimica.unlp.edu.ar\/wp-content\/uploads\/2021\/12\/Cindeca_22-1024x683.jpg\" alt=\"Cindeca_22\" \/><\/figure><\/div><div class=\"swiper-slide\" role=\"group\" aria-roledescription=\"slide\" aria-label=\"5 of 7\"><figure class=\"swiper-slide-inner\"><img decoding=\"async\" class=\"swiper-slide-image\" src=\"https:\/\/cindeca.quimica.unlp.edu.ar\/wp-content\/uploads\/2020\/01\/DSC_2772.jpg\" alt=\"Edificio Ingenier\u00eda\" \/><figcaption class=\"elementor-image-carousel-caption\">Edificio Ingenier\u00eda<\/figcaption><\/figure><\/div><div class=\"swiper-slide\" role=\"group\" aria-roledescription=\"slide\" aria-label=\"6 of 7\"><figure class=\"swiper-slide-inner\"><img decoding=\"async\" class=\"swiper-slide-image\" src=\"https:\/\/cindeca.quimica.unlp.edu.ar\/wp-content\/uploads\/2022\/04\/DSC_0280-ing-1024x681.jpg\" alt=\"DSC_0280 ing\" \/><\/figure><\/div><div class=\"swiper-slide\" role=\"group\" aria-roledescription=\"slide\" aria-label=\"7 of 7\"><figure class=\"swiper-slide-inner\"><img decoding=\"async\" class=\"swiper-slide-image\" src=\"https:\/\/cindeca.quimica.unlp.edu.ar\/wp-content\/uploads\/2022\/04\/DSC_0270-ing-1024x681.jpg\" alt=\"DSC_0270 ing\" \/><\/figure><\/div>\t\t\t<\/div>\n\t\t\t\t\t\t\t\t\t\t\t\t<div class=\"elementor-swiper-button elementor-swiper-button-prev\" role=\"button\" tabindex=\"0\">\n\t\t\t\t\t\t<i aria-hidden=\"true\" class=\"eicon-chevron-left\"><\/i>\t\t\t\t\t<\/div>\n\t\t\t\t\t<div class=\"elementor-swiper-button elementor-swiper-button-next\" role=\"button\" tabindex=\"0\">\n\t\t\t\t\t\t<i aria-hidden=\"true\" class=\"eicon-chevron-right\"><\/i>\t\t\t\t\t<\/div>\n\t\t\t\t\n\t\t\t\t\t\t\t\t\t<div class=\"swiper-pagination\"><\/div>\n\t\t\t\t\t\t\t\t\t<\/div>\n\t\t\t\t<\/div>\n\t\t\t\t<\/div>\n\t\t\t\t\t<\/div>\n\t\t<\/div>\n\t\t\t\t\t<\/div>\n\t\t<\/section>\n\t\t\t\t<section class=\"elementor-section elementor-top-section elementor-element elementor-element-7e9c898 elementor-section-boxed elementor-section-height-default elementor-section-height-default\" data-id=\"7e9c898\" data-element_type=\"section\">\n\t\t\t\t\t\t<div class=\"elementor-container elementor-column-gap-default\">\n\t\t\t\t\t<div class=\"elementor-column elementor-col-100 elementor-top-column elementor-element elementor-element-44388b7\" data-id=\"44388b7\" data-element_type=\"column\">\n\t\t\t<div class=\"elementor-widget-wrap elementor-element-populated\">\n\t\t\t\t\t\t<div class=\"elementor-element elementor-element-5ec03f3 elementor-widget elementor-widget-text-editor\" data-id=\"5ec03f3\" data-element_type=\"widget\" data-widget_type=\"text-editor.default\">\n\t\t\t\t<div class=\"elementor-widget-container\">\n\t\t\t\t\t\t\t<p style=\"text-align: center;\"><span style=\"color: #000000;\">El <strong>CINDECA<\/strong> es un Centro de Investigaci\u00f3n y Desarrollo en Ciencias Qu\u00edmicas e\u00a0 Ingenier\u00eda conformado por una comunidad de\u00a0 investigadores, becarios,\u00a0 becarias y personal de apoyo que aportan a la sociedad investigaciones y desarrollos en diferentes tem\u00e1ticas cient\u00edficas sustentables y amigables con el medio ambiente.<\/span><\/p>\t\t\t\t\t\t<\/div>\n\t\t\t\t<\/div>\n\t\t\t\t\t<\/div>\n\t\t<\/div>\n\t\t\t\t\t<\/div>\n\t\t<\/section>\n\t\t\t\t<section class=\"elementor-section elementor-top-section elementor-element elementor-element-e524bc3 elementor-section-boxed elementor-section-height-default elementor-section-height-default\" data-id=\"e524bc3\" data-element_type=\"section\">\n\t\t\t\t\t\t<div class=\"elementor-container elementor-column-gap-default\">\n\t\t\t\t\t<div class=\"elementor-column elementor-col-33 elementor-top-column elementor-element elementor-element-cad65e2\" data-id=\"cad65e2\" data-element_type=\"column\">\n\t\t\t<div class=\"elementor-widget-wrap elementor-element-populated\">\n\t\t\t\t\t\t<div class=\"elementor-element elementor-element-366401d elementor-widget elementor-widget-image\" data-id=\"366401d\" data-element_type=\"widget\" data-widget_type=\"image.default\">\n\t\t\t\t<div class=\"elementor-widget-container\">\n\t\t\t\t\t\t\t\t\t\t\t\t\t\t<a href=\"https:\/\/www.instagram.com\/cindeca_1\/\">\n\t\t\t\t\t\t\t<img decoding=\"async\" src=\"https:\/\/cindeca.quimica.unlp.edu.ar\/wp-content\/uploads\/elementor\/thumbs\/instagran-p96qddbhjcq4jlpifuoe04z1yveqf566vtgv03ju5w.jpg\" title=\"instagran\" alt=\"instagran\" loading=\"lazy\" \/>\t\t\t\t\t\t\t\t<\/a>\n\t\t\t\t\t\t\t\t\t\t\t\t\t<\/div>\n\t\t\t\t<\/div>\n\t\t\t\t\t<\/div>\n\t\t<\/div>\n\t\t\t\t<div class=\"elementor-column elementor-col-33 elementor-top-column elementor-element elementor-element-f1fdf72\" data-id=\"f1fdf72\" data-element_type=\"column\">\n\t\t\t<div class=\"elementor-widget-wrap elementor-element-populated\">\n\t\t\t\t\t\t<div class=\"elementor-element elementor-element-3e95e15 elementor-shape-rounded elementor-grid-0 e-grid-align-center elementor-widget elementor-widget-social-icons\" data-id=\"3e95e15\" data-element_type=\"widget\" data-widget_type=\"social-icons.default\">\n\t\t\t\t<div class=\"elementor-widget-container\">\n\t\t\t\t\t<div class=\"elementor-social-icons-wrapper elementor-grid\">\n\t\t\t\t\t\t\t<span class=\"elementor-grid-item\">\n\t\t\t\t\t<a class=\"elementor-icon elementor-social-icon elementor-social-icon-facebook elementor-repeater-item-61bf1c9\" href=\"https:\/\/www.facebook.com\/cindecaDCA\" target=\"_blank\">\n\t\t\t\t\t\t<span class=\"elementor-screen-only\">Facebook<\/span>\n\t\t\t\t\t\t<i class=\"fab fa-facebook\"><\/i>\t\t\t\t\t<\/a>\n\t\t\t\t<\/span>\n\t\t\t\t\t<\/div>\n\t\t\t\t<\/div>\n\t\t\t\t<\/div>\n\t\t\t\t\t<\/div>\n\t\t<\/div>\n\t\t\t\t<div class=\"elementor-column elementor-col-33 elementor-top-column elementor-element elementor-element-5502088\" data-id=\"5502088\" data-element_type=\"column\">\n\t\t\t<div class=\"elementor-widget-wrap elementor-element-populated\">\n\t\t\t\t\t\t<div class=\"elementor-element elementor-element-ea7b627 elementor-shape-rounded elementor-grid-0 e-grid-align-center elementor-widget elementor-widget-social-icons\" data-id=\"ea7b627\" data-element_type=\"widget\" data-widget_type=\"social-icons.default\">\n\t\t\t\t<div class=\"elementor-widget-container\">\n\t\t\t\t\t<div class=\"elementor-social-icons-wrapper elementor-grid\">\n\t\t\t\t\t\t\t<span class=\"elementor-grid-item\">\n\t\t\t\t\t<a class=\"elementor-icon elementor-social-icon elementor-social-icon-youtube elementor-repeater-item-574004e\" href=\"http:\/\/youtube.com\/channel\/UC-gqMFKMGd8J2pk98ynqexg\" target=\"_blank\">\n\t\t\t\t\t\t<span class=\"elementor-screen-only\">Youtube<\/span>\n\t\t\t\t\t\t<i class=\"fab fa-youtube\"><\/i>\t\t\t\t\t<\/a>\n\t\t\t\t<\/span>\n\t\t\t\t\t<\/div>\n\t\t\t\t<\/div>\n\t\t\t\t<\/div>\n\t\t\t\t\t<\/div>\n\t\t<\/div>\n\t\t\t\t\t<\/div>\n\t\t<\/section>\n\t\t\t\t<\/div>\n\t\t","protected":false},"excerpt":{"rendered":"<p>Lanzamiento de la Revista Argentina de Ciencias Aplicadas y Tecnolog\u00eda (ReArCAT, e-ISSN: 3072-905X). El Centro de Investigaciones y Desarrollo en Ciencias Aplicadas (CINDECA) se complace en anunciar el lanzamiento de su nueva revista cient\u00edfica, creada en el marco de las VIII Jornadas en Ciencia Aplicadas Dr. Jorge J. Ronco. La revista del CINDECA est\u00e1 disponible &hellip; <\/p>\n<p class=\"link-more\"><a href=\"https:\/\/cindeca.quimica.unlp.edu.ar\/\" class=\"more-link\">Segu\u00ed leyendo<span class=\"screen-reader-text\"> &#8220;&#8221;<\/span><\/a><\/p>\n","protected":false},"author":2,"featured_media":0,"parent":0,"menu_order":1,"comment_status":"closed","ping_status":"closed","template":"","meta":{"footnotes":""},"_links":{"self":[{"href":"https:\/\/cindeca.quimica.unlp.edu.ar\/index.php\/wp-json\/wp\/v2\/pages\/234"}],"collection":[{"href":"https:\/\/cindeca.quimica.unlp.edu.ar\/index.php\/wp-json\/wp\/v2\/pages"}],"about":[{"href":"https:\/\/cindeca.quimica.unlp.edu.ar\/index.php\/wp-json\/wp\/v2\/types\/page"}],"author":[{"embeddable":true,"href":"https:\/\/cindeca.quimica.unlp.edu.ar\/index.php\/wp-json\/wp\/v2\/users\/2"}],"replies":[{"embeddable":true,"href":"https:\/\/cindeca.quimica.unlp.edu.ar\/index.php\/wp-json\/wp\/v2\/comments?post=234"}],"version-history":[{"count":272,"href":"https:\/\/cindeca.quimica.unlp.edu.ar\/index.php\/wp-json\/wp\/v2\/pages\/234\/revisions"}],"predecessor-version":[{"id":8496,"href":"https:\/\/cindeca.quimica.unlp.edu.ar\/index.php\/wp-json\/wp\/v2\/pages\/234\/revisions\/8496"}],"wp:attachment":[{"href":"https:\/\/cindeca.quimica.unlp.edu.ar\/index.php\/wp-json\/wp\/v2\/media?parent=234"}],"curies":[{"name":"wp","href":"https:\/\/api.w.org\/{rel}","templated":true}]}}