{"id":316,"date":"2020-01-09T08:44:07","date_gmt":"2020-01-09T11:44:07","guid":{"rendered":"https:\/\/nuevocindeca.quimica.unlp.edu.ar\/?page_id=316"},"modified":"2021-12-02T17:12:50","modified_gmt":"2021-12-02T20:12:50","slug":"mision-y-funciones","status":"publish","type":"page","link":"https:\/\/cindeca.quimica.unlp.edu.ar\/index.php\/mision-y-funciones\/","title":{"rendered":""},"content":{"rendered":"\t\t<div data-elementor-type=\"wp-page\" data-elementor-id=\"316\" class=\"elementor elementor-316\">\n\t\t\t\t\t\t<section class=\"elementor-section elementor-top-section elementor-element elementor-element-59a54931 elementor-section-full_width elementor-section-height-default elementor-section-height-default\" data-id=\"59a54931\" data-element_type=\"section\">\n\t\t\t\t\t\t<div class=\"elementor-container elementor-column-gap-default\">\n\t\t\t\t\t<div class=\"elementor-column elementor-col-100 elementor-top-column elementor-element elementor-element-4542bc3d\" data-id=\"4542bc3d\" data-element_type=\"column\">\n\t\t\t<div class=\"elementor-widget-wrap elementor-element-populated\">\n\t\t\t\t\t\t<div class=\"elementor-element elementor-element-360834f5 elementor-widget elementor-widget-text-editor\" data-id=\"360834f5\" data-element_type=\"widget\" data-widget_type=\"text-editor.default\">\n\t\t\t\t<div class=\"elementor-widget-container\">\n\t\t\t\t\t\t\t<!-- wp:heading --><!-- \/wp:heading --><!-- wp:paragraph --><!-- \/wp:paragraph --><!-- wp:paragraph -->\n<p><span style=\"color: #333333;\">El CINDECA es un Centro de Investigaci\u00f3n que realiza investigaci\u00f3n b\u00e1sica y aplicada de excelencia, con desarrollos tecnol\u00f3gicos al servicio de la innovaci\u00f3n, la producci\u00f3n y el trabajo en armon\u00eda con el medio ambiente, forma recursos humanos de calidad en las \u00e1reas de Cat\u00e1lisis y Ciencias Aplicadas, para contribuir dar las respuestas que demanda el desarrollo socio-econ\u00f3mico de nuestro pa\u00eds, con la participaci\u00f3n de personal altamente calificado, el uso de tecnolog\u00edas de avanzada, la colaboraci\u00f3n con instituciones nacionales y extranjeras y la vinculaci\u00f3n con los diferentes sectores de la sociedad.<\/span><\/p>\n<p><span style=\"color: #333333;\"><!-- \/wp:paragraph --><!-- wp:heading {\"level\":1} --><!-- \/wp:heading --><!-- wp:paragraph --><\/span><\/p>\n<p><strong><span style=\"color: #333333;\">Objetivos:<\/span><\/strong><\/p>\n<p><span style=\"color: #333333;\"><!-- \/wp:paragraph --><!-- wp:list --><\/span><\/p>\n<ul>\n<li><span style=\"color: #333333;\">Ser una Instituci\u00f3n que aporte soluciones a la problem\u00e1tica regional y nacional, contribuyendo al desarrollo sustentable del pa\u00eds, con reconocimiento de la comunidad por sus aportes cient\u00edficos y tecnol\u00f3gicos en sus \u00e1reas de competencia.<\/span><\/li>\n<li><span style=\"color: #333333;\">Lograr que sus Recursos Humanos sean reconocidos a nivel nacional e internacional, siendo considerados por su calidad profesional y su esp\u00edritu de servicio al sector social, productivo, cient\u00edfico y tecnol\u00f3gico, as\u00ed como por su calidad acad\u00e9mica dentro de la vida universitaria.<\/span><\/li>\n<li><span style=\"color: #333333;\">Ser una instituci\u00f3n que participe en la toma de decisiones de pol\u00edtica cient\u00edfica y tecnol\u00f3gica a nivel regional, nacional e internacional y participe de manera din\u00e1mica en el desarrollo del pa\u00eds.<\/span><\/li>\n<li><span style=\"color: #333333;\">Lograr una infraestructura acorde con las exigencias de sus l\u00edneas de investigaci\u00f3n y vinculaci\u00f3n y operar en un contexto de calidad y seguridad que garantice la eficiencia de las diferentes tareas realizadas por el Centro.<\/span><\/li>\n<\/ul>\n<!-- \/wp:list --><!-- wp:paragraph -->\n<p>\u00a0<\/p>\n<!-- \/wp:paragraph --><!-- wp:paragraph {\"textColor\":\"green\",\"fontSize\":\"regular\"} -->\n<p class=\"has-green-color has-text-color has-regular-font-size\">\u00a0<\/p>\n<!-- \/wp:paragraph -->\t\t\t\t\t\t<\/div>\n\t\t\t\t<\/div>\n\t\t\t\t\t<\/div>\n\t\t<\/div>\n\t\t\t\t\t<\/div>\n\t\t<\/section>\n\t\t\t\t<section class=\"elementor-section elementor-top-section elementor-element elementor-element-3c31dca elementor-section-boxed elementor-section-height-default elementor-section-height-default\" data-id=\"3c31dca\" data-element_type=\"section\">\n\t\t\t\t\t\t<div class=\"elementor-container elementor-column-gap-default\">\n\t\t\t\t\t\t<\/div>\n\t\t<\/section>\n\t\t\t\t<\/div>\n\t\t","protected":false},"excerpt":{"rendered":"<p>El CINDECA es un Centro de Investigaci\u00f3n que realiza investigaci\u00f3n b\u00e1sica y aplicada de excelencia, con desarrollos tecnol\u00f3gicos al servicio de la innovaci\u00f3n, la producci\u00f3n y el trabajo en armon\u00eda con el medio ambiente, forma recursos humanos de calidad en las \u00e1reas de Cat\u00e1lisis y Ciencias Aplicadas, para contribuir dar las respuestas que demanda el &hellip; <\/p>\n<p class=\"link-more\"><a href=\"https:\/\/cindeca.quimica.unlp.edu.ar\/index.php\/mision-y-funciones\/\" class=\"more-link\">Segu\u00ed leyendo<span class=\"screen-reader-text\"> &#8220;&#8221;<\/span><\/a><\/p>\n","protected":false},"author":6,"featured_media":0,"parent":0,"menu_order":1,"comment_status":"closed","ping_status":"closed","template":"","meta":{"footnotes":""},"_links":{"self":[{"href":"https:\/\/cindeca.quimica.unlp.edu.ar\/index.php\/wp-json\/wp\/v2\/pages\/316"}],"collection":[{"href":"https:\/\/cindeca.quimica.unlp.edu.ar\/index.php\/wp-json\/wp\/v2\/pages"}],"about":[{"href":"https:\/\/cindeca.quimica.unlp.edu.ar\/index.php\/wp-json\/wp\/v2\/types\/page"}],"author":[{"embeddable":true,"href":"https:\/\/cindeca.quimica.unlp.edu.ar\/index.php\/wp-json\/wp\/v2\/users\/6"}],"replies":[{"embeddable":true,"href":"https:\/\/cindeca.quimica.unlp.edu.ar\/index.php\/wp-json\/wp\/v2\/comments?post=316"}],"version-history":[{"count":16,"href":"https:\/\/cindeca.quimica.unlp.edu.ar\/index.php\/wp-json\/wp\/v2\/pages\/316\/revisions"}],"predecessor-version":[{"id":3153,"href":"https:\/\/cindeca.quimica.unlp.edu.ar\/index.php\/wp-json\/wp\/v2\/pages\/316\/revisions\/3153"}],"wp:attachment":[{"href":"https:\/\/cindeca.quimica.unlp.edu.ar\/index.php\/wp-json\/wp\/v2\/media?parent=316"}],"curies":[{"name":"wp","href":"https:\/\/api.w.org\/{rel}","templated":true}]}}