{"id":366,"date":"2020-01-13T11:39:30","date_gmt":"2020-01-13T14:39:30","guid":{"rendered":"https:\/\/nuevocindeca.quimica.unlp.edu.ar\/?page_id=366"},"modified":"2026-04-21T13:16:36","modified_gmt":"2026-04-21T16:16:36","slug":"docentes-e-investigadores","status":"publish","type":"page","link":"https:\/\/cindeca.quimica.unlp.edu.ar\/index.php\/docentes-e-investigadores\/","title":{"rendered":"Investigadores"},"content":{"rendered":"\t\t<div data-elementor-type=\"wp-page\" data-elementor-id=\"366\" class=\"elementor elementor-366\">\n\t\t\t\t\t\t<section class=\"elementor-section elementor-top-section elementor-element elementor-element-49a7413 elementor-section-boxed elementor-section-height-default elementor-section-height-default\" data-id=\"49a7413\" data-element_type=\"section\">\n\t\t\t\t\t\t<div class=\"elementor-container elementor-column-gap-default\">\n\t\t\t\t\t<div class=\"elementor-column elementor-col-50 elementor-top-column elementor-element elementor-element-1c3953b\" data-id=\"1c3953b\" data-element_type=\"column\">\n\t\t\t<div class=\"elementor-widget-wrap elementor-element-populated\">\n\t\t\t\t\t\t<div class=\"elementor-element elementor-element-3a6c6ef elementor-widget elementor-widget-text-editor\" data-id=\"3a6c6ef\" data-element_type=\"widget\" data-widget_type=\"text-editor.default\">\n\t\t\t\t<div class=\"elementor-widget-container\">\n\t\t\t\t\t\t\t<p><a href=\"https:\/\/scholar.google.com\/citations?user=GgGHRD0AAAAJ&amp;hl=es\">BARRIGA LOURENCO Antonella<\/a><\/p><p><a href=\"https:\/\/scholar.google.com.ar\/citations?user=8JLK7eIAAAAJ&amp;hl=es\" target=\"_blank\" rel=\"noopener\"><span style=\"color: #000000;\">BASALDELLA Elena<\/span><\/a><\/p><p><a href=\"https:\/\/scholar.google.com.ar\/citations?user=BervJeIAAAAJ&amp;hl=es\"><span style=\"color: #000000;\">BENGOA Jos\u00e9<\/span><\/a><\/p><p><span style=\"color: #000000;\"><a style=\"color: #000000;\" href=\"http:\/\/www.conicet.gov.ar\/new_scp\/detalle.php?id=36665&amp;datos_academicos=yes&amp;keywords=CINDECA\" target=\"_blank\" rel=\"noopener\">BOLLA Patricia Araceli<\/a><\/span><\/p><p><a href=\"https:\/\/scholar.google.com.ar\/citations?user=snbgm6YAAAAJ&amp;hl=es\" target=\"_blank\" rel=\"noopener\"><span style=\"color: #000000;\">BRESSA Sergio<\/span><\/a><\/p><p><span style=\"color: #000000;\"><a style=\"color: #000000;\" href=\"http:\/\/www.conicet.gov.ar\/new_scp\/detalle.php?id=21258&amp;datos_academicos=yes&amp;keywords=CINDECA\" target=\"_blank\" rel=\"noopener\">BRIAND Laura Estefania<\/a><\/span><\/p><p><span style=\"color: #000000;\"><a style=\"color: #000000;\" href=\"http:\/\/www.conicet.gov.ar\/new_scp\/detalle.php?id=19850&amp;datos_academicos=yes&amp;keywords=CINDECA\" target=\"_blank\" rel=\"noopener\">CASELLA Monica Laura<\/a><\/span><\/p><p><span style=\"color: #000000;\"><a style=\"color: #000000;\" href=\"http:\/\/www.conicet.gov.ar\/new_scp\/detalle.php?id=32102&amp;datos_academicos=yes&amp;keywords=CINDECA\" target=\"_blank\" rel=\"noopener\">COLMAN LERNER Jorge Esteban<\/a><\/span><\/p><p><a href=\"https:\/\/scholar.google.com\/citations?hl=es&amp;user=KjSRJiQAAAAJ&amp;view_op=list_works&amp;gmla=AJsN-F7-YwcSx9Cq7KY0wO3zdUNVqRNMvrlxtvYQNCbfgqcVPd7pG8l6gyY39yjNUuhY3EayVgJDU5ZGrkJ-KH0iWwdvPCecgWEOiB1dQbGzjrDgowswGDw\"><span style=\"color: #000000;\">EGUSQUIZA Mar\u00eda Gabriela<\/span><\/a><\/p><p><span style=\"color: #000000;\"><a style=\"color: #000000;\" href=\"https:\/\/www.conicet.gov.ar\/new_scp\/detalle.php?id=42225&amp;datos_academicos=yes\" target=\"_blank\" rel=\"noopener\">GALLEGOS Mar\u00eda Victoria<\/a><\/span><\/p><p><span style=\"color: #000000;\"><a style=\"color: #000000;\" href=\"https:\/\/scholar.google.com.ar\/citations?user=GhdTDw8AAAAJ&amp;hl=es\">GARC\u00cdA COLLI Germ\u00e1n<\/a><\/span><\/p><p><a style=\"background-color: #ffffff; color: #000000; box-shadow: #081217 0px -1px 0px inset;\" href=\"http:\/\/www.conicet.gov.ar\/new_scp\/detalle.php?id=43251&amp;datos_academicos=yes&amp;keywords=CINDECA\" target=\"_blank\" rel=\"noopener\">GATTI Mart\u00edn Nicol\u00e1s<\/a><span style=\"color: #000000;\">\u00a0\u00a0<\/span><\/p><p><a href=\"https:\/\/www.conicet.gov.ar\/new_scp\/detalle.php?id=32758&amp;keywords=gonzalez%2Bmaximiliano&amp;datos_academicos=yes\" target=\"_blank\" rel=\"noopener\"><span style=\"color: #000000;\">GONZALEZ Maximiliano<\/span><\/a><\/p><p><span style=\"color: #000000;\"><a style=\"color: #000000;\" href=\"https:\/\/scholar.google.com\/citations?user=W6kakB0AAAAJ&amp;hl=es\">HUGGIAS Sof\u00eda<\/a><\/span><\/p><p><span style=\"color: #000000;\"><a style=\"color: #000000;\" href=\"http:\/\/www.conicet.gov.ar\/new_scp\/detalle.php?id=37539&amp;datos_academicos=yes&amp;keywords=CINDECA\" target=\"_blank\" rel=\"noopener\">JOSE Carla<\/a><\/span><\/p><p><span style=\"color: #000000;\"><a style=\"color: #000000;\" href=\"https:\/\/scholar.google.com.ar\/citations?user=9bnJ5OsAAAAJ&amp;hl=es&amp;oi=ao\">KEEGAN Sergio<\/a><\/span><\/p><p><span style=\"color: #000000;\"><a style=\"color: #000000;\" href=\"http:\/\/www.conicet.gov.ar\/new_scp\/detalle.php?id=39703&amp;datos_academicos=yes&amp;keywords=CINDECA\" target=\"_blank\" rel=\"noopener\">LEGNOVERDE Mar\u00eda Soledad<\/a><\/span><\/p><p><span style=\"color: #000000;\"><a style=\"color: #000000;\" href=\"http:\/\/www.conicet.gov.ar\/new_scp\/detalle.php?id=32670&amp;datos_academicos=yes&amp;keywords=CINDECA\" target=\"_blank\" rel=\"noopener\">LICK Ileana Daniela<\/a><\/span><\/p><p><span style=\"color: #000000;\"><a style=\"color: #000000;\" href=\"http:\/\/www.conicet.gov.ar\/new_scp\/detalle.php?id=22132&amp;datos_academicos=yes&amp;keywords=CINDECA\" target=\"_blank\" rel=\"noopener\">MARCHETTI Sergio Gustavo<\/a><\/span><\/p><p><span style=\"color: #000000;\"><a style=\"color: #000000;\" href=\"http:\/\/www.conicet.gov.ar\/new_scp\/detalle.php?id=20270&amp;datos_academicos=yes&amp;keywords=CINDECA\" target=\"_blank\" rel=\"noopener\">MARIANI Nestor Javier<\/a><\/span><\/p><p><span style=\"color: #000000;\"><a style=\"color: #000000;\" href=\"http:\/\/www.conicet.gov.ar\/new_scp\/detalle.php?id=19635&amp;datos_academicos=yes&amp;keywords=CINDECA\" target=\"_blank\" rel=\"noopener\">MARTINEZ Osvaldo Miguel<\/a><\/span><\/p>\t\t\t\t\t\t<\/div>\n\t\t\t\t<\/div>\n\t\t\t\t\t<\/div>\n\t\t<\/div>\n\t\t\t\t<div class=\"elementor-column elementor-col-50 elementor-top-column elementor-element elementor-element-5fb9d6b\" data-id=\"5fb9d6b\" data-element_type=\"column\">\n\t\t\t<div class=\"elementor-widget-wrap elementor-element-populated\">\n\t\t\t\t\t\t<div class=\"elementor-element elementor-element-15a0e14 elementor-widget elementor-widget-text-editor\" data-id=\"15a0e14\" data-element_type=\"widget\" data-widget_type=\"text-editor.default\">\n\t\t\t\t<div class=\"elementor-widget-container\">\n\t\t\t\t\t\t\t<p><span style=\"color: #000000;\"><a style=\"color: #000000;\" href=\"http:\/\/www.conicet.gov.ar\/new_scp\/detalle.php?id=29517&amp;datos_academicos=yes&amp;keywords=CINDECA\" target=\"_blank\" rel=\"noopener\">MATKOVIC Silvana Raquel<\/a><\/span><\/p><p><span style=\"color: #000000;\"><a style=\"color: #000000;\" href=\"http:\/\/www.conicet.gov.ar\/new_scp\/detalle.php?id=38955&amp;datos_academicos=yes&amp;keywords=CINDECA\" target=\"_blank\" rel=\"noopener\">MENDEZ Leticia Jesica<\/a><\/span><\/p><p><span style=\"color: #000000;\"><a style=\"color: #000000;\" href=\"http:\/\/www.conicet.gov.ar\/new_scp\/detalle.php?id=35821&amp;datos_academicos=yes&amp;keywords=CINDECA\" target=\"_blank\" rel=\"noopener\">MERLO Andrea Beatriz<\/a><\/span><\/p><p><span style=\"color: #000000;\"><a style=\"color: #000000;\" href=\"http:\/\/www.conicet.gov.ar\/new_scp\/detalle.php?id=29235&amp;datos_academicos=yes&amp;keywords=CINDECA\" target=\"_blank\" rel=\"noopener\">MU\u00d1OZ Mercedes<\/a><\/span><\/p><p><span style=\"color: #000000;\"><a style=\"color: #000000;\" href=\"http:\/\/www.conicet.gov.ar\/new_scp\/detalle.php?id=31389&amp;datos_academicos=yes&amp;keywords=CINDECA\" target=\"_blank\" rel=\"noopener\">OCSACHOQUE Marco Antonio<\/a><\/span><\/p><p><span style=\"color: #000000;\"><a style=\"color: #000000;\" href=\"http:\/\/www.conicet.gov.ar\/new_scp\/detalle.php?id=30953&amp;datos_academicos=yes&amp;keywords=CINDECA\" target=\"_blank\" rel=\"noopener\">PALERMO Valeria<\/a><\/span><\/p><p><span style=\"color: #000000;\"><a style=\"color: #000000;\" href=\"http:\/\/www.conicet.gov.ar\/new_scp\/detalle.php?id=27980&amp;datos_academicos=yes&amp;keywords=CINDECA\" target=\"_blank\" rel=\"noopener\">PEREYRA Andrea Marisa<\/a><\/span><\/p><p><span style=\"color: #000000;\"><a style=\"color: #000000;\" href=\"http:\/\/www.conicet.gov.ar\/new_scp\/detalle.php?id=22460&amp;datos_academicos=yes&amp;keywords=CINDECA\" target=\"_blank\" rel=\"noopener\">PIZZIO Luis Rene<\/a><\/span><\/p><p><span style=\"color: #000000;\"><a style=\"color: #000000;\" href=\"http:\/\/www.conicet.gov.ar\/new_scp\/detalle.php?id=31963&amp;datos_academicos=yes&amp;keywords=CINDECA\" target=\"_blank\" rel=\"noopener\">POMPEO Francisco<\/a><\/span><\/p><p><span style=\"color: #000000;\"><a style=\"color: #000000;\" href=\"http:\/\/www.conicet.gov.ar\/new_scp\/detalle.php?id=41056&amp;datos_academicos=yes&amp;keywords=CINDECA\" target=\"_blank\" rel=\"noopener\">RENGIFO HERRERA Julian Andres<\/a><\/span><\/p><p><span style=\"color: #000000;\"><a style=\"color: #000000;\" href=\"http:\/\/www.conicet.gov.ar\/new_scp\/detalle.php?id=30763&amp;datos_academicos=yes&amp;keywords=CINDECA\" target=\"_blank\" rel=\"noopener\">ROMANELLI Gustavo Pablo<\/a><\/span><\/p><p><span style=\"color: #000000;\"><a style=\"color: #000000;\" href=\"http:\/\/www.conicet.gov.ar\/new_scp\/detalle.php?id=29490&amp;datos_academicos=yes&amp;keywords=CINDECA\" target=\"_blank\" rel=\"noopener\">RUGGERA Jose Fernando<\/a><\/span><\/p><p><span style=\"color: #000000;\"><a style=\"color: #000000;\" href=\"http:\/\/www.conicet.gov.ar\/new_scp\/detalle.php?id=22663&amp;datos_academicos=yes&amp;keywords=CINDECA\" target=\"_blank\" rel=\"noopener\">SAMBETH Jorge Enrique<\/a><\/span><\/p><p><span style=\"color: #000000;\"><a style=\"color: #000000;\" href=\"http:\/\/www.conicet.gov.ar\/new_scp\/detalle.php?id=20207&amp;datos_academicos=yes&amp;keywords=CINDECA\" target=\"_blank\" rel=\"noopener\">SANTORI Gerardo Fabian<\/a><\/span><\/p><p><span style=\"color: #000000;\"><a style=\"color: #000000;\" href=\"http:\/\/www.conicet.gov.ar\/new_scp\/detalle.php?id=31526&amp;datos_academicos=yes&amp;keywords=CINDECA\" target=\"_blank\" rel=\"noopener\">SATHICQ Angel Gabriel<\/a><\/span><\/p><p><a href=\"https:\/\/www.conicet.gov.ar\/new_scp\/detalle.php?id=34185&amp;keywords=toledo%2Bvictoria&amp;datos_academicos=yes\" target=\"_blank\" rel=\"noopener\"><span style=\"color: #000000;\">TOLEDO Mar\u00eda Victoria<\/span><\/a><\/p><p><a href=\"https:\/\/www.conicet.gov.ar\/new_scp\/detalle.php?id=30533&amp;keywords=taulamet&amp;datos_academicos=yes\" target=\"_blank\" rel=\"noopener\"><span style=\"color: #000000;\">TAULAMET Mar\u00eda Jos\u00e9 <\/span><\/a><\/p><p><a href=\"https:\/\/www.conicet.gov.ar\/new_scp\/detalle.php?id=22887&amp;datos_academicos=yes&amp;keywords=CINDECA\" target=\"_blank\" rel=\"noopener\"><span style=\"color: #000000;\">V\u00c1ZQUEZ Patricia Graciela<\/span><\/a><\/p><p><span style=\"color: #000000;\"><a style=\"color: #000000;\" href=\"http:\/\/www.conicet.gov.ar\/new_scp\/detalle.php?id=24279&amp;datos_academicos=yes&amp;keywords=CINDECA\" target=\"_blank\" rel=\"noopener\">VETERE Virginia<\/a><\/span><\/p><p><span style=\"color: #000000;\"><a style=\"color: #000000;\" href=\"http:\/\/www.conicet.gov.ar\/new_scp\/detalle.php?id=25774&amp;datos_academicos=yes&amp;keywords=CINDECA\" target=\"_blank\" rel=\"noopener\">VILLABRILLE Paula<\/a><\/span><\/p>\t\t\t\t\t\t<\/div>\n\t\t\t\t<\/div>\n\t\t\t\t\t<\/div>\n\t\t<\/div>\n\t\t\t\t\t<\/div>\n\t\t<\/section>\n\t\t\t\t<\/div>\n\t\t","protected":false},"excerpt":{"rendered":"<p>BARRIGA LOURENCO Antonella BASALDELLA Elena BENGOA Jos\u00e9 BOLLA Patricia Araceli BRESSA Sergio BRIAND Laura Estefania CASELLA Monica Laura COLMAN LERNER Jorge Esteban EGUSQUIZA Mar\u00eda Gabriela GALLEGOS Mar\u00eda Victoria GARC\u00cdA COLLI Germ\u00e1n GATTI Mart\u00edn Nicol\u00e1s\u00a0\u00a0 GONZALEZ Maximiliano HUGGIAS Sof\u00eda JOSE Carla KEEGAN Sergio LEGNOVERDE Mar\u00eda Soledad LICK Ileana Daniela MARCHETTI Sergio Gustavo MARIANI Nestor Javier MARTINEZ &hellip; <\/p>\n<p class=\"link-more\"><a href=\"https:\/\/cindeca.quimica.unlp.edu.ar\/index.php\/docentes-e-investigadores\/\" class=\"more-link\">Segu\u00ed leyendo<span class=\"screen-reader-text\"> &#8220;Investigadores&#8221;<\/span><\/a><\/p>\n","protected":false},"author":6,"featured_media":0,"parent":0,"menu_order":0,"comment_status":"closed","ping_status":"closed","template":"","meta":{"footnotes":""},"_links":{"self":[{"href":"https:\/\/cindeca.quimica.unlp.edu.ar\/index.php\/wp-json\/wp\/v2\/pages\/366"}],"collection":[{"href":"https:\/\/cindeca.quimica.unlp.edu.ar\/index.php\/wp-json\/wp\/v2\/pages"}],"about":[{"href":"https:\/\/cindeca.quimica.unlp.edu.ar\/index.php\/wp-json\/wp\/v2\/types\/page"}],"author":[{"embeddable":true,"href":"https:\/\/cindeca.quimica.unlp.edu.ar\/index.php\/wp-json\/wp\/v2\/users\/6"}],"replies":[{"embeddable":true,"href":"https:\/\/cindeca.quimica.unlp.edu.ar\/index.php\/wp-json\/wp\/v2\/comments?post=366"}],"version-history":[{"count":146,"href":"https:\/\/cindeca.quimica.unlp.edu.ar\/index.php\/wp-json\/wp\/v2\/pages\/366\/revisions"}],"predecessor-version":[{"id":8647,"href":"https:\/\/cindeca.quimica.unlp.edu.ar\/index.php\/wp-json\/wp\/v2\/pages\/366\/revisions\/8647"}],"wp:attachment":[{"href":"https:\/\/cindeca.quimica.unlp.edu.ar\/index.php\/wp-json\/wp\/v2\/media?parent=366"}],"curies":[{"name":"wp","href":"https:\/\/api.w.org\/{rel}","templated":true}]}}