{"id":376,"date":"2020-01-13T11:41:27","date_gmt":"2020-01-13T14:41:27","guid":{"rendered":"https:\/\/nuevocindeca.quimica.unlp.edu.ar\/?page_id=376"},"modified":"2020-01-22T13:13:29","modified_gmt":"2020-01-22T16:13:29","slug":"cursos","status":"publish","type":"page","link":"https:\/\/cindeca.quimica.unlp.edu.ar\/index.php\/cursos\/","title":{"rendered":"Cursos de Capacitaci\u00f3n"},"content":{"rendered":"\t\t<div data-elementor-type=\"wp-page\" data-elementor-id=\"376\" class=\"elementor elementor-376\">\n\t\t\t\t\t\t<section class=\"elementor-section elementor-top-section elementor-element elementor-element-67a21f4 elementor-section-boxed elementor-section-height-default elementor-section-height-default\" data-id=\"67a21f4\" data-element_type=\"section\">\n\t\t\t\t\t\t<div class=\"elementor-container elementor-column-gap-default\">\n\t\t\t\t\t<div class=\"elementor-column elementor-col-100 elementor-top-column elementor-element elementor-element-0f68ce1\" data-id=\"0f68ce1\" data-element_type=\"column\">\n\t\t\t<div class=\"elementor-widget-wrap elementor-element-populated\">\n\t\t\t\t\t\t<div class=\"elementor-element elementor-element-e3263df elementor-widget elementor-widget-text-editor\" data-id=\"e3263df\" data-element_type=\"widget\" data-widget_type=\"text-editor.default\">\n\t\t\t\t<div class=\"elementor-widget-container\">\n\t\t\t\t\t\t\t<p><strong>Conferencia dictada<\/strong><\/p><p>Remoci\u00f3n de metales pesados utilizando materiales zeol\u00edticos obtenidos a partir de residuos industriales (Exposici\u00f3n)<\/p><p>\u201cD\u00eda mundial del agua: Aportes desde la ciencia para su cuidado\u201d<\/p><p>Lugar: Centro Cient\u00edfico Tecnol\u00f3gico CONICET La Plata, a\u00f1o 2019.<\/p><p><strong>Post &#8211; grado<\/strong><\/p><p>Asignatura o curso: Arcillas, zeolitas y materiales mesoporosos ordenados como adsorbentes selectivos. Preparaci\u00f3n, caracterizaci\u00f3n y aplicaciones tecnol\u00f3gicas \/ Universidad Nacional de La Plata &#8211; Facultad de Ingenier\u00eda.<\/p><p>Carga horaria: 75h.<\/p><p>Periodicidad: anual<\/p><p>A\u00f1o: 2016 y 2017.<\/p><p>Docentes:<\/p><p>Dra. Elena I. Basaldella<\/p><p>Dra. M. Soledad Legnoverde<\/p><p>Dr. Juan C. Tara<\/p><p>Dr. Maximiliano R. Gonzalez<\/p>\t\t\t\t\t\t<\/div>\n\t\t\t\t<\/div>\n\t\t\t\t\t<\/div>\n\t\t<\/div>\n\t\t\t\t\t<\/div>\n\t\t<\/section>\n\t\t\t\t<\/div>\n\t\t","protected":false},"excerpt":{"rendered":"<p>Conferencia dictada Remoci\u00f3n de metales pesados utilizando materiales zeol\u00edticos obtenidos a partir de residuos industriales (Exposici\u00f3n) \u201cD\u00eda mundial del agua: Aportes desde la ciencia para su cuidado\u201d Lugar: Centro Cient\u00edfico Tecnol\u00f3gico CONICET La Plata, a\u00f1o 2019. Post &#8211; grado Asignatura o curso: Arcillas, zeolitas y materiales mesoporosos ordenados como adsorbentes selectivos. Preparaci\u00f3n, caracterizaci\u00f3n y aplicaciones &hellip; <\/p>\n<p class=\"link-more\"><a href=\"https:\/\/cindeca.quimica.unlp.edu.ar\/index.php\/cursos\/\" class=\"more-link\">Segu\u00ed leyendo<span class=\"screen-reader-text\"> &#8220;Cursos de Capacitaci\u00f3n&#8221;<\/span><\/a><\/p>\n","protected":false},"author":6,"featured_media":0,"parent":0,"menu_order":0,"comment_status":"closed","ping_status":"closed","template":"","meta":{"footnotes":""},"_links":{"self":[{"href":"https:\/\/cindeca.quimica.unlp.edu.ar\/index.php\/wp-json\/wp\/v2\/pages\/376"}],"collection":[{"href":"https:\/\/cindeca.quimica.unlp.edu.ar\/index.php\/wp-json\/wp\/v2\/pages"}],"about":[{"href":"https:\/\/cindeca.quimica.unlp.edu.ar\/index.php\/wp-json\/wp\/v2\/types\/page"}],"author":[{"embeddable":true,"href":"https:\/\/cindeca.quimica.unlp.edu.ar\/index.php\/wp-json\/wp\/v2\/users\/6"}],"replies":[{"embeddable":true,"href":"https:\/\/cindeca.quimica.unlp.edu.ar\/index.php\/wp-json\/wp\/v2\/comments?post=376"}],"version-history":[{"count":3,"href":"https:\/\/cindeca.quimica.unlp.edu.ar\/index.php\/wp-json\/wp\/v2\/pages\/376\/revisions"}],"predecessor-version":[{"id":534,"href":"https:\/\/cindeca.quimica.unlp.edu.ar\/index.php\/wp-json\/wp\/v2\/pages\/376\/revisions\/534"}],"wp:attachment":[{"href":"https:\/\/cindeca.quimica.unlp.edu.ar\/index.php\/wp-json\/wp\/v2\/media?parent=376"}],"curies":[{"name":"wp","href":"https:\/\/api.w.org\/{rel}","templated":true}]}}