{"id":382,"date":"2020-01-13T11:43:05","date_gmt":"2020-01-13T14:43:05","guid":{"rendered":"https:\/\/nuevocindeca.quimica.unlp.edu.ar\/?page_id=382"},"modified":"2025-07-18T12:55:23","modified_gmt":"2025-07-18T15:55:23","slug":"servicios-de-microscopia","status":"publish","type":"page","link":"https:\/\/cindeca.quimica.unlp.edu.ar\/index.php\/servicios-de-microscopia\/","title":{"rendered":"Microscop\u00eda"},"content":{"rendered":"\t\t<div data-elementor-type=\"wp-page\" data-elementor-id=\"382\" class=\"elementor elementor-382\">\n\t\t\t\t\t\t<section class=\"elementor-section elementor-top-section elementor-element elementor-element-83ca3b0 elementor-section-boxed elementor-section-height-default elementor-section-height-default\" data-id=\"83ca3b0\" data-element_type=\"section\">\n\t\t\t\t\t\t<div class=\"elementor-container elementor-column-gap-default\">\n\t\t\t\t\t<div class=\"elementor-column elementor-col-100 elementor-top-column elementor-element elementor-element-57af3da\" data-id=\"57af3da\" data-element_type=\"column\">\n\t\t\t<div class=\"elementor-widget-wrap elementor-element-populated\">\n\t\t\t\t\t\t<div class=\"elementor-element elementor-element-38a212b elementor-arrows-position-inside elementor-pagination-position-outside elementor-widget elementor-widget-image-carousel\" data-id=\"38a212b\" data-element_type=\"widget\" data-settings=\"{&quot;slides_to_show&quot;:&quot;3&quot;,&quot;navigation&quot;:&quot;both&quot;,&quot;autoplay&quot;:&quot;yes&quot;,&quot;pause_on_hover&quot;:&quot;yes&quot;,&quot;pause_on_interaction&quot;:&quot;yes&quot;,&quot;autoplay_speed&quot;:5000,&quot;infinite&quot;:&quot;yes&quot;,&quot;speed&quot;:500}\" data-widget_type=\"image-carousel.default\">\n\t\t\t\t<div class=\"elementor-widget-container\">\n\t\t\t\t\t<div class=\"elementor-image-carousel-wrapper swiper\" dir=\"ltr\">\n\t\t\t<div class=\"elementor-image-carousel swiper-wrapper\" aria-live=\"off\">\n\t\t\t\t\t\t\t\t<div class=\"swiper-slide\" role=\"group\" aria-roledescription=\"slide\" aria-label=\"1 of 7\"><figure class=\"swiper-slide-inner\"><img decoding=\"async\" class=\"swiper-slide-image\" src=\"https:\/\/cindeca.quimica.unlp.edu.ar\/wp-content\/uploads\/2021\/12\/lep11-300x244.jpg\" alt=\"Catalisis Computacional\" \/><\/figure><\/div><div class=\"swiper-slide\" role=\"group\" aria-roledescription=\"slide\" aria-label=\"2 of 7\"><figure class=\"swiper-slide-inner\"><img decoding=\"async\" class=\"swiper-slide-image\" src=\"https:\/\/cindeca.quimica.unlp.edu.ar\/wp-content\/uploads\/2021\/12\/azucar2-2-300x244.jpg\" alt=\"az\u00facar2 +2\" \/><\/figure><\/div><div class=\"swiper-slide\" role=\"group\" aria-roledescription=\"slide\" aria-label=\"3 of 7\"><figure class=\"swiper-slide-inner\"><img decoding=\"async\" class=\"swiper-slide-image\" src=\"https:\/\/cindeca.quimica.unlp.edu.ar\/wp-content\/uploads\/2021\/12\/micropolar-F2-300x244.jpg\" alt=\"micropolar F2\" \/><\/figure><\/div><div class=\"swiper-slide\" role=\"group\" aria-roledescription=\"slide\" aria-label=\"4 of 7\"><figure class=\"swiper-slide-inner\"><img decoding=\"async\" class=\"swiper-slide-image\" src=\"https:\/\/cindeca.quimica.unlp.edu.ar\/wp-content\/uploads\/2021\/12\/M2-ESTOMAS-3-300x244.jpg\" alt=\"M2 ESTOMAS 3\" \/><\/figure><\/div><div class=\"swiper-slide\" role=\"group\" aria-roledescription=\"slide\" aria-label=\"5 of 7\"><figure class=\"swiper-slide-inner\"><img decoding=\"async\" class=\"swiper-slide-image\" src=\"https:\/\/cindeca.quimica.unlp.edu.ar\/wp-content\/uploads\/2021\/12\/tornc-8-300x244.jpg\" alt=\"tornc -8\" \/><\/figure><\/div><div class=\"swiper-slide\" role=\"group\" aria-roledescription=\"slide\" aria-label=\"6 of 7\"><figure class=\"swiper-slide-inner\"><img decoding=\"async\" class=\"swiper-slide-image\" src=\"https:\/\/cindeca.quimica.unlp.edu.ar\/wp-content\/uploads\/2021\/12\/escama-de-sabalo-F1-300x244.jpg\" alt=\"escama de s\u00e1balo F1\" \/><\/figure><\/div><div class=\"swiper-slide\" role=\"group\" aria-roledescription=\"slide\" aria-label=\"7 of 7\"><figure class=\"swiper-slide-inner\"><img decoding=\"async\" class=\"swiper-slide-image\" src=\"https:\/\/cindeca.quimica.unlp.edu.ar\/wp-content\/uploads\/2021\/12\/espinas-2-300x244.jpg\" alt=\"espinas +2\" \/><\/figure><\/div>\t\t\t<\/div>\n\t\t\t\t\t\t\t\t\t\t\t\t<div class=\"elementor-swiper-button elementor-swiper-button-prev\" role=\"button\" tabindex=\"0\">\n\t\t\t\t\t\t<i aria-hidden=\"true\" class=\"eicon-chevron-left\"><\/i>\t\t\t\t\t<\/div>\n\t\t\t\t\t<div class=\"elementor-swiper-button elementor-swiper-button-next\" role=\"button\" tabindex=\"0\">\n\t\t\t\t\t\t<i aria-hidden=\"true\" class=\"eicon-chevron-right\"><\/i>\t\t\t\t\t<\/div>\n\t\t\t\t\n\t\t\t\t\t\t\t\t\t<div class=\"swiper-pagination\"><\/div>\n\t\t\t\t\t\t\t\t\t<\/div>\n\t\t\t\t<\/div>\n\t\t\t\t<\/div>\n\t\t\t\t<div class=\"elementor-element elementor-element-78c30a4 elementor-align-center elementor-widget elementor-widget-button\" data-id=\"78c30a4\" data-element_type=\"widget\" data-widget_type=\"button.default\">\n\t\t\t\t<div class=\"elementor-widget-container\">\n\t\t\t\t\t<div class=\"elementor-button-wrapper\">\n\t\t\t<a class=\"elementor-button elementor-button-link elementor-size-lg\" href=\"#\">\n\t\t\t\t\t\t<span class=\"elementor-button-content-wrapper\">\n\t\t\t\t\t\t\t\t\t<span class=\"elementor-button-text\">MICROSCOP\u00cdA ELECTR\u00d3NICA DE BARRIDO Y MICROAN\u00c1LISIS<\/span>\n\t\t\t\t\t<\/span>\n\t\t\t\t\t<\/a>\n\t\t<\/div>\n\t\t\t\t<\/div>\n\t\t\t\t<\/div>\n\t\t\t\t\t<\/div>\n\t\t<\/div>\n\t\t\t\t\t<\/div>\n\t\t<\/section>\n\t\t\t\t<section class=\"elementor-section elementor-top-section elementor-element elementor-element-21fe7f1 elementor-section-boxed elementor-section-height-default elementor-section-height-default\" data-id=\"21fe7f1\" data-element_type=\"section\">\n\t\t\t\t\t\t<div class=\"elementor-container elementor-column-gap-default\">\n\t\t\t\t\t<div class=\"elementor-column elementor-col-100 elementor-top-column elementor-element elementor-element-f18f005\" data-id=\"f18f005\" data-element_type=\"column\">\n\t\t\t<div class=\"elementor-widget-wrap elementor-element-populated\">\n\t\t\t\t\t\t<div class=\"elementor-element elementor-element-dc389a5 elementor-align-center elementor-widget elementor-widget-button\" data-id=\"dc389a5\" data-element_type=\"widget\" data-widget_type=\"button.default\">\n\t\t\t\t<div class=\"elementor-widget-container\">\n\t\t\t\t\t<div class=\"elementor-button-wrapper\">\n\t\t\t<a class=\"elementor-button elementor-button-link elementor-size-md\" href=\"#\">\n\t\t\t\t\t\t<span class=\"elementor-button-content-wrapper\">\n\t\t\t\t\t\t\t\t\t<span class=\"elementor-button-text\">Responsable: Lic. Mario S\u00e1nchez<\/span>\n\t\t\t\t\t<\/span>\n\t\t\t\t\t<\/a>\n\t\t<\/div>\n\t\t\t\t<\/div>\n\t\t\t\t<\/div>\n\t\t\t\t\t<\/div>\n\t\t<\/div>\n\t\t\t\t\t<\/div>\n\t\t<\/section>\n\t\t\t\t<section class=\"elementor-section elementor-top-section elementor-element elementor-element-a4b7b1e elementor-section-boxed elementor-section-height-default elementor-section-height-default\" data-id=\"a4b7b1e\" data-element_type=\"section\">\n\t\t\t\t\t\t<div class=\"elementor-container elementor-column-gap-default\">\n\t\t\t\t\t<div class=\"elementor-column elementor-col-100 elementor-top-column elementor-element elementor-element-57517dc\" data-id=\"57517dc\" data-element_type=\"column\">\n\t\t\t<div class=\"elementor-widget-wrap elementor-element-populated\">\n\t\t\t\t\t\t<div class=\"elementor-element elementor-element-39c7b19 elementor-widget elementor-widget-text-editor\" data-id=\"39c7b19\" data-element_type=\"widget\" data-widget_type=\"text-editor.default\">\n\t\t\t\t<div class=\"elementor-widget-container\">\n\t\t\t\t\t\t\t<p><span style=\"color: #000000;\">El servicio que ofrece nuestro Laboratorio consiste en obtener im\u00e1genes microsc\u00f3picas, espectros de l\u00edneas caracter\u00edsticas e im\u00e1genes de Rayos X, luego de asesorar a nuestros usuarios de manera de optimizar tiempo y resultados. Las im\u00e1genes arrojan informaci\u00f3n acerca de la microtextura superficial de las muestras y los espectros sobre la composici\u00f3n elemental de las mismas.<\/span><\/p>\t\t\t\t\t\t<\/div>\n\t\t\t\t<\/div>\n\t\t\t\t\t<\/div>\n\t\t<\/div>\n\t\t\t\t\t<\/div>\n\t\t<\/section>\n\t\t\t\t<section class=\"elementor-section elementor-top-section elementor-element elementor-element-ed81566 elementor-section-boxed elementor-section-height-default elementor-section-height-default\" data-id=\"ed81566\" data-element_type=\"section\">\n\t\t\t\t\t\t<div class=\"elementor-container elementor-column-gap-default\">\n\t\t\t\t\t<div class=\"elementor-column elementor-col-100 elementor-top-column elementor-element elementor-element-1301f70\" data-id=\"1301f70\" data-element_type=\"column\">\n\t\t\t<div class=\"elementor-widget-wrap elementor-element-populated\">\n\t\t\t\t\t\t<div class=\"elementor-element elementor-element-23346db elementor-widget elementor-widget-text-editor\" data-id=\"23346db\" data-element_type=\"widget\" data-widget_type=\"text-editor.default\">\n\t\t\t\t<div class=\"elementor-widget-container\">\n\t\t\t\t\t\t\t<p><span style=\"color: #000000;\"><strong>Equipamiento:<\/strong><\/span><\/p><p><span style=\"color: #000000;\">Microscopio Electr\u00f3nico de Barrido Philips SEM 505.<\/span><\/p><p><span style=\"color: #000000;\">Digitalizador de Imagen Genesis APEX 2_Apollo X 60 Imaging, metalizador Balzers SCD 030\u00a0<\/span><\/p>\t\t\t\t\t\t<\/div>\n\t\t\t\t<\/div>\n\t\t\t\t\t<\/div>\n\t\t<\/div>\n\t\t\t\t\t<\/div>\n\t\t<\/section>\n\t\t\t\t<section class=\"elementor-section elementor-top-section elementor-element elementor-element-80b0b39 elementor-section-boxed elementor-section-height-default elementor-section-height-default\" data-id=\"80b0b39\" data-element_type=\"section\">\n\t\t\t\t\t\t<div class=\"elementor-container elementor-column-gap-default\">\n\t\t\t\t\t<div class=\"elementor-column elementor-col-100 elementor-top-column elementor-element elementor-element-0708643\" data-id=\"0708643\" data-element_type=\"column\">\n\t\t\t<div class=\"elementor-widget-wrap elementor-element-populated\">\n\t\t\t\t\t\t<div class=\"elementor-element elementor-element-2294474 elementor-widget elementor-widget-heading\" data-id=\"2294474\" data-element_type=\"widget\" data-widget_type=\"heading.default\">\n\t\t\t\t<div class=\"elementor-widget-container\">\n\t\t\t<h1 class=\"elementor-heading-title elementor-size-small\"><a href=\"https:\/\/nuevocindeca.quimica.unlp.edu.ar\/index.php\/servicio-de-microscopia-electronica-de-barrido-y-microanalisis\/\" target=\"_blank\">M\u00e1s informaci\u00f3n<\/a><\/h1>\t\t<\/div>\n\t\t\t\t<\/div>\n\t\t\t\t\t<\/div>\n\t\t<\/div>\n\t\t\t\t\t<\/div>\n\t\t<\/section>\n\t\t\t\t<\/div>\n\t\t","protected":false},"excerpt":{"rendered":"<p>MICROSCOP\u00cdA ELECTR\u00d3NICA DE BARRIDO Y MICROAN\u00c1LISIS Responsable: Lic. Mario S\u00e1nchez El servicio que ofrece nuestro Laboratorio consiste en obtener im\u00e1genes microsc\u00f3picas, espectros de l\u00edneas caracter\u00edsticas e im\u00e1genes de Rayos X, luego de asesorar a nuestros usuarios de manera de optimizar tiempo y resultados. Las im\u00e1genes arrojan informaci\u00f3n acerca de la microtextura superficial de las muestras &hellip; <\/p>\n<p class=\"link-more\"><a href=\"https:\/\/cindeca.quimica.unlp.edu.ar\/index.php\/servicios-de-microscopia\/\" class=\"more-link\">Segu\u00ed leyendo<span class=\"screen-reader-text\"> &#8220;Microscop\u00eda&#8221;<\/span><\/a><\/p>\n","protected":false},"author":6,"featured_media":0,"parent":0,"menu_order":0,"comment_status":"closed","ping_status":"closed","template":"","meta":{"footnotes":""},"_links":{"self":[{"href":"https:\/\/cindeca.quimica.unlp.edu.ar\/index.php\/wp-json\/wp\/v2\/pages\/382"}],"collection":[{"href":"https:\/\/cindeca.quimica.unlp.edu.ar\/index.php\/wp-json\/wp\/v2\/pages"}],"about":[{"href":"https:\/\/cindeca.quimica.unlp.edu.ar\/index.php\/wp-json\/wp\/v2\/types\/page"}],"author":[{"embeddable":true,"href":"https:\/\/cindeca.quimica.unlp.edu.ar\/index.php\/wp-json\/wp\/v2\/users\/6"}],"replies":[{"embeddable":true,"href":"https:\/\/cindeca.quimica.unlp.edu.ar\/index.php\/wp-json\/wp\/v2\/comments?post=382"}],"version-history":[{"count":96,"href":"https:\/\/cindeca.quimica.unlp.edu.ar\/index.php\/wp-json\/wp\/v2\/pages\/382\/revisions"}],"predecessor-version":[{"id":7973,"href":"https:\/\/cindeca.quimica.unlp.edu.ar\/index.php\/wp-json\/wp\/v2\/pages\/382\/revisions\/7973"}],"wp:attachment":[{"href":"https:\/\/cindeca.quimica.unlp.edu.ar\/index.php\/wp-json\/wp\/v2\/media?parent=382"}],"curies":[{"name":"wp","href":"https:\/\/api.w.org\/{rel}","templated":true}]}}