{"id":384,"date":"2020-01-13T11:43:22","date_gmt":"2020-01-13T14:43:22","guid":{"rendered":"https:\/\/nuevocindeca.quimica.unlp.edu.ar\/?page_id=384"},"modified":"2022-09-27T13:15:41","modified_gmt":"2022-09-27T16:15:41","slug":"servicios-de-electronica","status":"publish","type":"page","link":"https:\/\/cindeca.quimica.unlp.edu.ar\/index.php\/servicios-de-electronica\/","title":{"rendered":"Electr\u00f3nica"},"content":{"rendered":"\t\t<div data-elementor-type=\"wp-page\" data-elementor-id=\"384\" class=\"elementor elementor-384\">\n\t\t\t\t\t\t<section class=\"elementor-section elementor-top-section elementor-element elementor-element-427da55 elementor-section-boxed elementor-section-height-default elementor-section-height-default\" data-id=\"427da55\" data-element_type=\"section\">\n\t\t\t\t\t\t<div class=\"elementor-container elementor-column-gap-default\">\n\t\t\t\t\t<div class=\"elementor-column elementor-col-100 elementor-top-column elementor-element elementor-element-4d81b86\" data-id=\"4d81b86\" data-element_type=\"column\">\n\t\t\t<div class=\"elementor-widget-wrap elementor-element-populated\">\n\t\t\t\t\t\t<div class=\"elementor-element elementor-element-81344d1 elementor-widget elementor-widget-heading\" data-id=\"81344d1\" data-element_type=\"widget\" data-widget_type=\"heading.default\">\n\t\t\t\t<div class=\"elementor-widget-container\">\n\t\t\t<h2 class=\"elementor-heading-title elementor-size-default\">Responsable<\/h2>\t\t<\/div>\n\t\t\t\t<\/div>\n\t\t\t\t\t<\/div>\n\t\t<\/div>\n\t\t\t\t\t<\/div>\n\t\t<\/section>\n\t\t\t\t<section class=\"elementor-section elementor-top-section elementor-element elementor-element-aa0320c elementor-section-boxed elementor-section-height-default elementor-section-height-default\" data-id=\"aa0320c\" data-element_type=\"section\">\n\t\t\t\t\t\t<div class=\"elementor-container elementor-column-gap-default\">\n\t\t\t\t\t<div class=\"elementor-column elementor-col-100 elementor-top-column elementor-element elementor-element-6c63b64\" data-id=\"6c63b64\" data-element_type=\"column\">\n\t\t\t<div class=\"elementor-widget-wrap elementor-element-populated\">\n\t\t\t\t\t\t<div class=\"elementor-element elementor-element-8f5c57a elementor-widget elementor-widget-image\" data-id=\"8f5c57a\" data-element_type=\"widget\" data-widget_type=\"image.default\">\n\t\t\t\t<div class=\"elementor-widget-container\">\n\t\t\t\t\t\t\t\t\t\t\t\t\t<img fetchpriority=\"high\" decoding=\"async\" width=\"210\" height=\"300\" src=\"https:\/\/cindeca.quimica.unlp.edu.ar\/wp-content\/uploads\/2022\/09\/Perfil-MR-e1664295306545-210x300.jpg\" class=\"attachment-medium size-medium wp-image-5951\" alt=\"\" srcset=\"https:\/\/cindeca.quimica.unlp.edu.ar\/wp-content\/uploads\/2022\/09\/Perfil-MR-e1664295306545-210x300.jpg 210w, https:\/\/cindeca.quimica.unlp.edu.ar\/wp-content\/uploads\/2022\/09\/Perfil-MR-e1664295306545.jpg 510w\" sizes=\"100vw\" \/>\t\t\t\t\t\t\t\t\t\t\t\t\t<\/div>\n\t\t\t\t<\/div>\n\t\t\t\t<div class=\"elementor-element elementor-element-8e3d1ef elementor-align-center elementor-widget elementor-widget-button\" data-id=\"8e3d1ef\" data-element_type=\"widget\" data-widget_type=\"button.default\">\n\t\t\t\t<div class=\"elementor-widget-container\">\n\t\t\t\t\t<div class=\"elementor-button-wrapper\">\n\t\t\t<a class=\"elementor-button elementor-button-link elementor-size-md\" href=\"https:\/\/www.conicet.gov.ar\/new_scp\/detalle.php?id=29109&#038;datos_academicos=yes&#038;keywords=CINDECA\">\n\t\t\t\t\t\t<span class=\"elementor-button-content-wrapper\">\n\t\t\t\t\t\t\t\t\t<span class=\"elementor-button-text\">Ing. Mart\u00edn F. Ram\u00f3n<\/span>\n\t\t\t\t\t<\/span>\n\t\t\t\t\t<\/a>\n\t\t<\/div>\n\t\t\t\t<\/div>\n\t\t\t\t<\/div>\n\t\t\t\t\t<\/div>\n\t\t<\/div>\n\t\t\t\t\t<\/div>\n\t\t<\/section>\n\t\t\t\t<section class=\"elementor-section elementor-top-section elementor-element elementor-element-6ab6228 elementor-section-boxed elementor-section-height-default elementor-section-height-default\" data-id=\"6ab6228\" data-element_type=\"section\">\n\t\t\t\t\t\t<div class=\"elementor-container elementor-column-gap-default\">\n\t\t\t\t\t<div class=\"elementor-column elementor-col-100 elementor-top-column elementor-element elementor-element-51a9723\" data-id=\"51a9723\" data-element_type=\"column\">\n\t\t\t<div class=\"elementor-widget-wrap elementor-element-populated\">\n\t\t\t\t\t\t<div class=\"elementor-element elementor-element-23ca6c8 elementor-widget elementor-widget-text-editor\" data-id=\"23ca6c8\" data-element_type=\"widget\" data-widget_type=\"text-editor.default\">\n\t\t\t\t<div class=\"elementor-widget-container\">\n\t\t\t\t\t\t\t<div id=\"full-html\"><div class=\"heading\"><span style=\"color: #000000;\"><span style=\"font-weight: 400;\">Se realizan tareas de desarrollo, construcci\u00f3n y mantenimiento de sistemas de instrumentaci\u00f3n y control y soluci\u00f3n a problemas derivados del uso de Pcs y redes, tanto en el CINDECA como a los solicitados por demanda externa p\u00fablica y privada.<\/span><span style=\"font-weight: 400;\"><br \/><\/span><span style=\"font-weight: 400;\"><br \/><\/span><span style=\"font-weight: 400;\">El servicio se ha especializado en sistemas de instrumentaci\u00f3n y control para laboratorios de ensayos que deban satisfacer normas internacionales.<\/span><span style=\"font-weight: 400;\"><br \/><\/span><span style=\"font-weight: 400;\"><br \/><\/span><span style=\"font-weight: 400;\">Desarrollo de nuevo equipamiento y t\u00e9cnicas de automatizaci\u00f3n y control de procesos<\/span><span style=\"font-weight: 400;\"><br \/><\/span><span style=\"font-weight: 400;\"><br \/><\/span><\/span><span style=\"font-weight: 400;\"><br \/><\/span><\/div><\/div>\t\t\t\t\t\t<\/div>\n\t\t\t\t<\/div>\n\t\t\t\t\t<\/div>\n\t\t<\/div>\n\t\t\t\t\t<\/div>\n\t\t<\/section>\n\t\t\t\t<section class=\"elementor-section elementor-top-section elementor-element elementor-element-a2faebe elementor-section-boxed elementor-section-height-default elementor-section-height-default\" data-id=\"a2faebe\" data-element_type=\"section\">\n\t\t\t\t\t\t<div class=\"elementor-container elementor-column-gap-default\">\n\t\t\t\t\t<div class=\"elementor-column elementor-col-100 elementor-top-column elementor-element elementor-element-5c31132\" data-id=\"5c31132\" data-element_type=\"column\">\n\t\t\t<div class=\"elementor-widget-wrap elementor-element-populated\">\n\t\t\t\t\t\t<div class=\"elementor-element elementor-element-602c6bb elementor-widget elementor-widget-image\" data-id=\"602c6bb\" data-element_type=\"widget\" data-widget_type=\"image.default\">\n\t\t\t\t<div class=\"elementor-widget-container\">\n\t\t\t\t\t\t\t\t\t\t\t\t\t<img decoding=\"async\" width=\"300\" height=\"199\" src=\"https:\/\/cindeca.quimica.unlp.edu.ar\/wp-content\/uploads\/2022\/04\/DSC_0047-electronica-300x199.jpg\" class=\"attachment-medium size-medium wp-image-5345\" alt=\"\" srcset=\"https:\/\/cindeca.quimica.unlp.edu.ar\/wp-content\/uploads\/2022\/04\/DSC_0047-electronica-300x199.jpg 300w, https:\/\/cindeca.quimica.unlp.edu.ar\/wp-content\/uploads\/2022\/04\/DSC_0047-electronica-1024x681.jpg 1024w, https:\/\/cindeca.quimica.unlp.edu.ar\/wp-content\/uploads\/2022\/04\/DSC_0047-electronica-768x510.jpg 768w, https:\/\/cindeca.quimica.unlp.edu.ar\/wp-content\/uploads\/2022\/04\/DSC_0047-electronica.jpg 1181w\" sizes=\"100vw\" \/>\t\t\t\t\t\t\t\t\t\t\t\t\t<\/div>\n\t\t\t\t<\/div>\n\t\t\t\t\t<\/div>\n\t\t<\/div>\n\t\t\t\t\t<\/div>\n\t\t<\/section>\n\t\t\t\t<section class=\"elementor-section elementor-top-section elementor-element elementor-element-36dcaf4 elementor-section-boxed elementor-section-height-default elementor-section-height-default\" data-id=\"36dcaf4\" data-element_type=\"section\">\n\t\t\t\t\t\t<div class=\"elementor-container elementor-column-gap-default\">\n\t\t\t\t\t<div class=\"elementor-column elementor-col-100 elementor-top-column elementor-element elementor-element-ea1c972\" data-id=\"ea1c972\" data-element_type=\"column\">\n\t\t\t<div class=\"elementor-widget-wrap elementor-element-populated\">\n\t\t\t\t\t\t<div class=\"elementor-element elementor-element-7ac9514 elementor-widget elementor-widget-heading\" data-id=\"7ac9514\" data-element_type=\"widget\" data-widget_type=\"heading.default\">\n\t\t\t\t<div class=\"elementor-widget-container\">\n\t\t\t<h2 class=\"elementor-heading-title elementor-size-medium\"><a href=\"https:\/\/nuevocindeca.quimica.unlp.edu.ar\/index.php\/servicio-de-electronica\/\">M\u00e1s informaci\u00f3n sobre trabajos realizados<\/a><\/h2>\t\t<\/div>\n\t\t\t\t<\/div>\n\t\t\t\t\t<\/div>\n\t\t<\/div>\n\t\t\t\t\t<\/div>\n\t\t<\/section>\n\t\t\t\t<\/div>\n\t\t","protected":false},"excerpt":{"rendered":"<p>Responsable Ing. Mart\u00edn F. Ram\u00f3n Se realizan tareas de desarrollo, construcci\u00f3n y mantenimiento de sistemas de instrumentaci\u00f3n y control y soluci\u00f3n a problemas derivados del uso de Pcs y redes, tanto en el CINDECA como a los solicitados por demanda externa p\u00fablica y privada. El servicio se ha especializado en sistemas de instrumentaci\u00f3n y control &hellip; <\/p>\n<p class=\"link-more\"><a href=\"https:\/\/cindeca.quimica.unlp.edu.ar\/index.php\/servicios-de-electronica\/\" class=\"more-link\">Segu\u00ed leyendo<span class=\"screen-reader-text\"> &#8220;Electr\u00f3nica&#8221;<\/span><\/a><\/p>\n","protected":false},"author":6,"featured_media":0,"parent":0,"menu_order":0,"comment_status":"closed","ping_status":"closed","template":"","meta":{"footnotes":""},"_links":{"self":[{"href":"https:\/\/cindeca.quimica.unlp.edu.ar\/index.php\/wp-json\/wp\/v2\/pages\/384"}],"collection":[{"href":"https:\/\/cindeca.quimica.unlp.edu.ar\/index.php\/wp-json\/wp\/v2\/pages"}],"about":[{"href":"https:\/\/cindeca.quimica.unlp.edu.ar\/index.php\/wp-json\/wp\/v2\/types\/page"}],"author":[{"embeddable":true,"href":"https:\/\/cindeca.quimica.unlp.edu.ar\/index.php\/wp-json\/wp\/v2\/users\/6"}],"replies":[{"embeddable":true,"href":"https:\/\/cindeca.quimica.unlp.edu.ar\/index.php\/wp-json\/wp\/v2\/comments?post=384"}],"version-history":[{"count":36,"href":"https:\/\/cindeca.quimica.unlp.edu.ar\/index.php\/wp-json\/wp\/v2\/pages\/384\/revisions"}],"predecessor-version":[{"id":5954,"href":"https:\/\/cindeca.quimica.unlp.edu.ar\/index.php\/wp-json\/wp\/v2\/pages\/384\/revisions\/5954"}],"wp:attachment":[{"href":"https:\/\/cindeca.quimica.unlp.edu.ar\/index.php\/wp-json\/wp\/v2\/media?parent=384"}],"curies":[{"name":"wp","href":"https:\/\/api.w.org\/{rel}","templated":true}]}}