{"id":399,"date":"2020-01-13T12:21:55","date_gmt":"2020-01-13T15:21:55","guid":{"rendered":"https:\/\/nuevocindeca.quimica.unlp.edu.ar\/?page_id=399"},"modified":"2023-10-24T08:47:43","modified_gmt":"2023-10-24T11:47:43","slug":"eventos","status":"publish","type":"page","link":"https:\/\/cindeca.quimica.unlp.edu.ar\/index.php\/eventos\/","title":{"rendered":"Jornadas de Ciencia y tecnolog\u00eda"},"content":{"rendered":"\t\t<div data-elementor-type=\"wp-page\" data-elementor-id=\"399\" class=\"elementor elementor-399\">\n\t\t\t\t\t\t<section class=\"elementor-section elementor-top-section elementor-element elementor-element-8cef030 elementor-section-boxed elementor-section-height-default elementor-section-height-default\" data-id=\"8cef030\" data-element_type=\"section\">\n\t\t\t\t\t\t<div class=\"elementor-container elementor-column-gap-default\">\n\t\t\t\t\t<div class=\"elementor-column elementor-col-50 elementor-top-column elementor-element elementor-element-5102d04\" data-id=\"5102d04\" data-element_type=\"column\">\n\t\t\t<div class=\"elementor-widget-wrap elementor-element-populated\">\n\t\t\t\t\t\t<div class=\"elementor-element elementor-element-2eb8c07 elementor-widget elementor-widget-image\" data-id=\"2eb8c07\" data-element_type=\"widget\" data-widget_type=\"image.default\">\n\t\t\t\t<div class=\"elementor-widget-container\">\n\t\t\t\t\t\t\t\t\t\t\t\t\t<img fetchpriority=\"high\" decoding=\"async\" width=\"525\" height=\"350\" src=\"https:\/\/cindeca.quimica.unlp.edu.ar\/wp-content\/uploads\/2023\/10\/RDB_4752-1024x683.jpg\" class=\"attachment-large size-large wp-image-6958\" alt=\"\" srcset=\"https:\/\/cindeca.quimica.unlp.edu.ar\/wp-content\/uploads\/2023\/10\/RDB_4752-1024x683.jpg 1024w, https:\/\/cindeca.quimica.unlp.edu.ar\/wp-content\/uploads\/2023\/10\/RDB_4752-300x200.jpg 300w, https:\/\/cindeca.quimica.unlp.edu.ar\/wp-content\/uploads\/2023\/10\/RDB_4752-768x512.jpg 768w, https:\/\/cindeca.quimica.unlp.edu.ar\/wp-content\/uploads\/2023\/10\/RDB_4752-1536x1024.jpg 1536w, https:\/\/cindeca.quimica.unlp.edu.ar\/wp-content\/uploads\/2023\/10\/RDB_4752-2048x1366.jpg 2048w\" sizes=\"100vw\" \/>\t\t\t\t\t\t\t\t\t\t\t\t\t<\/div>\n\t\t\t\t<\/div>\n\t\t\t\t<div class=\"elementor-element elementor-element-37d4b19 elementor-widget elementor-widget-image\" data-id=\"37d4b19\" data-element_type=\"widget\" data-widget_type=\"image.default\">\n\t\t\t\t<div class=\"elementor-widget-container\">\n\t\t\t\t\t\t\t\t\t\t\t\t\t<img decoding=\"async\" width=\"525\" height=\"202\" src=\"https:\/\/cindeca.quimica.unlp.edu.ar\/wp-content\/uploads\/2023\/04\/LOGO-50-ANOS-CINDECA-SIN-FONDO-1024x394.png\" class=\"attachment-large size-large wp-image-6468\" alt=\"\" srcset=\"https:\/\/cindeca.quimica.unlp.edu.ar\/wp-content\/uploads\/2023\/04\/LOGO-50-ANOS-CINDECA-SIN-FONDO-1024x394.png 1024w, https:\/\/cindeca.quimica.unlp.edu.ar\/wp-content\/uploads\/2023\/04\/LOGO-50-ANOS-CINDECA-SIN-FONDO-300x116.png 300w, https:\/\/cindeca.quimica.unlp.edu.ar\/wp-content\/uploads\/2023\/04\/LOGO-50-ANOS-CINDECA-SIN-FONDO-768x296.png 768w, https:\/\/cindeca.quimica.unlp.edu.ar\/wp-content\/uploads\/2023\/04\/LOGO-50-ANOS-CINDECA-SIN-FONDO-1536x591.png 1536w\" sizes=\"100vw\" \/>\t\t\t\t\t\t\t\t\t\t\t\t\t<\/div>\n\t\t\t\t<\/div>\n\t\t\t\t\t<\/div>\n\t\t<\/div>\n\t\t\t\t<div class=\"elementor-column elementor-col-50 elementor-top-column elementor-element elementor-element-bc16fac\" data-id=\"bc16fac\" data-element_type=\"column\">\n\t\t\t<div class=\"elementor-widget-wrap elementor-element-populated\">\n\t\t\t\t\t\t<div class=\"elementor-element elementor-element-ec8631f elementor-widget elementor-widget-image\" data-id=\"ec8631f\" data-element_type=\"widget\" data-widget_type=\"image.default\">\n\t\t\t\t<div class=\"elementor-widget-container\">\n\t\t\t\t\t\t\t\t\t\t\t\t\t\t<a href=\"https:\/\/revistas.unlp.edu.ar\/CienciasAplicadas\/issue\/view\/986\">\n\t\t\t\t\t\t\t<img decoding=\"async\" width=\"525\" height=\"743\" src=\"https:\/\/cindeca.quimica.unlp.edu.ar\/wp-content\/uploads\/2023\/10\/cover_issue_986_es_ES-724x1024.jpg\" class=\"attachment-large size-large wp-image-6953\" alt=\"\" srcset=\"https:\/\/cindeca.quimica.unlp.edu.ar\/wp-content\/uploads\/2023\/10\/cover_issue_986_es_ES-724x1024.jpg 724w, https:\/\/cindeca.quimica.unlp.edu.ar\/wp-content\/uploads\/2023\/10\/cover_issue_986_es_ES-212x300.jpg 212w, https:\/\/cindeca.quimica.unlp.edu.ar\/wp-content\/uploads\/2023\/10\/cover_issue_986_es_ES-768x1086.jpg 768w, https:\/\/cindeca.quimica.unlp.edu.ar\/wp-content\/uploads\/2023\/10\/cover_issue_986_es_ES-1086x1536.jpg 1086w, https:\/\/cindeca.quimica.unlp.edu.ar\/wp-content\/uploads\/2023\/10\/cover_issue_986_es_ES-1448x2048.jpg 1448w, https:\/\/cindeca.quimica.unlp.edu.ar\/wp-content\/uploads\/2023\/10\/cover_issue_986_es_ES-scaled.jpg 1811w\" sizes=\"100vw\" \/>\t\t\t\t\t\t\t\t<\/a>\n\t\t\t\t\t\t\t\t\t\t\t\t\t<\/div>\n\t\t\t\t<\/div>\n\t\t\t\t\t<\/div>\n\t\t<\/div>\n\t\t\t\t\t<\/div>\n\t\t<\/section>\n\t\t\t\t<section class=\"elementor-section elementor-top-section elementor-element elementor-element-3ecfe78 elementor-section-boxed elementor-section-height-default elementor-section-height-default\" data-id=\"3ecfe78\" data-element_type=\"section\">\n\t\t\t\t\t\t<div class=\"elementor-container elementor-column-gap-default\">\n\t\t\t\t\t<div class=\"elementor-column elementor-col-50 elementor-top-column elementor-element elementor-element-e0c4f84\" data-id=\"e0c4f84\" data-element_type=\"column\">\n\t\t\t<div class=\"elementor-widget-wrap elementor-element-populated\">\n\t\t\t\t\t\t<div class=\"elementor-element elementor-element-1c6164b elementor-widget elementor-widget-image\" data-id=\"1c6164b\" data-element_type=\"widget\" data-widget_type=\"image.default\">\n\t\t\t\t<div class=\"elementor-widget-container\">\n\t\t\t\t\t\t\t\t\t\t\t\t\t<img loading=\"lazy\" decoding=\"async\" width=\"525\" height=\"525\" src=\"https:\/\/cindeca.quimica.unlp.edu.ar\/wp-content\/uploads\/2021\/12\/CONICET-CINDECA_VI-JORNADAS-CS.-APLICADAS_FLYER_FACEBOOK-INSTAGRAM--1024x1024.png\" class=\"attachment-large size-large wp-image-4260\" alt=\"\" srcset=\"https:\/\/cindeca.quimica.unlp.edu.ar\/wp-content\/uploads\/2021\/12\/CONICET-CINDECA_VI-JORNADAS-CS.-APLICADAS_FLYER_FACEBOOK-INSTAGRAM--1024x1024.png 1024w, https:\/\/cindeca.quimica.unlp.edu.ar\/wp-content\/uploads\/2021\/12\/CONICET-CINDECA_VI-JORNADAS-CS.-APLICADAS_FLYER_FACEBOOK-INSTAGRAM--300x300.png 300w, https:\/\/cindeca.quimica.unlp.edu.ar\/wp-content\/uploads\/2021\/12\/CONICET-CINDECA_VI-JORNADAS-CS.-APLICADAS_FLYER_FACEBOOK-INSTAGRAM--150x150.png 150w, https:\/\/cindeca.quimica.unlp.edu.ar\/wp-content\/uploads\/2021\/12\/CONICET-CINDECA_VI-JORNADAS-CS.-APLICADAS_FLYER_FACEBOOK-INSTAGRAM--768x768.png 768w, https:\/\/cindeca.quimica.unlp.edu.ar\/wp-content\/uploads\/2021\/12\/CONICET-CINDECA_VI-JORNADAS-CS.-APLICADAS_FLYER_FACEBOOK-INSTAGRAM--1536x1536.png 1536w, https:\/\/cindeca.quimica.unlp.edu.ar\/wp-content\/uploads\/2021\/12\/CONICET-CINDECA_VI-JORNADAS-CS.-APLICADAS_FLYER_FACEBOOK-INSTAGRAM--2048x2048.png 2048w, https:\/\/cindeca.quimica.unlp.edu.ar\/wp-content\/uploads\/2021\/12\/CONICET-CINDECA_VI-JORNADAS-CS.-APLICADAS_FLYER_FACEBOOK-INSTAGRAM--100x100.png 100w\" sizes=\"100vw\" \/>\t\t\t\t\t\t\t\t\t\t\t\t\t<\/div>\n\t\t\t\t<\/div>\n\t\t\t\t<div class=\"elementor-element elementor-element-a1ec803 elementor-widget elementor-widget-image\" data-id=\"a1ec803\" data-element_type=\"widget\" data-widget_type=\"image.default\">\n\t\t\t\t<div class=\"elementor-widget-container\">\n\t\t\t\t\t\t\t\t\t\t\t\t\t<img loading=\"lazy\" decoding=\"async\" width=\"525\" height=\"525\" src=\"https:\/\/cindeca.quimica.unlp.edu.ar\/wp-content\/uploads\/2021\/12\/plenaria-JCA.png\" class=\"attachment-large size-large wp-image-4510\" alt=\"\" srcset=\"https:\/\/cindeca.quimica.unlp.edu.ar\/wp-content\/uploads\/2021\/12\/plenaria-JCA.png 720w, https:\/\/cindeca.quimica.unlp.edu.ar\/wp-content\/uploads\/2021\/12\/plenaria-JCA-300x300.png 300w, https:\/\/cindeca.quimica.unlp.edu.ar\/wp-content\/uploads\/2021\/12\/plenaria-JCA-150x150.png 150w, https:\/\/cindeca.quimica.unlp.edu.ar\/wp-content\/uploads\/2021\/12\/plenaria-JCA-100x100.png 100w\" sizes=\"100vw\" \/>\t\t\t\t\t\t\t\t\t\t\t\t\t<\/div>\n\t\t\t\t<\/div>\n\t\t\t\t\t<\/div>\n\t\t<\/div>\n\t\t\t\t<div class=\"elementor-column elementor-col-50 elementor-top-column elementor-element elementor-element-d247161\" data-id=\"d247161\" data-element_type=\"column\">\n\t\t\t<div class=\"elementor-widget-wrap elementor-element-populated\">\n\t\t\t\t\t\t<div class=\"elementor-element elementor-element-1e4b26b elementor-widget elementor-widget-image\" data-id=\"1e4b26b\" data-element_type=\"widget\" data-widget_type=\"image.default\">\n\t\t\t\t<div class=\"elementor-widget-container\">\n\t\t\t\t\t\t\t\t\t\t\t\t\t\t<a href=\"https:\/\/revistas.unlp.edu.ar\/CienciasAplicadas\/issue\/view\/832\">\n\t\t\t\t\t\t\t<img loading=\"lazy\" decoding=\"async\" width=\"525\" height=\"743\" src=\"https:\/\/cindeca.quimica.unlp.edu.ar\/wp-content\/uploads\/2023\/04\/VI-jornadas-724x1024.jpg\" class=\"attachment-large size-large wp-image-6492\" alt=\"\" srcset=\"https:\/\/cindeca.quimica.unlp.edu.ar\/wp-content\/uploads\/2023\/04\/VI-jornadas-724x1024.jpg 724w, https:\/\/cindeca.quimica.unlp.edu.ar\/wp-content\/uploads\/2023\/04\/VI-jornadas-212x300.jpg 212w, https:\/\/cindeca.quimica.unlp.edu.ar\/wp-content\/uploads\/2023\/04\/VI-jornadas-768x1086.jpg 768w, https:\/\/cindeca.quimica.unlp.edu.ar\/wp-content\/uploads\/2023\/04\/VI-jornadas-1086x1536.jpg 1086w, https:\/\/cindeca.quimica.unlp.edu.ar\/wp-content\/uploads\/2023\/04\/VI-jornadas-1448x2048.jpg 1448w, https:\/\/cindeca.quimica.unlp.edu.ar\/wp-content\/uploads\/2023\/04\/VI-jornadas-scaled.jpg 1811w\" sizes=\"100vw\" \/>\t\t\t\t\t\t\t\t<\/a>\n\t\t\t\t\t\t\t\t\t\t\t\t\t<\/div>\n\t\t\t\t<\/div>\n\t\t\t\t<div class=\"elementor-element elementor-element-e6c5af9 elementor-align-center elementor-widget elementor-widget-button\" data-id=\"e6c5af9\" data-element_type=\"widget\" data-widget_type=\"button.default\">\n\t\t\t\t<div class=\"elementor-widget-container\">\n\t\t\t\t\t<div class=\"elementor-button-wrapper\">\n\t\t\t<a class=\"elementor-button elementor-button-link elementor-size-sm\" href=\"https:\/\/www.youtube.com\/channel\/UC-gqMFKMGd8J2pk98ynqexg\" target=\"_blank\">\n\t\t\t\t\t\t<span class=\"elementor-button-content-wrapper\">\n\t\t\t\t\t\t\t\t\t<span class=\"elementor-button-text\">Ver en YouTube<\/span>\n\t\t\t\t\t<\/span>\n\t\t\t\t\t<\/a>\n\t\t<\/div>\n\t\t\t\t<\/div>\n\t\t\t\t<\/div>\n\t\t\t\t\t<\/div>\n\t\t<\/div>\n\t\t\t\t\t<\/div>\n\t\t<\/section>\n\t\t\t\t<section class=\"elementor-section elementor-top-section elementor-element elementor-element-9e4b8d1 elementor-section-boxed elementor-section-height-default elementor-section-height-default\" data-id=\"9e4b8d1\" data-element_type=\"section\">\n\t\t\t\t\t\t<div class=\"elementor-container elementor-column-gap-default\">\n\t\t\t\t\t<div class=\"elementor-column elementor-col-50 elementor-top-column elementor-element elementor-element-e973a1c\" data-id=\"e973a1c\" data-element_type=\"column\">\n\t\t\t<div class=\"elementor-widget-wrap elementor-element-populated\">\n\t\t\t\t\t\t<div class=\"elementor-element elementor-element-8237863 elementor-widget elementor-widget-image\" data-id=\"8237863\" data-element_type=\"widget\" data-widget_type=\"image.default\">\n\t\t\t\t<div class=\"elementor-widget-container\">\n\t\t\t\t\t\t\t\t\t\t\t\t\t\t<a href=\"https:\/\/revistas.unlp.edu.ar\/CienciasAplicadas\/issue\/view\/638\">\n\t\t\t\t\t\t\t<img loading=\"lazy\" decoding=\"async\" width=\"525\" height=\"743\" src=\"https:\/\/cindeca.quimica.unlp.edu.ar\/wp-content\/uploads\/2023\/04\/V-Jornadas-724x1024.jpg\" class=\"attachment-large size-large wp-image-6497\" alt=\"\" srcset=\"https:\/\/cindeca.quimica.unlp.edu.ar\/wp-content\/uploads\/2023\/04\/V-Jornadas-724x1024.jpg 724w, https:\/\/cindeca.quimica.unlp.edu.ar\/wp-content\/uploads\/2023\/04\/V-Jornadas-212x300.jpg 212w, https:\/\/cindeca.quimica.unlp.edu.ar\/wp-content\/uploads\/2023\/04\/V-Jornadas-768x1086.jpg 768w, https:\/\/cindeca.quimica.unlp.edu.ar\/wp-content\/uploads\/2023\/04\/V-Jornadas-1086x1536.jpg 1086w, https:\/\/cindeca.quimica.unlp.edu.ar\/wp-content\/uploads\/2023\/04\/V-Jornadas-1448x2048.jpg 1448w, https:\/\/cindeca.quimica.unlp.edu.ar\/wp-content\/uploads\/2023\/04\/V-Jornadas-scaled.jpg 1811w\" sizes=\"100vw\" \/>\t\t\t\t\t\t\t\t<\/a>\n\t\t\t\t\t\t\t\t\t\t\t\t\t<\/div>\n\t\t\t\t<\/div>\n\t\t\t\t\t<\/div>\n\t\t<\/div>\n\t\t\t\t<div class=\"elementor-column elementor-col-50 elementor-top-column elementor-element elementor-element-6d580a3\" data-id=\"6d580a3\" data-element_type=\"column\">\n\t\t\t<div class=\"elementor-widget-wrap elementor-element-populated\">\n\t\t\t\t\t\t<div class=\"elementor-element elementor-element-5f7de78 elementor-widget elementor-widget-image\" data-id=\"5f7de78\" data-element_type=\"widget\" data-widget_type=\"image.default\">\n\t\t\t\t<div class=\"elementor-widget-container\">\n\t\t\t\t\t\t\t\t\t\t<figure class=\"wp-caption\">\n\t\t\t\t\t\t\t\t\t\t\t<a href=\"https:\/\/www.sciencedirect.com\/journal\/catalysis-today\/vol\/372\/suppl\/C\">\n\t\t\t\t\t\t\t<img loading=\"lazy\" decoding=\"async\" width=\"150\" height=\"200\" src=\"https:\/\/cindeca.quimica.unlp.edu.ar\/wp-content\/uploads\/2023\/04\/1-s2.0-S0920586121X00107-cov200h-1.gif\" class=\"attachment-large size-large wp-image-6498\" alt=\"\" sizes=\"100vw\" \/>\t\t\t\t\t\t\t\t<\/a>\n\t\t\t\t\t\t\t\t\t\t\t<figcaption class=\"widget-image-caption wp-caption-text\">Catalysis Today - N\u00famero especial  VJCA<\/figcaption>\n\t\t\t\t\t\t\t\t\t\t<\/figure>\n\t\t\t\t\t\t\t<\/div>\n\t\t\t\t<\/div>\n\t\t\t\t\t<\/div>\n\t\t<\/div>\n\t\t\t\t\t<\/div>\n\t\t<\/section>\n\t\t\t\t<section class=\"elementor-section elementor-top-section elementor-element elementor-element-6db8ef5 elementor-section-boxed elementor-section-height-default elementor-section-height-default\" data-id=\"6db8ef5\" data-element_type=\"section\">\n\t\t\t\t\t\t<div class=\"elementor-container elementor-column-gap-default\">\n\t\t\t\t\t<div class=\"elementor-column elementor-col-50 elementor-top-column elementor-element elementor-element-ce78fbe\" data-id=\"ce78fbe\" data-element_type=\"column\">\n\t\t\t<div class=\"elementor-widget-wrap elementor-element-populated\">\n\t\t\t\t\t\t<div class=\"elementor-element elementor-element-04a6003 elementor-widget elementor-widget-image\" data-id=\"04a6003\" data-element_type=\"widget\" data-widget_type=\"image.default\">\n\t\t\t\t<div class=\"elementor-widget-container\">\n\t\t\t\t\t\t\t\t\t\t\t\t\t\t<a href=\"https:\/\/revistas.unlp.edu.ar\/CienciasAplicadas\/issue\/view\/358\">\n\t\t\t\t\t\t\t<img loading=\"lazy\" decoding=\"async\" width=\"525\" height=\"745\" src=\"https:\/\/cindeca.quimica.unlp.edu.ar\/wp-content\/uploads\/2023\/04\/Iv-jornadas-722x1024.png\" class=\"attachment-large size-large wp-image-6502\" alt=\"\" srcset=\"https:\/\/cindeca.quimica.unlp.edu.ar\/wp-content\/uploads\/2023\/04\/Iv-jornadas-722x1024.png 722w, https:\/\/cindeca.quimica.unlp.edu.ar\/wp-content\/uploads\/2023\/04\/Iv-jornadas-211x300.png 211w, https:\/\/cindeca.quimica.unlp.edu.ar\/wp-content\/uploads\/2023\/04\/Iv-jornadas-768x1090.png 768w, https:\/\/cindeca.quimica.unlp.edu.ar\/wp-content\/uploads\/2023\/04\/Iv-jornadas-1082x1536.png 1082w, https:\/\/cindeca.quimica.unlp.edu.ar\/wp-content\/uploads\/2023\/04\/Iv-jornadas-1443x2048.png 1443w\" sizes=\"100vw\" \/>\t\t\t\t\t\t\t\t<\/a>\n\t\t\t\t\t\t\t\t\t\t\t\t\t<\/div>\n\t\t\t\t<\/div>\n\t\t\t\t\t<\/div>\n\t\t<\/div>\n\t\t\t\t<div class=\"elementor-column elementor-col-50 elementor-top-column elementor-element elementor-element-92143a6\" data-id=\"92143a6\" data-element_type=\"column\">\n\t\t\t<div class=\"elementor-widget-wrap elementor-element-populated\">\n\t\t\t\t\t\t<div class=\"elementor-element elementor-element-2133015 elementor-widget elementor-widget-image\" data-id=\"2133015\" data-element_type=\"widget\" data-widget_type=\"image.default\">\n\t\t\t\t<div class=\"elementor-widget-container\">\n\t\t\t\t\t\t\t\t\t\t\t\t\t\t<a href=\"https:\/\/www.aqa.org.ar\/images\/anales\/pdf106-1\/106-1.pdf%20\">\n\t\t\t\t\t\t\t<img loading=\"lazy\" decoding=\"async\" width=\"525\" height=\"743\" src=\"https:\/\/cindeca.quimica.unlp.edu.ar\/wp-content\/uploads\/2023\/04\/106-1-tapa-724x1024.jpg\" class=\"attachment-large size-large wp-image-6506\" alt=\"\" srcset=\"https:\/\/cindeca.quimica.unlp.edu.ar\/wp-content\/uploads\/2023\/04\/106-1-tapa-724x1024.jpg 724w, https:\/\/cindeca.quimica.unlp.edu.ar\/wp-content\/uploads\/2023\/04\/106-1-tapa-212x300.jpg 212w, https:\/\/cindeca.quimica.unlp.edu.ar\/wp-content\/uploads\/2023\/04\/106-1-tapa-768x1086.jpg 768w, https:\/\/cindeca.quimica.unlp.edu.ar\/wp-content\/uploads\/2023\/04\/106-1-tapa-1086x1536.jpg 1086w, https:\/\/cindeca.quimica.unlp.edu.ar\/wp-content\/uploads\/2023\/04\/106-1-tapa-1448x2048.jpg 1448w, https:\/\/cindeca.quimica.unlp.edu.ar\/wp-content\/uploads\/2023\/04\/106-1-tapa-scaled.jpg 1811w\" sizes=\"100vw\" \/>\t\t\t\t\t\t\t\t<\/a>\n\t\t\t\t\t\t\t\t\t\t\t\t\t<\/div>\n\t\t\t\t<\/div>\n\t\t\t\t\t<\/div>\n\t\t<\/div>\n\t\t\t\t\t<\/div>\n\t\t<\/section>\n\t\t\t\t<section class=\"elementor-section elementor-top-section elementor-element elementor-element-abb1827 elementor-section-boxed elementor-section-height-default elementor-section-height-default\" data-id=\"abb1827\" data-element_type=\"section\">\n\t\t\t\t\t\t<div class=\"elementor-container elementor-column-gap-default\">\n\t\t\t\t\t<div class=\"elementor-column elementor-col-50 elementor-top-column elementor-element elementor-element-8a0f858\" data-id=\"8a0f858\" data-element_type=\"column\">\n\t\t\t<div class=\"elementor-widget-wrap elementor-element-populated\">\n\t\t\t\t\t\t<div class=\"elementor-element elementor-element-7b40b17 elementor-widget elementor-widget-image\" data-id=\"7b40b17\" data-element_type=\"widget\" data-widget_type=\"image.default\">\n\t\t\t\t<div class=\"elementor-widget-container\">\n\t\t\t\t\t\t\t\t\t\t<figure class=\"wp-caption\">\n\t\t\t\t\t\t\t\t\t\t\t<a href=\"https:\/\/revistas.unlp.edu.ar\/InvJov\/issue\/view\/235\">\n\t\t\t\t\t\t\t<img loading=\"lazy\" decoding=\"async\" width=\"525\" height=\"758\" src=\"https:\/\/cindeca.quimica.unlp.edu.ar\/wp-content\/uploads\/2023\/04\/inv-joven-2015-709x1024.jpg\" class=\"attachment-large size-large wp-image-6511\" alt=\"\" srcset=\"https:\/\/cindeca.quimica.unlp.edu.ar\/wp-content\/uploads\/2023\/04\/inv-joven-2015-709x1024.jpg 709w, https:\/\/cindeca.quimica.unlp.edu.ar\/wp-content\/uploads\/2023\/04\/inv-joven-2015-208x300.jpg 208w, https:\/\/cindeca.quimica.unlp.edu.ar\/wp-content\/uploads\/2023\/04\/inv-joven-2015.jpg 720w\" sizes=\"100vw\" \/>\t\t\t\t\t\t\t\t<\/a>\n\t\t\t\t\t\t\t\t\t\t\t<figcaption class=\"widget-image-caption wp-caption-text\">N\u00famero especial III JCA<\/figcaption>\n\t\t\t\t\t\t\t\t\t\t<\/figure>\n\t\t\t\t\t\t\t<\/div>\n\t\t\t\t<\/div>\n\t\t\t\t\t<\/div>\n\t\t<\/div>\n\t\t\t\t<div class=\"elementor-column elementor-col-50 elementor-top-column elementor-element elementor-element-f7ab35a\" data-id=\"f7ab35a\" data-element_type=\"column\">\n\t\t\t<div class=\"elementor-widget-wrap elementor-element-populated\">\n\t\t\t\t\t\t<div class=\"elementor-element elementor-element-7b1e2f8 elementor-widget elementor-widget-image\" data-id=\"7b1e2f8\" data-element_type=\"widget\" data-widget_type=\"image.default\">\n\t\t\t\t<div class=\"elementor-widget-container\">\n\t\t\t\t\t\t\t\t\t\t<figure class=\"wp-caption\">\n\t\t\t\t\t\t\t\t\t\t\t<a href=\"https:\/\/www.eurekaselect.com\/article\/61724\">\n\t\t\t\t\t\t\t<img loading=\"lazy\" decoding=\"async\" width=\"133\" height=\"172\" src=\"https:\/\/cindeca.quimica.unlp.edu.ar\/wp-content\/uploads\/2023\/04\/CCAT.gif\" class=\"attachment-large size-large wp-image-6515\" alt=\"\" sizes=\"100vw\" \/>\t\t\t\t\t\t\t\t<\/a>\n\t\t\t\t\t\t\t\t\t\t\t<figcaption class=\"widget-image-caption wp-caption-text\">N\u00famero especial II JCA<\/figcaption>\n\t\t\t\t\t\t\t\t\t\t<\/figure>\n\t\t\t\t\t\t\t<\/div>\n\t\t\t\t<\/div>\n\t\t\t\t\t<\/div>\n\t\t<\/div>\n\t\t\t\t\t<\/div>\n\t\t<\/section>\n\t\t\t\t<section class=\"elementor-section elementor-top-section elementor-element elementor-element-f176e66 elementor-section-boxed elementor-section-height-default elementor-section-height-default\" data-id=\"f176e66\" data-element_type=\"section\">\n\t\t\t\t\t\t<div class=\"elementor-container elementor-column-gap-default\">\n\t\t\t\t\t<div class=\"elementor-column elementor-col-100 elementor-top-column elementor-element elementor-element-078e049\" data-id=\"078e049\" data-element_type=\"column\">\n\t\t\t<div class=\"elementor-widget-wrap elementor-element-populated\">\n\t\t\t\t\t\t<div class=\"elementor-element elementor-element-c268dc6 elementor-arrows-position-inside elementor-pagination-position-outside elementor-widget elementor-widget-image-carousel\" data-id=\"c268dc6\" data-element_type=\"widget\" data-settings=\"{&quot;navigation&quot;:&quot;both&quot;,&quot;autoplay&quot;:&quot;yes&quot;,&quot;pause_on_hover&quot;:&quot;yes&quot;,&quot;pause_on_interaction&quot;:&quot;yes&quot;,&quot;autoplay_speed&quot;:5000,&quot;infinite&quot;:&quot;yes&quot;,&quot;speed&quot;:500}\" data-widget_type=\"image-carousel.default\">\n\t\t\t\t<div class=\"elementor-widget-container\">\n\t\t\t\t\t<div class=\"elementor-image-carousel-wrapper swiper\" dir=\"ltr\">\n\t\t\t<div class=\"elementor-image-carousel swiper-wrapper\" aria-live=\"off\">\n\t\t\t\t\t\t\t\t<div class=\"swiper-slide\" role=\"group\" aria-roledescription=\"slide\" aria-label=\"1 of 13\"><figure class=\"swiper-slide-inner\"><img decoding=\"async\" class=\"swiper-slide-image\" src=\"https:\/\/cindeca.quimica.unlp.edu.ar\/wp-content\/uploads\/2020\/01\/DSC_0021-300x200.jpg\" alt=\"Jornadas\" \/><\/figure><\/div><div class=\"swiper-slide\" role=\"group\" aria-roledescription=\"slide\" aria-label=\"2 of 13\"><figure class=\"swiper-slide-inner\"><img decoding=\"async\" class=\"swiper-slide-image\" src=\"https:\/\/cindeca.quimica.unlp.edu.ar\/wp-content\/uploads\/2020\/01\/DSC_0018-300x200.jpg\" alt=\"Jornadas\" \/><\/figure><\/div><div class=\"swiper-slide\" role=\"group\" aria-roledescription=\"slide\" aria-label=\"3 of 13\"><figure class=\"swiper-slide-inner\"><img decoding=\"async\" class=\"swiper-slide-image\" src=\"https:\/\/cindeca.quimica.unlp.edu.ar\/wp-content\/uploads\/2021\/12\/IMG_2772-300x200.jpg\" alt=\"IMG_2772\" \/><\/figure><\/div><div class=\"swiper-slide\" role=\"group\" aria-roledescription=\"slide\" aria-label=\"4 of 13\"><figure class=\"swiper-slide-inner\"><img decoding=\"async\" class=\"swiper-slide-image\" src=\"https:\/\/cindeca.quimica.unlp.edu.ar\/wp-content\/uploads\/2021\/12\/IMG_2783-300x200.jpg\" alt=\"IMG_2783\" \/><\/figure><\/div><div class=\"swiper-slide\" role=\"group\" aria-roledescription=\"slide\" aria-label=\"5 of 13\"><figure class=\"swiper-slide-inner\"><img decoding=\"async\" class=\"swiper-slide-image\" src=\"https:\/\/cindeca.quimica.unlp.edu.ar\/wp-content\/uploads\/2021\/12\/IMG_2791-300x200.jpg\" alt=\"IMG_2791\" \/><\/figure><\/div><div class=\"swiper-slide\" role=\"group\" aria-roledescription=\"slide\" aria-label=\"6 of 13\"><figure class=\"swiper-slide-inner\"><img decoding=\"async\" class=\"swiper-slide-image\" src=\"https:\/\/cindeca.quimica.unlp.edu.ar\/wp-content\/uploads\/2021\/12\/IMG_2855-300x200.jpg\" alt=\"IMG_2855\" \/><\/figure><\/div><div class=\"swiper-slide\" role=\"group\" aria-roledescription=\"slide\" aria-label=\"7 of 13\"><figure class=\"swiper-slide-inner\"><img decoding=\"async\" class=\"swiper-slide-image\" src=\"https:\/\/cindeca.quimica.unlp.edu.ar\/wp-content\/uploads\/2021\/12\/IMG_2792-300x200.jpg\" alt=\"IMG_2792\" \/><\/figure><\/div><div class=\"swiper-slide\" role=\"group\" aria-roledescription=\"slide\" aria-label=\"8 of 13\"><figure class=\"swiper-slide-inner\"><img decoding=\"async\" class=\"swiper-slide-image\" src=\"https:\/\/cindeca.quimica.unlp.edu.ar\/wp-content\/uploads\/2021\/12\/IMG_2793-300x200.jpg\" alt=\"IMG_2793\" \/><\/figure><\/div><div class=\"swiper-slide\" role=\"group\" aria-roledescription=\"slide\" aria-label=\"9 of 13\"><figure class=\"swiper-slide-inner\"><img decoding=\"async\" class=\"swiper-slide-image\" src=\"https:\/\/cindeca.quimica.unlp.edu.ar\/wp-content\/uploads\/2021\/12\/IMG_2826-300x200.jpg\" alt=\"IMG_2826\" \/><\/figure><\/div><div class=\"swiper-slide\" role=\"group\" aria-roledescription=\"slide\" aria-label=\"10 of 13\"><figure class=\"swiper-slide-inner\"><img decoding=\"async\" class=\"swiper-slide-image\" src=\"https:\/\/cindeca.quimica.unlp.edu.ar\/wp-content\/uploads\/2021\/12\/IMG_2976-300x200.jpg\" alt=\"IMG_2976\" \/><\/figure><\/div><div class=\"swiper-slide\" role=\"group\" aria-roledescription=\"slide\" aria-label=\"11 of 13\"><figure class=\"swiper-slide-inner\"><img decoding=\"async\" class=\"swiper-slide-image\" src=\"https:\/\/cindeca.quimica.unlp.edu.ar\/wp-content\/uploads\/2021\/12\/IMG_2922-300x200.jpg\" alt=\"IMG_2922\" \/><\/figure><\/div><div class=\"swiper-slide\" role=\"group\" aria-roledescription=\"slide\" aria-label=\"12 of 13\"><figure class=\"swiper-slide-inner\"><img decoding=\"async\" class=\"swiper-slide-image\" src=\"https:\/\/cindeca.quimica.unlp.edu.ar\/wp-content\/uploads\/2021\/12\/IMG_2787_01-e1640193052547-300x200.jpg\" alt=\"IMG_2787_01\" \/><\/figure><\/div><div class=\"swiper-slide\" role=\"group\" aria-roledescription=\"slide\" aria-label=\"13 of 13\"><figure class=\"swiper-slide-inner\"><img decoding=\"async\" class=\"swiper-slide-image\" src=\"https:\/\/cindeca.quimica.unlp.edu.ar\/wp-content\/uploads\/2021\/12\/IMG_2989-300x200.jpg\" alt=\"IMG_2989\" \/><\/figure><\/div>\t\t\t<\/div>\n\t\t\t\t\t\t\t\t\t\t\t\t<div class=\"elementor-swiper-button elementor-swiper-button-prev\" role=\"button\" tabindex=\"0\">\n\t\t\t\t\t\t<i aria-hidden=\"true\" class=\"eicon-chevron-left\"><\/i>\t\t\t\t\t<\/div>\n\t\t\t\t\t<div class=\"elementor-swiper-button elementor-swiper-button-next\" role=\"button\" tabindex=\"0\">\n\t\t\t\t\t\t<i aria-hidden=\"true\" class=\"eicon-chevron-right\"><\/i>\t\t\t\t\t<\/div>\n\t\t\t\t\n\t\t\t\t\t\t\t\t\t<div class=\"swiper-pagination\"><\/div>\n\t\t\t\t\t\t\t\t\t<\/div>\n\t\t\t\t<\/div>\n\t\t\t\t<\/div>\n\t\t\t\t\t<\/div>\n\t\t<\/div>\n\t\t\t\t\t<\/div>\n\t\t<\/section>\n\t\t\t\t<\/div>\n\t\t","protected":false},"excerpt":{"rendered":"<p>Ver en YouTube Catalysis Today &#8211; N\u00famero especial VJCA N\u00famero especial III JCA N\u00famero especial II JCA Anterior Siguiente<\/p>\n","protected":false},"author":6,"featured_media":0,"parent":0,"menu_order":0,"comment_status":"closed","ping_status":"closed","template":"","meta":{"footnotes":""},"_links":{"self":[{"href":"https:\/\/cindeca.quimica.unlp.edu.ar\/index.php\/wp-json\/wp\/v2\/pages\/399"}],"collection":[{"href":"https:\/\/cindeca.quimica.unlp.edu.ar\/index.php\/wp-json\/wp\/v2\/pages"}],"about":[{"href":"https:\/\/cindeca.quimica.unlp.edu.ar\/index.php\/wp-json\/wp\/v2\/types\/page"}],"author":[{"embeddable":true,"href":"https:\/\/cindeca.quimica.unlp.edu.ar\/index.php\/wp-json\/wp\/v2\/users\/6"}],"replies":[{"embeddable":true,"href":"https:\/\/cindeca.quimica.unlp.edu.ar\/index.php\/wp-json\/wp\/v2\/comments?post=399"}],"version-history":[{"count":57,"href":"https:\/\/cindeca.quimica.unlp.edu.ar\/index.php\/wp-json\/wp\/v2\/pages\/399\/revisions"}],"predecessor-version":[{"id":6961,"href":"https:\/\/cindeca.quimica.unlp.edu.ar\/index.php\/wp-json\/wp\/v2\/pages\/399\/revisions\/6961"}],"wp:attachment":[{"href":"https:\/\/cindeca.quimica.unlp.edu.ar\/index.php\/wp-json\/wp\/v2\/media?parent=399"}],"curies":[{"name":"wp","href":"https:\/\/api.w.org\/{rel}","templated":true}]}}