{"id":3997,"date":"2021-12-18T14:42:44","date_gmt":"2021-12-18T17:42:44","guid":{"rendered":"https:\/\/nuevocindeca.quimica.unlp.edu.ar\/?page_id=3997"},"modified":"2022-04-19T15:06:45","modified_gmt":"2022-04-19T18:06:45","slug":"diseno-de-nuevos-catalizadores-heterogeneos-para-la-obtencion-selectiva-y-ecocompatible-de-glicosidos-bioactivos-y-precursores-de-sintesis","status":"publish","type":"page","link":"https:\/\/cindeca.quimica.unlp.edu.ar\/index.php\/diseno-de-nuevos-catalizadores-heterogeneos-para-la-obtencion-selectiva-y-ecocompatible-de-glicosidos-bioactivos-y-precursores-de-sintesis\/","title":{"rendered":"Dise\u00f1o de nuevos catalizadores heterog\u00e9neos para la obtenci\u00f3n selectiva y ecocompatible de glic\u00f3sidos bioactivos y precursores de s\u00edntesis"},"content":{"rendered":"\t\t<div data-elementor-type=\"wp-page\" data-elementor-id=\"3997\" class=\"elementor elementor-3997\">\n\t\t\t\t\t\t<section class=\"elementor-section elementor-top-section elementor-element elementor-element-16e09b3 elementor-section-boxed elementor-section-height-default elementor-section-height-default\" data-id=\"16e09b3\" data-element_type=\"section\">\n\t\t\t\t\t\t<div class=\"elementor-container elementor-column-gap-default\">\n\t\t\t\t\t<div class=\"elementor-column elementor-col-100 elementor-top-column elementor-element elementor-element-803f675\" data-id=\"803f675\" data-element_type=\"column\">\n\t\t\t<div class=\"elementor-widget-wrap elementor-element-populated\">\n\t\t\t\t\t\t<div class=\"elementor-element elementor-element-c15c81e elementor-widget elementor-widget-heading\" data-id=\"c15c81e\" data-element_type=\"widget\" data-widget_type=\"heading.default\">\n\t\t\t\t<div class=\"elementor-widget-container\">\n\t\t\t<h2 class=\"elementor-heading-title elementor-size-large\">Investigadora responsable<\/h2>\t\t<\/div>\n\t\t\t\t<\/div>\n\t\t\t\t\t<\/div>\n\t\t<\/div>\n\t\t\t\t\t<\/div>\n\t\t<\/section>\n\t\t\t\t<section class=\"elementor-section elementor-top-section elementor-element elementor-element-eb35033 elementor-section-boxed elementor-section-height-default elementor-section-height-default\" data-id=\"eb35033\" data-element_type=\"section\">\n\t\t\t\t\t\t<div class=\"elementor-container elementor-column-gap-default\">\n\t\t\t\t\t<div class=\"elementor-column elementor-col-100 elementor-top-column elementor-element elementor-element-9674c57\" data-id=\"9674c57\" data-element_type=\"column\">\n\t\t\t<div class=\"elementor-widget-wrap elementor-element-populated\">\n\t\t\t\t\t\t<div class=\"elementor-element elementor-element-be16ae0 elementor-widget elementor-widget-image\" data-id=\"be16ae0\" data-element_type=\"widget\" data-widget_type=\"image.default\">\n\t\t\t\t<div class=\"elementor-widget-container\">\n\t\t\t\t\t\t\t\t\t\t\t\t\t<img fetchpriority=\"high\" decoding=\"async\" width=\"221\" height=\"236\" src=\"https:\/\/cindeca.quimica.unlp.edu.ar\/wp-content\/uploads\/2021\/11\/Vazquez_buena_2021.jpg\" class=\"attachment-medium_large size-medium_large wp-image-2490\" alt=\"\" sizes=\"100vw\" \/>\t\t\t\t\t\t\t\t\t\t\t\t\t<\/div>\n\t\t\t\t<\/div>\n\t\t\t\t<div class=\"elementor-element elementor-element-3dc0151 elementor-align-center elementor-widget elementor-widget-button\" data-id=\"3dc0151\" data-element_type=\"widget\" data-widget_type=\"button.default\">\n\t\t\t\t<div class=\"elementor-widget-container\">\n\t\t\t\t\t<div class=\"elementor-button-wrapper\">\n\t\t\t<a class=\"elementor-button elementor-button-link elementor-size-lg\" href=\"https:\/\/www.conicet.gov.ar\/new_scp\/detalle.php?id=22887&#038;datos_academicos=yes\">\n\t\t\t\t\t\t<span class=\"elementor-button-content-wrapper\">\n\t\t\t\t\t\t\t\t\t<span class=\"elementor-button-text\">Dra. Patricia Graciela V\u00e1zquez<\/span>\n\t\t\t\t\t<\/span>\n\t\t\t\t\t<\/a>\n\t\t<\/div>\n\t\t\t\t<\/div>\n\t\t\t\t<\/div>\n\t\t\t\t\t<\/div>\n\t\t<\/div>\n\t\t\t\t\t<\/div>\n\t\t<\/section>\n\t\t\t\t<section class=\"elementor-section elementor-top-section elementor-element elementor-element-4c7cd8f elementor-section-boxed elementor-section-height-default elementor-section-height-default\" data-id=\"4c7cd8f\" data-element_type=\"section\">\n\t\t\t\t\t\t<div class=\"elementor-container elementor-column-gap-default\">\n\t\t\t\t\t<div class=\"elementor-column elementor-col-100 elementor-top-column elementor-element elementor-element-d341534\" data-id=\"d341534\" data-element_type=\"column\">\n\t\t\t<div class=\"elementor-widget-wrap elementor-element-populated\">\n\t\t\t\t\t\t<div class=\"elementor-element elementor-element-9ff3310 elementor-widget elementor-widget-heading\" data-id=\"9ff3310\" data-element_type=\"widget\" data-widget_type=\"heading.default\">\n\t\t\t\t<div class=\"elementor-widget-container\">\n\t\t\t<h2 class=\"elementor-heading-title elementor-size-large\">Responsable Externo<\/h2>\t\t<\/div>\n\t\t\t\t<\/div>\n\t\t\t\t\t<\/div>\n\t\t<\/div>\n\t\t\t\t\t<\/div>\n\t\t<\/section>\n\t\t\t\t<section class=\"elementor-section elementor-top-section elementor-element elementor-element-af36eeb elementor-section-boxed elementor-section-height-default elementor-section-height-default\" data-id=\"af36eeb\" data-element_type=\"section\">\n\t\t\t\t\t\t<div class=\"elementor-container elementor-column-gap-default\">\n\t\t\t\t\t<div class=\"elementor-column elementor-col-100 elementor-top-column elementor-element elementor-element-cc4541f\" data-id=\"cc4541f\" data-element_type=\"column\">\n\t\t\t<div class=\"elementor-widget-wrap elementor-element-populated\">\n\t\t\t\t\t\t<div class=\"elementor-element elementor-element-2b1ae90 elementor-align-center elementor-widget elementor-widget-button\" data-id=\"2b1ae90\" data-element_type=\"widget\" data-widget_type=\"button.default\">\n\t\t\t\t<div class=\"elementor-widget-container\">\n\t\t\t\t\t<div class=\"elementor-button-wrapper\">\n\t\t\t<a class=\"elementor-button elementor-button-link elementor-size-lg\" href=\"https:\/\/www.conicet.gov.ar\/new_scp\/detalle.php?id=23189&#038;datos_academicos=yes\">\n\t\t\t\t\t\t<span class=\"elementor-button-content-wrapper\">\n\t\t\t\t\t\t\t\t\t<span class=\"elementor-button-text\">Dr. Agust\u00edn Ponzinibbio<\/span>\n\t\t\t\t\t<\/span>\n\t\t\t\t\t<\/a>\n\t\t<\/div>\n\t\t\t\t<\/div>\n\t\t\t\t<\/div>\n\t\t\t\t\t<\/div>\n\t\t<\/div>\n\t\t\t\t\t<\/div>\n\t\t<\/section>\n\t\t\t\t<section class=\"elementor-section elementor-top-section elementor-element elementor-element-1a7873e elementor-section-boxed elementor-section-height-default elementor-section-height-default\" data-id=\"1a7873e\" data-element_type=\"section\">\n\t\t\t\t\t\t<div class=\"elementor-container elementor-column-gap-default\">\n\t\t\t\t\t<div class=\"elementor-column elementor-col-100 elementor-top-column elementor-element elementor-element-0cb6caa\" data-id=\"0cb6caa\" data-element_type=\"column\">\n\t\t\t<div class=\"elementor-widget-wrap elementor-element-populated\">\n\t\t\t\t\t\t<div class=\"elementor-element elementor-element-769a983 elementor-widget elementor-widget-heading\" data-id=\"769a983\" data-element_type=\"widget\" data-widget_type=\"heading.default\">\n\t\t\t\t<div class=\"elementor-widget-container\">\n\t\t\t<h2 class=\"elementor-heading-title elementor-size-large\">Integrantes<\/h2>\t\t<\/div>\n\t\t\t\t<\/div>\n\t\t\t\t\t<\/div>\n\t\t<\/div>\n\t\t\t\t\t<\/div>\n\t\t<\/section>\n\t\t\t\t<section class=\"elementor-section elementor-top-section elementor-element elementor-element-8493552 elementor-section-boxed elementor-section-height-default elementor-section-height-default\" data-id=\"8493552\" data-element_type=\"section\">\n\t\t\t\t\t\t<div class=\"elementor-container elementor-column-gap-default\">\n\t\t\t\t\t<div class=\"elementor-column elementor-col-33 elementor-top-column elementor-element elementor-element-43ac316\" data-id=\"43ac316\" data-element_type=\"column\">\n\t\t\t<div class=\"elementor-widget-wrap elementor-element-populated\">\n\t\t\t\t\t\t<div class=\"elementor-element elementor-element-a23b91d elementor-widget elementor-widget-image\" data-id=\"a23b91d\" data-element_type=\"widget\" data-widget_type=\"image.default\">\n\t\t\t\t<div class=\"elementor-widget-container\">\n\t\t\t\t\t\t\t\t\t\t\t\t\t<img decoding=\"async\" width=\"525\" height=\"590\" src=\"https:\/\/cindeca.quimica.unlp.edu.ar\/wp-content\/uploads\/2021\/12\/DSC04629-2-911x1024.jpg\" class=\"attachment-large size-large wp-image-4161\" alt=\"\" srcset=\"https:\/\/cindeca.quimica.unlp.edu.ar\/wp-content\/uploads\/2021\/12\/DSC04629-2-911x1024.jpg 911w, https:\/\/cindeca.quimica.unlp.edu.ar\/wp-content\/uploads\/2021\/12\/DSC04629-2-267x300.jpg 267w, https:\/\/cindeca.quimica.unlp.edu.ar\/wp-content\/uploads\/2021\/12\/DSC04629-2-768x863.jpg 768w, https:\/\/cindeca.quimica.unlp.edu.ar\/wp-content\/uploads\/2021\/12\/DSC04629-2.jpg 1215w\" sizes=\"100vw\" \/>\t\t\t\t\t\t\t\t\t\t\t\t\t<\/div>\n\t\t\t\t<\/div>\n\t\t\t\t<div class=\"elementor-element elementor-element-7317881 elementor-align-center elementor-widget elementor-widget-button\" data-id=\"7317881\" data-element_type=\"widget\" data-widget_type=\"button.default\">\n\t\t\t\t<div class=\"elementor-widget-container\">\n\t\t\t\t\t<div class=\"elementor-button-wrapper\">\n\t\t\t<a class=\"elementor-button elementor-button-link elementor-size-md\" href=\"https:\/\/www.conicet.gov.ar\/new_scp\/detalle.php?id=30763&#038;datos_academicos=yes\">\n\t\t\t\t\t\t<span class=\"elementor-button-content-wrapper\">\n\t\t\t\t\t\t\t\t\t<span class=\"elementor-button-text\">Prof. Dr. Gustavo Romanelli<\/span>\n\t\t\t\t\t<\/span>\n\t\t\t\t\t<\/a>\n\t\t<\/div>\n\t\t\t\t<\/div>\n\t\t\t\t<\/div>\n\t\t\t\t\t<\/div>\n\t\t<\/div>\n\t\t\t\t<div class=\"elementor-column elementor-col-33 elementor-top-column elementor-element elementor-element-cefd341\" data-id=\"cefd341\" data-element_type=\"column\">\n\t\t\t<div class=\"elementor-widget-wrap elementor-element-populated\">\n\t\t\t\t\t\t<div class=\"elementor-element elementor-element-1d9349b elementor-widget elementor-widget-image\" data-id=\"1d9349b\" data-element_type=\"widget\" data-widget_type=\"image.default\">\n\t\t\t\t<div class=\"elementor-widget-container\">\n\t\t\t\t\t\t\t\t\t\t\t\t\t<img decoding=\"async\" width=\"150\" height=\"150\" src=\"https:\/\/cindeca.quimica.unlp.edu.ar\/wp-content\/uploads\/2021\/11\/Palermo_buena_2021-150x150.jpg\" class=\"attachment-thumbnail size-thumbnail wp-image-2494\" alt=\"\" srcset=\"https:\/\/cindeca.quimica.unlp.edu.ar\/wp-content\/uploads\/2021\/11\/Palermo_buena_2021-150x150.jpg 150w, https:\/\/cindeca.quimica.unlp.edu.ar\/wp-content\/uploads\/2021\/11\/Palermo_buena_2021-100x100.jpg 100w, https:\/\/cindeca.quimica.unlp.edu.ar\/wp-content\/uploads\/2021\/11\/Palermo_buena_2021.jpg 236w\" sizes=\"100vw\" \/>\t\t\t\t\t\t\t\t\t\t\t\t\t<\/div>\n\t\t\t\t<\/div>\n\t\t\t\t<div class=\"elementor-element elementor-element-7173650 elementor-align-center elementor-widget elementor-widget-button\" data-id=\"7173650\" data-element_type=\"widget\" data-widget_type=\"button.default\">\n\t\t\t\t<div class=\"elementor-widget-container\">\n\t\t\t\t\t<div class=\"elementor-button-wrapper\">\n\t\t\t<a class=\"elementor-button elementor-button-link elementor-size-md\" href=\"https:\/\/www.conicet.gov.ar\/new_scp\/detalle.php?id=30953&#038;datos_academicos=yes%20\">\n\t\t\t\t\t\t<span class=\"elementor-button-content-wrapper\">\n\t\t\t\t\t\t\t\t\t<span class=\"elementor-button-text\">Dra. Valeria Palermo<\/span>\n\t\t\t\t\t<\/span>\n\t\t\t\t\t<\/a>\n\t\t<\/div>\n\t\t\t\t<\/div>\n\t\t\t\t<\/div>\n\t\t\t\t\t<\/div>\n\t\t<\/div>\n\t\t\t\t<div class=\"elementor-column elementor-col-33 elementor-top-column elementor-element elementor-element-0036a91\" data-id=\"0036a91\" data-element_type=\"column\">\n\t\t\t<div class=\"elementor-widget-wrap elementor-element-populated\">\n\t\t\t\t\t\t<div class=\"elementor-element elementor-element-284e590 elementor-widget elementor-widget-image\" data-id=\"284e590\" data-element_type=\"widget\" data-widget_type=\"image.default\">\n\t\t\t\t<div class=\"elementor-widget-container\">\n\t\t\t\t\t\t\t\t\t\t\t\t\t<img loading=\"lazy\" decoding=\"async\" width=\"200\" height=\"201\" src=\"https:\/\/cindeca.quimica.unlp.edu.ar\/wp-content\/uploads\/2021\/12\/Colombo.png\" class=\"attachment-medium_large size-medium_large wp-image-4021\" alt=\"\" srcset=\"https:\/\/cindeca.quimica.unlp.edu.ar\/wp-content\/uploads\/2021\/12\/Colombo.png 200w, https:\/\/cindeca.quimica.unlp.edu.ar\/wp-content\/uploads\/2021\/12\/Colombo-150x150.png 150w, https:\/\/cindeca.quimica.unlp.edu.ar\/wp-content\/uploads\/2021\/12\/Colombo-100x100.png 100w\" sizes=\"100vw\" \/>\t\t\t\t\t\t\t\t\t\t\t\t\t<\/div>\n\t\t\t\t<\/div>\n\t\t\t\t<div class=\"elementor-element elementor-element-f069d4c elementor-align-center elementor-widget elementor-widget-button\" data-id=\"f069d4c\" data-element_type=\"widget\" data-widget_type=\"button.default\">\n\t\t\t\t<div class=\"elementor-widget-container\">\n\t\t\t\t\t<div class=\"elementor-button-wrapper\">\n\t\t\t<a class=\"elementor-button elementor-button-link elementor-size-md\" href=\"https:\/\/www.conicet.gov.ar\/new_scp\/detalle.php?%20id=53506&#038;datos_academicos=yes\">\n\t\t\t\t\t\t<span class=\"elementor-button-content-wrapper\">\n\t\t\t\t\t\t\t\t\t<span class=\"elementor-button-text\">Dra. Bel\u00e9n Colombo Migliorero<\/span>\n\t\t\t\t\t<\/span>\n\t\t\t\t\t<\/a>\n\t\t<\/div>\n\t\t\t\t<\/div>\n\t\t\t\t<\/div>\n\t\t\t\t\t<\/div>\n\t\t<\/div>\n\t\t\t\t\t<\/div>\n\t\t<\/section>\n\t\t\t\t<section class=\"elementor-section elementor-top-section elementor-element elementor-element-24874ef elementor-section-boxed elementor-section-height-default elementor-section-height-default\" data-id=\"24874ef\" data-element_type=\"section\">\n\t\t\t\t\t\t<div class=\"elementor-container elementor-column-gap-default\">\n\t\t\t\t\t<div class=\"elementor-column elementor-col-100 elementor-top-column elementor-element elementor-element-89ca5cc\" data-id=\"89ca5cc\" data-element_type=\"column\">\n\t\t\t<div class=\"elementor-widget-wrap elementor-element-populated\">\n\t\t\t\t\t\t<div class=\"elementor-element elementor-element-a4f4708 elementor-widget elementor-widget-text-editor\" data-id=\"a4f4708\" data-element_type=\"widget\" data-widget_type=\"text-editor.default\">\n\t\t\t\t<div class=\"elementor-widget-container\">\n\t\t\t\t\t\t\t<p><span style=\"font-weight: 400; color: #000000;\">La investigaci\u00f3n propuesta tiene como objetivo general dise\u00f1ar nuevos catalizadores heterog\u00e9neos, estudiar su estructura e investigar su actividad en reacciones de oxidaci\u00f3n de az\u00facares de relevancia bioqu\u00edmica o precursores de s\u00edntesis.\u00a0<\/span><\/p><p><span style=\"font-weight: 400;\"><span style=\"color: #000000;\">En particular, se busca dise\u00f1ar materiales h\u00edbridos, a base de s\u00edlice, al\u00famina y titania, en los cuales se incluir\u00e1n heteropoli\u00e1cidos con estructura primaria tipo Keggin. Estos compuestos se emplear\u00e1n como catalizadores en la reacci\u00f3n de oxidaci\u00f3n de diversos derivados de az\u00facares, estudiando las s\u00edntesis que permitan obtener selectivamente y con buenos rendimientos los correspondientes C-, O- y S-glic\u00f3sidos.<\/span><\/span><\/p>\t\t\t\t\t\t<\/div>\n\t\t\t\t<\/div>\n\t\t\t\t\t<\/div>\n\t\t<\/div>\n\t\t\t\t\t<\/div>\n\t\t<\/section>\n\t\t\t\t<section class=\"elementor-section elementor-top-section elementor-element elementor-element-46bb0d5 elementor-section-boxed elementor-section-height-default elementor-section-height-default\" data-id=\"46bb0d5\" data-element_type=\"section\">\n\t\t\t\t\t\t<div class=\"elementor-container elementor-column-gap-default\">\n\t\t\t\t\t<div class=\"elementor-column elementor-col-100 elementor-top-column elementor-element elementor-element-72d0f64\" data-id=\"72d0f64\" data-element_type=\"column\">\n\t\t\t<div class=\"elementor-widget-wrap elementor-element-populated\">\n\t\t\t\t\t\t<div class=\"elementor-element elementor-element-373005e elementor-position-right elementor-view-default elementor-mobile-position-top elementor-vertical-align-top elementor-widget elementor-widget-icon-box\" data-id=\"373005e\" data-element_type=\"widget\" data-widget_type=\"icon-box.default\">\n\t\t\t\t<div class=\"elementor-widget-container\">\n\t\t\t\t\t<div class=\"elementor-icon-box-wrapper\">\n\n\t\t\t\t\t\t<div class=\"elementor-icon-box-icon\">\n\t\t\t\t<a href=\"https:\/\/nuevocindeca.quimica.unlp.edu.ar\/index.php\/contacto-patricia-vazquez\/\" class=\"elementor-icon elementor-animation-\" tabindex=\"-1\">\n\t\t\t\t<i aria-hidden=\"true\" class=\"far fa-envelope\"><\/i>\t\t\t\t<\/a>\n\t\t\t<\/div>\n\t\t\t\n\t\t\t\t\t\t<div class=\"elementor-icon-box-content\">\n\n\t\t\t\t\n\t\t\t\t\t\t\t\t\t<p class=\"elementor-icon-box-description\">\n\t\t\t\t\t\tContacto\t\t\t\t\t<\/p>\n\t\t\t\t\n\t\t\t<\/div>\n\t\t\t\n\t\t<\/div>\n\t\t\t\t<\/div>\n\t\t\t\t<\/div>\n\t\t\t\t\t<\/div>\n\t\t<\/div>\n\t\t\t\t\t<\/div>\n\t\t<\/section>\n\t\t\t\t<\/div>\n\t\t","protected":false},"excerpt":{"rendered":"<p>Investigadora responsable Dra. Patricia Graciela V\u00e1zquez Responsable Externo Dr. Agust\u00edn Ponzinibbio Integrantes Prof. Dr. Gustavo Romanelli Dra. Valeria Palermo Dra. Bel\u00e9n Colombo Migliorero La investigaci\u00f3n propuesta tiene como objetivo general dise\u00f1ar nuevos catalizadores heterog\u00e9neos, estudiar su estructura e investigar su actividad en reacciones de oxidaci\u00f3n de az\u00facares de relevancia bioqu\u00edmica o precursores de s\u00edntesis.\u00a0 En &hellip; <\/p>\n<p class=\"link-more\"><a href=\"https:\/\/cindeca.quimica.unlp.edu.ar\/index.php\/diseno-de-nuevos-catalizadores-heterogeneos-para-la-obtencion-selectiva-y-ecocompatible-de-glicosidos-bioactivos-y-precursores-de-sintesis\/\" class=\"more-link\">Segu\u00ed leyendo<span class=\"screen-reader-text\"> &#8220;Dise\u00f1o de nuevos catalizadores heterog\u00e9neos para la obtenci\u00f3n selectiva y ecocompatible de glic\u00f3sidos bioactivos y precursores de s\u00edntesis&#8221;<\/span><\/a><\/p>\n","protected":false},"author":8,"featured_media":0,"parent":0,"menu_order":0,"comment_status":"closed","ping_status":"closed","template":"","meta":{"footnotes":""},"_links":{"self":[{"href":"https:\/\/cindeca.quimica.unlp.edu.ar\/index.php\/wp-json\/wp\/v2\/pages\/3997"}],"collection":[{"href":"https:\/\/cindeca.quimica.unlp.edu.ar\/index.php\/wp-json\/wp\/v2\/pages"}],"about":[{"href":"https:\/\/cindeca.quimica.unlp.edu.ar\/index.php\/wp-json\/wp\/v2\/types\/page"}],"author":[{"embeddable":true,"href":"https:\/\/cindeca.quimica.unlp.edu.ar\/index.php\/wp-json\/wp\/v2\/users\/8"}],"replies":[{"embeddable":true,"href":"https:\/\/cindeca.quimica.unlp.edu.ar\/index.php\/wp-json\/wp\/v2\/comments?post=3997"}],"version-history":[{"count":31,"href":"https:\/\/cindeca.quimica.unlp.edu.ar\/index.php\/wp-json\/wp\/v2\/pages\/3997\/revisions"}],"predecessor-version":[{"id":5582,"href":"https:\/\/cindeca.quimica.unlp.edu.ar\/index.php\/wp-json\/wp\/v2\/pages\/3997\/revisions\/5582"}],"wp:attachment":[{"href":"https:\/\/cindeca.quimica.unlp.edu.ar\/index.php\/wp-json\/wp\/v2\/media?parent=3997"}],"curies":[{"name":"wp","href":"https:\/\/api.w.org\/{rel}","templated":true}]}}