{"id":6125,"date":"2023-02-27T13:52:45","date_gmt":"2023-02-27T16:52:45","guid":{"rendered":"https:\/\/cindeca.quimica.unlp.edu.ar\/?page_id=6125"},"modified":"2023-05-16T13:59:56","modified_gmt":"2023-05-16T16:59:56","slug":"50-anos","status":"publish","type":"page","link":"https:\/\/cindeca.quimica.unlp.edu.ar\/index.php\/50-anos\/","title":{"rendered":"50 a\u00f1os"},"content":{"rendered":"\t\t<div data-elementor-type=\"wp-page\" data-elementor-id=\"6125\" class=\"elementor elementor-6125\">\n\t\t\t\t\t\t<section class=\"elementor-section elementor-top-section elementor-element elementor-element-0677493 elementor-section-boxed elementor-section-height-default elementor-section-height-default\" data-id=\"0677493\" data-element_type=\"section\">\n\t\t\t\t\t\t<div class=\"elementor-container elementor-column-gap-default\">\n\t\t\t\t\t<div class=\"elementor-column elementor-col-100 elementor-top-column elementor-element elementor-element-3d46ba1\" data-id=\"3d46ba1\" data-element_type=\"column\">\n\t\t\t<div class=\"elementor-widget-wrap elementor-element-populated\">\n\t\t\t\t\t\t<div class=\"elementor-element elementor-element-8d303ff elementor-widget elementor-widget-image\" data-id=\"8d303ff\" data-element_type=\"widget\" data-widget_type=\"image.default\">\n\t\t\t\t<div class=\"elementor-widget-container\">\n\t\t\t\t\t\t\t\t\t\t\t\t\t\t<a href=\"https:\/\/congresos.unlp.edu.ar\/viijca-cindecadeoro\/\">\n\t\t\t\t\t\t\t<img decoding=\"async\" width=\"525\" height=\"93\" src=\"https:\/\/cindeca.quimica.unlp.edu.ar\/wp-content\/uploads\/2023\/05\/Imagen2-1024x182.png\" class=\"attachment-large size-large wp-image-6654\" alt=\"\" srcset=\"https:\/\/cindeca.quimica.unlp.edu.ar\/wp-content\/uploads\/2023\/05\/Imagen2-1024x182.png 1024w, https:\/\/cindeca.quimica.unlp.edu.ar\/wp-content\/uploads\/2023\/05\/Imagen2-300x53.png 300w, https:\/\/cindeca.quimica.unlp.edu.ar\/wp-content\/uploads\/2023\/05\/Imagen2-768x136.png 768w, https:\/\/cindeca.quimica.unlp.edu.ar\/wp-content\/uploads\/2023\/05\/Imagen2-1536x272.png 1536w, https:\/\/cindeca.quimica.unlp.edu.ar\/wp-content\/uploads\/2023\/05\/Imagen2-2048x363.png 2048w\" sizes=\"100vw\" \/>\t\t\t\t\t\t\t\t<\/a>\n\t\t\t\t\t\t\t\t\t\t\t\t\t<\/div>\n\t\t\t\t<\/div>\n\t\t\t\t\t<\/div>\n\t\t<\/div>\n\t\t\t\t\t<\/div>\n\t\t<\/section>\n\t\t\t\t<section class=\"elementor-section elementor-top-section elementor-element elementor-element-8199659 elementor-section-boxed elementor-section-height-default elementor-section-height-default\" data-id=\"8199659\" data-element_type=\"section\">\n\t\t\t\t\t\t<div class=\"elementor-container elementor-column-gap-default\">\n\t\t\t\t\t<div class=\"elementor-column elementor-col-100 elementor-top-column elementor-element elementor-element-627b90c\" data-id=\"627b90c\" data-element_type=\"column\">\n\t\t\t<div class=\"elementor-widget-wrap elementor-element-populated\">\n\t\t\t\t\t\t<div class=\"elementor-element elementor-element-6b6b9df elementor-widget elementor-widget-image\" data-id=\"6b6b9df\" data-element_type=\"widget\" data-widget_type=\"image.default\">\n\t\t\t\t<div class=\"elementor-widget-container\">\n\t\t\t\t\t\t\t\t\t\t\t\t\t<img fetchpriority=\"high\" decoding=\"async\" width=\"525\" height=\"774\" src=\"https:\/\/cindeca.quimica.unlp.edu.ar\/wp-content\/uploads\/2023\/05\/Primera-Circular-VII-JCA-CINDECA-695x1024.jpg\" class=\"attachment-large size-large wp-image-6658\" alt=\"\" srcset=\"https:\/\/cindeca.quimica.unlp.edu.ar\/wp-content\/uploads\/2023\/05\/Primera-Circular-VII-JCA-CINDECA-695x1024.jpg 695w, https:\/\/cindeca.quimica.unlp.edu.ar\/wp-content\/uploads\/2023\/05\/Primera-Circular-VII-JCA-CINDECA-204x300.jpg 204w, https:\/\/cindeca.quimica.unlp.edu.ar\/wp-content\/uploads\/2023\/05\/Primera-Circular-VII-JCA-CINDECA-768x1131.jpg 768w, https:\/\/cindeca.quimica.unlp.edu.ar\/wp-content\/uploads\/2023\/05\/Primera-Circular-VII-JCA-CINDECA-1043x1536.jpg 1043w, https:\/\/cindeca.quimica.unlp.edu.ar\/wp-content\/uploads\/2023\/05\/Primera-Circular-VII-JCA-CINDECA-1390x2048.jpg 1390w, https:\/\/cindeca.quimica.unlp.edu.ar\/wp-content\/uploads\/2023\/05\/Primera-Circular-VII-JCA-CINDECA-scaled-e1684256702606.jpg 1466w\" sizes=\"100vw\" \/>\t\t\t\t\t\t\t\t\t\t\t\t\t<\/div>\n\t\t\t\t<\/div>\n\t\t\t\t\t<\/div>\n\t\t<\/div>\n\t\t\t\t\t<\/div>\n\t\t<\/section>\n\t\t\t\t<section class=\"elementor-section elementor-top-section elementor-element elementor-element-08ec4a0 elementor-section-boxed elementor-section-height-default elementor-section-height-default\" data-id=\"08ec4a0\" data-element_type=\"section\">\n\t\t\t\t\t\t<div class=\"elementor-container elementor-column-gap-default\">\n\t\t\t\t\t<div class=\"elementor-column elementor-col-100 elementor-top-column elementor-element elementor-element-8bfbfbd\" data-id=\"8bfbfbd\" data-element_type=\"column\">\n\t\t\t<div class=\"elementor-widget-wrap elementor-element-populated\">\n\t\t\t\t\t\t<div class=\"elementor-element elementor-element-cb0ad34 elementor-arrows-position-inside elementor-pagination-position-outside elementor-widget elementor-widget-image-carousel\" data-id=\"cb0ad34\" data-element_type=\"widget\" data-settings=\"{&quot;slides_to_show&quot;:&quot;1&quot;,&quot;navigation&quot;:&quot;both&quot;,&quot;autoplay&quot;:&quot;yes&quot;,&quot;pause_on_hover&quot;:&quot;yes&quot;,&quot;pause_on_interaction&quot;:&quot;yes&quot;,&quot;autoplay_speed&quot;:5000,&quot;infinite&quot;:&quot;yes&quot;,&quot;effect&quot;:&quot;slide&quot;,&quot;speed&quot;:500}\" data-widget_type=\"image-carousel.default\">\n\t\t\t\t<div class=\"elementor-widget-container\">\n\t\t\t\t\t<div class=\"elementor-image-carousel-wrapper swiper\" dir=\"ltr\">\n\t\t\t<div class=\"elementor-image-carousel swiper-wrapper\" aria-live=\"off\">\n\t\t\t\t\t\t\t\t<div class=\"swiper-slide\" role=\"group\" aria-roledescription=\"slide\" aria-label=\"1 of 11\"><figure class=\"swiper-slide-inner\"><img decoding=\"async\" class=\"swiper-slide-image\" src=\"https:\/\/cindeca.quimica.unlp.edu.ar\/wp-content\/uploads\/2023\/03\/DSC_0324-web-768x432.jpg\" alt=\"Miembros del CINDECA, CONICET-UNLP-CICPBA. Fotos: CONICET Fotograf\u00eda\/R. Barid\u00f3n.\" \/><figcaption class=\"elementor-image-carousel-caption\">Miembros del CINDECA, CONICET-UNLP-CICPBA. Fotos: CONICET Fotograf\u00eda\/R. Barid\u00f3n.<\/figcaption><\/figure><\/div><div class=\"swiper-slide\" role=\"group\" aria-roledescription=\"slide\" aria-label=\"2 of 11\"><figure class=\"swiper-slide-inner\"><img decoding=\"async\" class=\"swiper-slide-image\" src=\"https:\/\/cindeca.quimica.unlp.edu.ar\/wp-content\/uploads\/2023\/03\/DSC_0350-web-768x432.jpg\" alt=\"Carlos Della V\u00e9dova. Fotos: CONICET Fotograf\u00eda\/R. Barid\u00f3n.\" \/><figcaption class=\"elementor-image-carousel-caption\">Carlos Della V\u00e9dova. Fotos: CONICET Fotograf\u00eda\/R. Barid\u00f3n.<\/figcaption><\/figure><\/div><div class=\"swiper-slide\" role=\"group\" aria-roledescription=\"slide\" aria-label=\"3 of 11\"><figure class=\"swiper-slide-inner\"><img decoding=\"async\" class=\"swiper-slide-image\" src=\"https:\/\/cindeca.quimica.unlp.edu.ar\/wp-content\/uploads\/2023\/03\/DSC_0380-web-768x432.jpg\" alt=\"Roberto Rivarola. Fotos: CONICET Fotograf\u00eda\/R. Barid\u00f3n.\" \/><figcaption class=\"elementor-image-carousel-caption\">Roberto Rivarola. Fotos: CONICET Fotograf\u00eda\/R. Barid\u00f3n.<\/figcaption><\/figure><\/div><div class=\"swiper-slide\" role=\"group\" aria-roledescription=\"slide\" aria-label=\"4 of 11\"><figure class=\"swiper-slide-inner\"><img decoding=\"async\" class=\"swiper-slide-image\" src=\"https:\/\/cindeca.quimica.unlp.edu.ar\/wp-content\/uploads\/2023\/03\/DSC_0395-web-768x432.jpg\" alt=\"Mart\u00edn L\u00f3pez Armengol. Fotos: CONICET Fotograf\u00eda\/R. Barid\u00f3n.\" \/><figcaption class=\"elementor-image-carousel-caption\">Mart\u00edn L\u00f3pez Armengol. Fotos: CONICET Fotograf\u00eda\/R. Barid\u00f3n.<\/figcaption><\/figure><\/div><div class=\"swiper-slide\" role=\"group\" aria-roledescription=\"slide\" aria-label=\"5 of 11\"><figure class=\"swiper-slide-inner\"><img decoding=\"async\" class=\"swiper-slide-image\" src=\"https:\/\/cindeca.quimica.unlp.edu.ar\/wp-content\/uploads\/2023\/03\/DSC_0426-web-768x432.jpg\" alt=\"Alejandro Villar. Fotos: CONICET Fotograf\u00eda\/R. Barid\u00f3n.\" \/><figcaption class=\"elementor-image-carousel-caption\">Alejandro Villar. Fotos: CONICET Fotograf\u00eda\/R. Barid\u00f3n.<\/figcaption><\/figure><\/div><div class=\"swiper-slide\" role=\"group\" aria-roledescription=\"slide\" aria-label=\"6 of 11\"><figure class=\"swiper-slide-inner\"><img decoding=\"async\" class=\"swiper-slide-image\" src=\"https:\/\/cindeca.quimica.unlp.edu.ar\/wp-content\/uploads\/2023\/03\/DSC_0438-web-768x432.jpg\" alt=\"Alfredo Calvelo. Fotos: CONICET Fotograf\u00eda\/R. Barid\u00f3n.\" \/><figcaption class=\"elementor-image-carousel-caption\">Alfredo Calvelo. Fotos: CONICET Fotograf\u00eda\/R. Barid\u00f3n.<\/figcaption><\/figure><\/div><div class=\"swiper-slide\" role=\"group\" aria-roledescription=\"slide\" aria-label=\"7 of 11\"><figure class=\"swiper-slide-inner\"><img decoding=\"async\" class=\"swiper-slide-image\" src=\"https:\/\/cindeca.quimica.unlp.edu.ar\/wp-content\/uploads\/2023\/03\/DSC_0460-web-768x432.jpg\" alt=\"M\u00f3nica Casella. Fotos: CONICET Fotograf\u00eda\/R. Barid\u00f3n.\" \/><figcaption class=\"elementor-image-carousel-caption\">M\u00f3nica Casella. Fotos: CONICET Fotograf\u00eda\/R. Barid\u00f3n.<\/figcaption><\/figure><\/div><div class=\"swiper-slide\" role=\"group\" aria-roledescription=\"slide\" aria-label=\"8 of 11\"><figure class=\"swiper-slide-inner\"><img decoding=\"async\" class=\"swiper-slide-image\" src=\"https:\/\/cindeca.quimica.unlp.edu.ar\/wp-content\/uploads\/2023\/03\/DSC_0475-web-768x432.jpg\" alt=\"Andrea G\u00f3mez Zavaglia. Fotos: CONICET Fotograf\u00eda\/R. Barid\u00f3n.\" \/><figcaption class=\"elementor-image-carousel-caption\">Andrea G\u00f3mez Zavaglia. Fotos: CONICET Fotograf\u00eda\/R. Barid\u00f3n.<\/figcaption><\/figure><\/div><div class=\"swiper-slide\" role=\"group\" aria-roledescription=\"slide\" aria-label=\"9 of 11\"><figure class=\"swiper-slide-inner\"><img decoding=\"async\" class=\"swiper-slide-image\" src=\"https:\/\/cindeca.quimica.unlp.edu.ar\/wp-content\/uploads\/2023\/03\/DSC_0485-web-768x432.jpg\" alt=\"Sebasti\u00e1n Cavalitto. Fotos: CONICET Fotograf\u00eda\/R. Barid\u00f3n.\" \/><figcaption class=\"elementor-image-carousel-caption\">Sebasti\u00e1n Cavalitto. Fotos: CONICET Fotograf\u00eda\/R. Barid\u00f3n.<\/figcaption><\/figure><\/div><div class=\"swiper-slide\" role=\"group\" aria-roledescription=\"slide\" aria-label=\"10 of 11\"><figure class=\"swiper-slide-inner\"><img decoding=\"async\" class=\"swiper-slide-image\" src=\"https:\/\/cindeca.quimica.unlp.edu.ar\/wp-content\/uploads\/2023\/03\/DSC_0505-web-768x432.jpg\" alt=\"Eduardo Williams junto a Cavalitto, Casella y G\u00f3mez Zavaglia. Fotos: CONICET Fotograf\u00eda\/R. Barid\u00f3n.\" \/><figcaption class=\"elementor-image-carousel-caption\">Eduardo Williams junto a Cavalitto, Casella y G\u00f3mez Zavaglia. Fotos: CONICET Fotograf\u00eda\/R. Barid\u00f3n.<\/figcaption><\/figure><\/div><div class=\"swiper-slide\" role=\"group\" aria-roledescription=\"slide\" aria-label=\"11 of 11\"><figure class=\"swiper-slide-inner\"><img decoding=\"async\" class=\"swiper-slide-image\" src=\"https:\/\/cindeca.quimica.unlp.edu.ar\/wp-content\/uploads\/2023\/03\/DSC_0510-web-768x432.jpg\" alt=\"Las autoridades del CONICET, la UNLP, la CICPBA y los centros de investigaci\u00f3n. Fotos: CONICET Fotograf\u00eda\/R. Barid\u00f3n.\" \/><figcaption class=\"elementor-image-carousel-caption\">Las autoridades del CONICET, la UNLP, la CICPBA y los centros de investigaci\u00f3n. Fotos: CONICET Fotograf\u00eda\/R. Barid\u00f3n.<\/figcaption><\/figure><\/div>\t\t\t<\/div>\n\t\t\t\t\t\t\t\t\t\t\t\t<div class=\"elementor-swiper-button elementor-swiper-button-prev\" role=\"button\" tabindex=\"0\">\n\t\t\t\t\t\t<i aria-hidden=\"true\" class=\"eicon-chevron-left\"><\/i>\t\t\t\t\t<\/div>\n\t\t\t\t\t<div class=\"elementor-swiper-button elementor-swiper-button-next\" role=\"button\" tabindex=\"0\">\n\t\t\t\t\t\t<i aria-hidden=\"true\" class=\"eicon-chevron-right\"><\/i>\t\t\t\t\t<\/div>\n\t\t\t\t\n\t\t\t\t\t\t\t\t\t<div class=\"swiper-pagination\"><\/div>\n\t\t\t\t\t\t\t\t\t<\/div>\n\t\t\t\t<\/div>\n\t\t\t\t<\/div>\n\t\t\t\t\t<\/div>\n\t\t<\/div>\n\t\t\t\t\t<\/div>\n\t\t<\/section>\n\t\t\t\t<section class=\"elementor-section elementor-top-section elementor-element elementor-element-8ee8d39 elementor-section-boxed elementor-section-height-default elementor-section-height-default\" data-id=\"8ee8d39\" data-element_type=\"section\">\n\t\t\t\t\t\t<div class=\"elementor-container elementor-column-gap-default\">\n\t\t\t\t\t<div class=\"elementor-column elementor-col-100 elementor-top-column elementor-element elementor-element-a663d4e\" data-id=\"a663d4e\" data-element_type=\"column\">\n\t\t\t<div class=\"elementor-widget-wrap elementor-element-populated\">\n\t\t\t\t\t\t<div class=\"elementor-element elementor-element-e500bec elementor-widget elementor-widget-text-editor\" data-id=\"e500bec\" data-element_type=\"widget\" data-widget_type=\"text-editor.default\">\n\t\t\t\t<div class=\"elementor-widget-container\">\n\t\t\t\t\t\t\t<p><span style=\"color: #000000;\"><span style=\"font-family: Roboto, 'Helvetica Neue', Helvetica, Arial, sans-serif; font-size: 18px; background-color: #f9f9f9;\">La sede\u00a0<\/span><span style=\"background-color: #f9f9f9; font-family: Roboto, 'Helvetica Neue', Helvetica, Arial, sans-serif; font-size: 18px; font-weight: var( --e-global-typography-text-font-weight );\">del CONICET La Plata celebr\u00f3 <\/span><span style=\"background-color: #f9f9f9; font-family: Roboto, 'Helvetica Neue', Helvetica, Arial, sans-serif; font-size: 18px; font-weight: var( --e-global-typography-text-font-weight );\">el 50 aniversario de tres centros de investigaci\u00f3n:\u00a0<\/span><span style=\"background-color: #f9f9f9; font-family: Roboto, 'Helvetica Neue', Helvetica, Arial, sans-serif; font-size: 18px; font-weight: var( --e-global-typography-text-font-weight );\">Centro de Investigaci\u00f3n y Desarrollo en Ciencias Aplicadas \u201cDr. Jorge J. Ronco\u201d (CINDECA, CONICET-UNLP-CICPBA),\u00a0<\/span><span style=\"background-color: #f9f9f9; font-family: Roboto, 'Helvetica Neue', Helvetica, Arial, sans-serif; font-size: 18px; font-weight: var( --e-global-typography-text-font-weight );\">Centro de Investigaci\u00f3n y Desarrollo en Criotecnolog\u00eda de Alimentos (CIDCA, CONICET-UNLP-CICPBA) y\u00a0<\/span><span style=\"background-color: #f9f9f9; font-family: Roboto, 'Helvetica Neue', Helvetica, Arial, sans-serif; font-size: 18px; font-weight: var( --e-global-typography-text-font-weight );\">Centro de Investigaci\u00f3n y Desarrollo en Fermentaciones Industriales \u201cDr. Rodolfo Ertola\u201d (CINDEFI, CONICET-UNLP), en un acto que tuvo lugar\u00a0<\/span><span style=\"font-weight: var( --e-global-typography-text-font-weight ); background-color: #f9f9f9; font-family: Roboto, 'Helvetica Neue', Helvetica, Arial, sans-serif; font-size: 18px;\">el pasado<\/span><span style=\"font-weight: var( --e-global-typography-text-font-weight ); background-color: #f9f9f9; font-family: Roboto, 'Helvetica Neue', Helvetica, Arial, sans-serif; font-size: 18px;\"> 17 de marzo. <span style=\"color: #666699;\"><a style=\"color: #666699;\" href=\"https:\/\/cloud.laplata-conicet.gov.ar\/s\/0nE6rUrWkQgRz3d\">Ver acto.<\/a><\/span><\/span><\/span><\/p>\t\t\t\t\t\t<\/div>\n\t\t\t\t<\/div>\n\t\t\t\t\t<\/div>\n\t\t<\/div>\n\t\t\t\t\t<\/div>\n\t\t<\/section>\n\t\t\t\t<section class=\"elementor-section elementor-top-section elementor-element elementor-element-4a7b991 elementor-section-boxed elementor-section-height-default elementor-section-height-default\" data-id=\"4a7b991\" data-element_type=\"section\">\n\t\t\t\t\t\t<div class=\"elementor-container elementor-column-gap-default\">\n\t\t\t\t\t<div class=\"elementor-column elementor-col-100 elementor-top-column elementor-element elementor-element-3fa6481\" data-id=\"3fa6481\" data-element_type=\"column\">\n\t\t\t<div class=\"elementor-widget-wrap elementor-element-populated\">\n\t\t\t\t\t\t<div class=\"elementor-element elementor-element-dc00ac6 elementor-widget-divider--view-line elementor-widget elementor-widget-divider\" data-id=\"dc00ac6\" data-element_type=\"widget\" data-widget_type=\"divider.default\">\n\t\t\t\t<div class=\"elementor-widget-container\">\n\t\t\t\t\t<div class=\"elementor-divider\">\n\t\t\t<span class=\"elementor-divider-separator\">\n\t\t\t\t\t\t<\/span>\n\t\t<\/div>\n\t\t\t\t<\/div>\n\t\t\t\t<\/div>\n\t\t\t\t\t<\/div>\n\t\t<\/div>\n\t\t\t\t\t<\/div>\n\t\t<\/section>\n\t\t\t\t<section class=\"elementor-section elementor-top-section elementor-element elementor-element-e5801ec elementor-section-boxed elementor-section-height-default elementor-section-height-default\" data-id=\"e5801ec\" data-element_type=\"section\">\n\t\t\t\t\t\t<div class=\"elementor-container elementor-column-gap-default\">\n\t\t\t\t\t<div class=\"elementor-column elementor-col-50 elementor-top-column elementor-element elementor-element-c6825c2\" data-id=\"c6825c2\" data-element_type=\"column\">\n\t\t\t<div class=\"elementor-widget-wrap elementor-element-populated\">\n\t\t\t\t\t\t<div class=\"elementor-element elementor-element-3057a83 elementor-widget elementor-widget-text-editor\" data-id=\"3057a83\" data-element_type=\"widget\" data-widget_type=\"text-editor.default\">\n\t\t\t\t<div class=\"elementor-widget-container\">\n\t\t\t\t\t\t\t<p><span style=\"color: #000000;\">Un d\u00eda como hoy, 10 de febrero, hace 50 a\u00f1os, en la ciudad de La Plata se fundaba el Centro de Investigaci\u00f3n y Desarrollo en Ciencias Aplicadas, CINDECA. Resulta dif\u00edcil pensar en este acontecimiento, sin ligarlo indisolublemente a la figura de su creador, el Dr. Jorge J Ronco, quien fue pionero en el impulso de la Tecnolog\u00eda Qu\u00edmica y la Ingenier\u00eda Qu\u00edmica en nuestro pa\u00eds.<\/span><\/p>\t\t\t\t\t\t<\/div>\n\t\t\t\t<\/div>\n\t\t\t\t\t<\/div>\n\t\t<\/div>\n\t\t\t\t<div class=\"elementor-column elementor-col-50 elementor-top-column elementor-element elementor-element-3c2abcf\" data-id=\"3c2abcf\" data-element_type=\"column\">\n\t\t\t<div class=\"elementor-widget-wrap elementor-element-populated\">\n\t\t\t\t\t\t<div class=\"elementor-element elementor-element-814c3fc elementor-widget elementor-widget-image\" data-id=\"814c3fc\" data-element_type=\"widget\" data-widget_type=\"image.default\">\n\t\t\t\t<div class=\"elementor-widget-container\">\n\t\t\t\t\t\t\t\t\t\t\t\t\t<img decoding=\"async\" width=\"200\" height=\"200\" src=\"https:\/\/cindeca.quimica.unlp.edu.ar\/wp-content\/uploads\/2021\/12\/descarga-e1676053791962.jpg\" class=\"attachment-large size-large wp-image-3386\" alt=\"\" srcset=\"https:\/\/cindeca.quimica.unlp.edu.ar\/wp-content\/uploads\/2021\/12\/descarga-e1676053791962.jpg 200w, https:\/\/cindeca.quimica.unlp.edu.ar\/wp-content\/uploads\/2021\/12\/descarga-e1676053791962-150x150.jpg 150w, https:\/\/cindeca.quimica.unlp.edu.ar\/wp-content\/uploads\/2021\/12\/descarga-e1676053791962-100x100.jpg 100w\" sizes=\"100vw\" \/>\t\t\t\t\t\t\t\t\t\t\t\t\t<\/div>\n\t\t\t\t<\/div>\n\t\t\t\t\t<\/div>\n\t\t<\/div>\n\t\t\t\t\t<\/div>\n\t\t<\/section>\n\t\t\t\t<section class=\"elementor-section elementor-top-section elementor-element elementor-element-d246c93 elementor-section-boxed elementor-section-height-default elementor-section-height-default\" data-id=\"d246c93\" data-element_type=\"section\">\n\t\t\t\t\t\t<div class=\"elementor-container elementor-column-gap-default\">\n\t\t\t\t\t<div class=\"elementor-column elementor-col-100 elementor-top-column elementor-element elementor-element-153e27b\" data-id=\"153e27b\" data-element_type=\"column\">\n\t\t\t<div class=\"elementor-widget-wrap elementor-element-populated\">\n\t\t\t\t\t\t<div class=\"elementor-element elementor-element-2a151ee elementor-widget elementor-widget-text-editor\" data-id=\"2a151ee\" data-element_type=\"widget\" data-widget_type=\"text-editor.default\">\n\t\t\t\t<div class=\"elementor-widget-container\">\n\t\t\t\t\t\t\t<p><span style=\"color: #000000;\">Los inicios de CINDECA, se establecieron en el viejo Departamento de Tecnolog\u00eda Qu\u00edmica de la Facultad de Ciencias Exactas de la UNLP. En ese entonces, se conformaba por seis investigadores y un peque\u00f1o grupo de becarios del CONICET y de la CIC, con l\u00edneas de trabajo que estaban dirigidas fundamentalmente a las Industrias petrolera y petroqu\u00edmica, enfocadas a los procesos y al desarrollo de catalizadores.<\/span><\/p>\n<p><span style=\"color: #000000;\">Estas l\u00edneas de investigaci\u00f3n han ido evolucionando con el tiempo, en busca de nuevos desaf\u00edos, diversificando la orientaci\u00f3n en las investigaciones del instituto, y acorde a eso el nombre del centro fue modificado, siendo inicialmente \u201cCentro de Investigaci\u00f3n y Desarrollo en Cat\u00e1lisis\u201d. Adem\u00e1s, se le dio el nombre de \u201cDr. J.J. Ronco\u201d quien no s\u00f3lo fue su creador, sino que tambi\u00e9n se desempe\u00f1\u00f3 como director del Instituto por varios a\u00f1os. Las l\u00edneas de investigaci\u00f3n actuales abarcan los siguientes temas: Desarrollos en Qu\u00edmica Fina y Org\u00e1nica, Procesos catal\u00edticos relacionados con la Industria Petroqu\u00edmica, Reactores Catal\u00edticos, Eliminaci\u00f3n de contaminantes de efluentes gaseosos y l\u00edquidos, S\u00edntesis y Desarrollo de Materiales, Desarrollo de t\u00e9cnicas avanzadas para la caracterizaci\u00f3n de s\u00f3lidos, Tecnolog\u00eda de las Biotransformaciones, Energ\u00edas Alternativas, Qu\u00edmica Verde.<\/span><\/p>\n<p><span style=\"color: #000000;\">Entre los directores del CINDECA que sucedieron al Dr. J.J. Ronco podemos mencionar al Dr. Yeramian, al Dr Pereira, al Dr. Thomas, al Dr. Gambaro, siendo su actual directora la Dra. Casella. Desde el a\u00f1o 2017 el CINDECA posee triple dependencia: UNLP-CONICET-CIC.<\/span><\/p>\n<p><span style=\"color: #000000;\">En la actualidad est\u00e1 integrado por 46 investigadores del CONICET, CIC y UNLP, 26 miembros del Personal de Apoyo de CONICET y CIC y cerca de 25 becarios y tesistas de doctorado.<\/span><\/p>\n<p><span style=\"color: #000000;\">Como fruto de las actividades realizadas en estos 50 a\u00f1os, se han desarrollado y publicado numerosos trabajos de tesis, trabajos en revistas de primer nivel nacional e internacional y patentes tecnol\u00f3gicas. A nivel de cooperaci\u00f3n internacional se destacan m\u00e1s de 50 proyectos de Cooperaci\u00f3n con prestigiosos centros y universidades del mundo, junto a participaci\u00f3n activa en congresos nacionales e internacionales.&nbsp;<\/span><\/p>\n<p><span style=\"color: #000000;\">Este aniversario marca medio siglo de compromiso activo con la ciencia y la tecnolog\u00eda, apuntando al crecimiento continuo de la calidad y confiabilidad del trabajo realizado.<\/span><\/p>\t\t\t\t\t\t<\/div>\n\t\t\t\t<\/div>\n\t\t\t\t\t<\/div>\n\t\t<\/div>\n\t\t\t\t\t<\/div>\n\t\t<\/section>\n\t\t\t\t<\/div>\n\t\t","protected":false},"excerpt":{"rendered":"<p>Miembros del CINDECA, CONICET-UNLP-CICPBA. Fotos: CONICET Fotograf\u00eda\/R. Barid\u00f3n. Carlos Della V\u00e9dova. Fotos: CONICET Fotograf\u00eda\/R. Barid\u00f3n. Roberto Rivarola. Fotos: CONICET Fotograf\u00eda\/R. Barid\u00f3n. Mart\u00edn L\u00f3pez Armengol. Fotos: CONICET Fotograf\u00eda\/R. Barid\u00f3n. Alejandro Villar. Fotos: CONICET Fotograf\u00eda\/R. Barid\u00f3n. Alfredo Calvelo. Fotos: CONICET Fotograf\u00eda\/R. Barid\u00f3n. M\u00f3nica Casella. Fotos: CONICET Fotograf\u00eda\/R. Barid\u00f3n. Andrea G\u00f3mez Zavaglia. Fotos: CONICET Fotograf\u00eda\/R. Barid\u00f3n. Sebasti\u00e1n Cavalitto. &hellip; <\/p>\n<p class=\"link-more\"><a href=\"https:\/\/cindeca.quimica.unlp.edu.ar\/index.php\/50-anos\/\" class=\"more-link\">Segu\u00ed leyendo<span class=\"screen-reader-text\"> &#8220;50 a\u00f1os&#8221;<\/span><\/a><\/p>\n","protected":false},"author":8,"featured_media":0,"parent":0,"menu_order":0,"comment_status":"closed","ping_status":"closed","template":"","meta":{"footnotes":""},"_links":{"self":[{"href":"https:\/\/cindeca.quimica.unlp.edu.ar\/index.php\/wp-json\/wp\/v2\/pages\/6125"}],"collection":[{"href":"https:\/\/cindeca.quimica.unlp.edu.ar\/index.php\/wp-json\/wp\/v2\/pages"}],"about":[{"href":"https:\/\/cindeca.quimica.unlp.edu.ar\/index.php\/wp-json\/wp\/v2\/types\/page"}],"author":[{"embeddable":true,"href":"https:\/\/cindeca.quimica.unlp.edu.ar\/index.php\/wp-json\/wp\/v2\/users\/8"}],"replies":[{"embeddable":true,"href":"https:\/\/cindeca.quimica.unlp.edu.ar\/index.php\/wp-json\/wp\/v2\/comments?post=6125"}],"version-history":[{"count":28,"href":"https:\/\/cindeca.quimica.unlp.edu.ar\/index.php\/wp-json\/wp\/v2\/pages\/6125\/revisions"}],"predecessor-version":[{"id":6661,"href":"https:\/\/cindeca.quimica.unlp.edu.ar\/index.php\/wp-json\/wp\/v2\/pages\/6125\/revisions\/6661"}],"wp:attachment":[{"href":"https:\/\/cindeca.quimica.unlp.edu.ar\/index.php\/wp-json\/wp\/v2\/media?parent=6125"}],"curies":[{"name":"wp","href":"https:\/\/api.w.org\/{rel}","templated":true}]}}