{"id":8164,"date":"2025-09-01T15:26:16","date_gmt":"2025-09-01T18:26:16","guid":{"rendered":"https:\/\/cindeca.quimica.unlp.edu.ar\/?page_id=8164"},"modified":"2025-09-23T12:39:42","modified_gmt":"2025-09-23T15:39:42","slug":"curso-de-posgrado","status":"publish","type":"page","link":"https:\/\/cindeca.quimica.unlp.edu.ar\/index.php\/curso-de-posgrado\/","title":{"rendered":"Curso de Posgrado"},"content":{"rendered":"\t\t<div data-elementor-type=\"wp-page\" data-elementor-id=\"8164\" class=\"elementor elementor-8164\">\n\t\t\t\t\t\t<section class=\"elementor-section elementor-top-section elementor-element elementor-element-c1f2380 elementor-section-boxed elementor-section-height-default elementor-section-height-default\" data-id=\"c1f2380\" data-element_type=\"section\">\n\t\t\t\t\t\t<div class=\"elementor-container elementor-column-gap-default\">\n\t\t\t\t\t<div class=\"elementor-column elementor-col-100 elementor-top-column elementor-element elementor-element-43590f5\" data-id=\"43590f5\" data-element_type=\"column\">\n\t\t\t<div class=\"elementor-widget-wrap elementor-element-populated\">\n\t\t\t\t\t\t<div class=\"elementor-element elementor-element-8114d67 elementor-widget elementor-widget-image\" data-id=\"8114d67\" data-element_type=\"widget\" data-widget_type=\"image.default\">\n\t\t\t\t<div class=\"elementor-widget-container\">\n\t\t\t\t\t\t\t\t\t\t\t\t\t<img fetchpriority=\"high\" decoding=\"async\" width=\"525\" height=\"679\" src=\"https:\/\/cindeca.quimica.unlp.edu.ar\/wp-content\/uploads\/2025\/09\/curso-PG-792x1024.jpeg\" class=\"attachment-large size-large wp-image-8194\" alt=\"\" srcset=\"https:\/\/cindeca.quimica.unlp.edu.ar\/wp-content\/uploads\/2025\/09\/curso-PG-792x1024.jpeg 792w, https:\/\/cindeca.quimica.unlp.edu.ar\/wp-content\/uploads\/2025\/09\/curso-PG-232x300.jpeg 232w, https:\/\/cindeca.quimica.unlp.edu.ar\/wp-content\/uploads\/2025\/09\/curso-PG-768x993.jpeg 768w, https:\/\/cindeca.quimica.unlp.edu.ar\/wp-content\/uploads\/2025\/09\/curso-PG-1188x1536.jpeg 1188w, https:\/\/cindeca.quimica.unlp.edu.ar\/wp-content\/uploads\/2025\/09\/curso-PG.jpeg 1237w\" sizes=\"100vw\" \/>\t\t\t\t\t\t\t\t\t\t\t\t\t<\/div>\n\t\t\t\t<\/div>\n\t\t\t\t\t<\/div>\n\t\t<\/div>\n\t\t\t\t\t<\/div>\n\t\t<\/section>\n\t\t\t\t<section class=\"elementor-section elementor-top-section elementor-element elementor-element-15de762 elementor-section-boxed elementor-section-height-default elementor-section-height-default\" data-id=\"15de762\" data-element_type=\"section\">\n\t\t\t\t\t\t<div class=\"elementor-container elementor-column-gap-default\">\n\t\t\t\t\t<div class=\"elementor-column elementor-col-100 elementor-top-column elementor-element elementor-element-0b93824\" data-id=\"0b93824\" data-element_type=\"column\">\n\t\t\t<div class=\"elementor-widget-wrap elementor-element-populated\">\n\t\t\t\t\t\t<div class=\"elementor-element elementor-element-319bc4b elementor-widget elementor-widget-heading\" data-id=\"319bc4b\" data-element_type=\"widget\" data-widget_type=\"heading.default\">\n\t\t\t\t<div class=\"elementor-widget-container\">\n\t\t\t<h2 class=\"elementor-heading-title elementor-size-large\">La transici\u00f3n energ\u00e9tica en la Argentina: el rol del hidr\u00f3geno en la reducci\u00f3n de emisiones y el desarrollo sostenible<\/h2>\t\t<\/div>\n\t\t\t\t<\/div>\n\t\t\t\t\t<\/div>\n\t\t<\/div>\n\t\t\t\t\t<\/div>\n\t\t<\/section>\n\t\t\t\t<section class=\"elementor-section elementor-top-section elementor-element elementor-element-594c27a elementor-section-boxed elementor-section-height-default elementor-section-height-default\" data-id=\"594c27a\" data-element_type=\"section\">\n\t\t\t\t\t\t<div class=\"elementor-container elementor-column-gap-default\">\n\t\t\t\t\t<div class=\"elementor-column elementor-col-100 elementor-top-column elementor-element elementor-element-1673c12\" data-id=\"1673c12\" data-element_type=\"column\">\n\t\t\t<div class=\"elementor-widget-wrap elementor-element-populated\">\n\t\t\t\t\t\t<div class=\"elementor-element elementor-element-a546d57 elementor-widget elementor-widget-text-editor\" data-id=\"a546d57\" data-element_type=\"widget\" data-widget_type=\"text-editor.default\">\n\t\t\t\t<div class=\"elementor-widget-container\">\n\t\t\t\t\t\t\t<p><span style=\"color: #000000; font-family: arial, sans-serif; font-size: 13px;\">Curso de posgrado a<\/span><span style=\"color: #000000; font-family: arial, sans-serif; font-size: 13px;\">creditado por la Facultad de Ciencias Exactas UNLP que se dictar\u00e1<\/span><span style=\"color: #000000; font-family: arial, sans-serif; font-size: 13px;\">\u00a0<\/span><span style=\"color: #000000; font-family: arial, sans-serif; font-size: 13px;\">en el marco de las <a href=\"https:\/\/cindeca.quimica.unlp.edu.ar\/index.php\/viii-jca\/\">VIII Jornadas en Ciencias Aplicadas.<\/a>\u00a0<\/span><\/p><p><span style=\"color: #000000; font-family: arial, sans-serif; font-size: 13px;\">Lo dictar\u00e1 la <a href=\"https:\/\/www.conicet.gov.ar\/new_scp\/detalle.php?id=20280&amp;keywords=&amp;datos_academicos=yes\"><span style=\"color: #008080;\"><strong>Dra. Fabiana Gennari, <\/strong><\/span><\/a>investigadora Superior de CONICET en el Centro At\u00f3mico Bariloche (CNEA) y profesora Asociada en el Instituto Balseiro; que fue invitada por el CINDECA gracias al subsidio otorgado por la Fundaci\u00f3n Williams.<\/span><\/p><p><span style=\"color: #000000; font-family: arial, sans-serif; font-size: 13px;\">La acompa\u00f1an en el dictado los Dres:<strong><span style=\"color: #008080;\"> Ileana D. Lick, Francisco Pompeo y Laura E. Briand.<\/span><\/strong><\/span><\/p><p><br style=\"outline: 0px; color: #000000; font-family: arial, sans-serif; font-size: 13px;\" \/><span style=\"color: #000000; font-family: arial, sans-serif; font-size: 13px;\">El curso consta de 30 h y se dictar\u00e1 entre los meses de <strong>octubre y noviembre de 2025<\/strong>. <\/span><span style=\"color: #000000; font-family: arial, sans-serif; font-size: 13px;\">En el Aula de Posgrado de la Facultad de Ciencias Exactas en dos clases semanales de 3 h cada una.<\/span><\/p><p><span style=\"color: #000000; font-family: arial, sans-serif; font-size: 13px;\">Es de car\u00e1cter presencial para quienes residan en La Plata, CABA y AMBA; y <strong>virtual para los residentes a m\u00e1s de 100 km de la ciudad de La Plata.<\/strong><\/span><\/p><p><span style=\"color: #000000; font-family: arial, sans-serif; font-size: 13px;\"><strong>ARANCELAMIENTO:<\/strong><\/span><\/p><p><span style=\"color: #000000; font-family: arial, sans-serif; font-size: 13px;\"><strong>&#8211;<\/strong> Sin arancelamiento para estudiantes de posgrado de la UNLP y universidades nacionales argentinas.<\/span><\/p><p><span style=\"color: #000000; font-family: arial, sans-serif; font-size: 13px;\">&#8211; Para empresas y privados, el valor es de usd 200 (doscientos dolares)<\/span><\/p><p><span style=\"color: #000000; font-family: arial, sans-serif; font-size: 13px;\">C<b>ONTACTO:<\/b> <u>cursohidrogeno@quimica.unlp.edu.ar<\/u><\/span><\/p>\t\t\t\t\t\t<\/div>\n\t\t\t\t<\/div>\n\t\t\t\t<div class=\"elementor-element elementor-element-18140ca elementor-align-center elementor-widget elementor-widget-button\" data-id=\"18140ca\" data-element_type=\"widget\" data-widget_type=\"button.default\">\n\t\t\t\t<div class=\"elementor-widget-container\">\n\t\t\t\t\t<div class=\"elementor-button-wrapper\">\n\t\t\t<a class=\"elementor-button elementor-button-link elementor-size-md\" href=\"https:\/\/forms.gle\/yQv88nofwcWoA1Zm7\">\n\t\t\t\t\t\t<span class=\"elementor-button-content-wrapper\">\n\t\t\t\t\t\t\t\t\t<span class=\"elementor-button-text\">Formulario de inscripci\u00f3n <br>(disponible hasta el 30\/9)<\/span>\n\t\t\t\t\t<\/span>\n\t\t\t\t\t<\/a>\n\t\t<\/div>\n\t\t\t\t<\/div>\n\t\t\t\t<\/div>\n\t\t\t\t\t<\/div>\n\t\t<\/div>\n\t\t\t\t\t<\/div>\n\t\t<\/section>\n\t\t\t\t<section class=\"elementor-section elementor-top-section elementor-element elementor-element-a12e83e elementor-section-boxed elementor-section-height-default elementor-section-height-default\" data-id=\"a12e83e\" data-element_type=\"section\">\n\t\t\t\t\t\t<div class=\"elementor-container elementor-column-gap-default\">\n\t\t\t\t\t<div class=\"elementor-column elementor-col-50 elementor-top-column elementor-element elementor-element-5694414\" data-id=\"5694414\" data-element_type=\"column\">\n\t\t\t<div class=\"elementor-widget-wrap elementor-element-populated\">\n\t\t\t\t\t\t<div class=\"elementor-element elementor-element-27c77a1 elementor-align-center elementor-widget elementor-widget-button\" data-id=\"27c77a1\" data-element_type=\"widget\" data-widget_type=\"button.default\">\n\t\t\t\t<div class=\"elementor-widget-container\">\n\t\t\t\t\t<div class=\"elementor-button-wrapper\">\n\t\t\t<a class=\"elementor-button elementor-button-link elementor-size-md\" href=\"https:\/\/cindeca.quimica.unlp.edu.ar\/wp-content\/uploads\/2025\/09\/Curso-posgrado_temario.pdf\">\n\t\t\t\t\t\t<span class=\"elementor-button-content-wrapper\">\n\t\t\t\t\t\t\t\t\t<span class=\"elementor-button-text\">Programa del Curso<\/span>\n\t\t\t\t\t<\/span>\n\t\t\t\t\t<\/a>\n\t\t<\/div>\n\t\t\t\t<\/div>\n\t\t\t\t<\/div>\n\t\t\t\t<div class=\"elementor-element elementor-element-18ba834 elementor-align-center elementor-widget elementor-widget-button\" data-id=\"18ba834\" data-element_type=\"widget\" data-widget_type=\"button.default\">\n\t\t\t\t<div class=\"elementor-widget-container\">\n\t\t\t\t\t<div class=\"elementor-button-wrapper\">\n\t\t\t<a class=\"elementor-button elementor-button-link elementor-size-md\" href=\"https:\/\/drive.google.com\/file\/d\/1qQzx7JKtzvO0s7iMZgjJAmVo303LrhA4\/view?usp=drive_link\">\n\t\t\t\t\t\t<span class=\"elementor-button-content-wrapper\">\n\t\t\t\t\t\t\t\t\t<span class=\"elementor-button-text\">Cronograma del Curso<\/span>\n\t\t\t\t\t<\/span>\n\t\t\t\t\t<\/a>\n\t\t<\/div>\n\t\t\t\t<\/div>\n\t\t\t\t<\/div>\n\t\t\t\t\t<\/div>\n\t\t<\/div>\n\t\t\t\t<div class=\"elementor-column elementor-col-50 elementor-top-column elementor-element elementor-element-d1e3738\" data-id=\"d1e3738\" data-element_type=\"column\">\n\t\t\t<div class=\"elementor-widget-wrap elementor-element-populated\">\n\t\t\t\t\t\t<div class=\"elementor-element elementor-element-84eaf3e elementor-widget elementor-widget-image\" data-id=\"84eaf3e\" data-element_type=\"widget\" data-widget_type=\"image.default\">\n\t\t\t\t<div class=\"elementor-widget-container\">\n\t\t\t\t\t\t\t\t\t\t\t\t\t<img decoding=\"async\" width=\"525\" height=\"226\" src=\"https:\/\/cindeca.quimica.unlp.edu.ar\/wp-content\/uploads\/2025\/09\/logo-fundacion-williams-1024x440.jpg\" class=\"attachment-large size-large wp-image-8166\" alt=\"\" srcset=\"https:\/\/cindeca.quimica.unlp.edu.ar\/wp-content\/uploads\/2025\/09\/logo-fundacion-williams-1024x440.jpg 1024w, https:\/\/cindeca.quimica.unlp.edu.ar\/wp-content\/uploads\/2025\/09\/logo-fundacion-williams-300x129.jpg 300w, https:\/\/cindeca.quimica.unlp.edu.ar\/wp-content\/uploads\/2025\/09\/logo-fundacion-williams-768x330.jpg 768w, https:\/\/cindeca.quimica.unlp.edu.ar\/wp-content\/uploads\/2025\/09\/logo-fundacion-williams-1536x660.jpg 1536w, https:\/\/cindeca.quimica.unlp.edu.ar\/wp-content\/uploads\/2025\/09\/logo-fundacion-williams-2048x880.jpg 2048w\" sizes=\"100vw\" \/>\t\t\t\t\t\t\t\t\t\t\t\t\t<\/div>\n\t\t\t\t<\/div>\n\t\t\t\t\t<\/div>\n\t\t<\/div>\n\t\t\t\t\t<\/div>\n\t\t<\/section>\n\t\t\t\t<section class=\"elementor-section elementor-top-section elementor-element elementor-element-90dd38b elementor-section-boxed elementor-section-height-default elementor-section-height-default\" data-id=\"90dd38b\" data-element_type=\"section\">\n\t\t\t\t\t\t<div class=\"elementor-container elementor-column-gap-default\">\n\t\t\t\t\t<div class=\"elementor-column elementor-col-100 elementor-top-column elementor-element elementor-element-b4625ff\" data-id=\"b4625ff\" data-element_type=\"column\">\n\t\t\t<div class=\"elementor-widget-wrap\">\n\t\t\t\t\t\t\t<\/div>\n\t\t<\/div>\n\t\t\t\t\t<\/div>\n\t\t<\/section>\n\t\t\t\t<\/div>\n\t\t","protected":false},"excerpt":{"rendered":"<p>La transici\u00f3n energ\u00e9tica en la Argentina: el rol del hidr\u00f3geno en la reducci\u00f3n de emisiones y el desarrollo sostenible Curso de posgrado acreditado por la Facultad de Ciencias Exactas UNLP que se dictar\u00e1\u00a0en el marco de las VIII Jornadas en Ciencias Aplicadas.\u00a0 Lo dictar\u00e1 la Dra. Fabiana Gennari, investigadora Superior de CONICET en el Centro &hellip; <\/p>\n<p class=\"link-more\"><a href=\"https:\/\/cindeca.quimica.unlp.edu.ar\/index.php\/curso-de-posgrado\/\" class=\"more-link\">Segu\u00ed leyendo<span class=\"screen-reader-text\"> &#8220;Curso de Posgrado&#8221;<\/span><\/a><\/p>\n","protected":false},"author":8,"featured_media":0,"parent":0,"menu_order":0,"comment_status":"closed","ping_status":"closed","template":"","meta":{"footnotes":""},"_links":{"self":[{"href":"https:\/\/cindeca.quimica.unlp.edu.ar\/index.php\/wp-json\/wp\/v2\/pages\/8164"}],"collection":[{"href":"https:\/\/cindeca.quimica.unlp.edu.ar\/index.php\/wp-json\/wp\/v2\/pages"}],"about":[{"href":"https:\/\/cindeca.quimica.unlp.edu.ar\/index.php\/wp-json\/wp\/v2\/types\/page"}],"author":[{"embeddable":true,"href":"https:\/\/cindeca.quimica.unlp.edu.ar\/index.php\/wp-json\/wp\/v2\/users\/8"}],"replies":[{"embeddable":true,"href":"https:\/\/cindeca.quimica.unlp.edu.ar\/index.php\/wp-json\/wp\/v2\/comments?post=8164"}],"version-history":[{"count":19,"href":"https:\/\/cindeca.quimica.unlp.edu.ar\/index.php\/wp-json\/wp\/v2\/pages\/8164\/revisions"}],"predecessor-version":[{"id":8238,"href":"https:\/\/cindeca.quimica.unlp.edu.ar\/index.php\/wp-json\/wp\/v2\/pages\/8164\/revisions\/8238"}],"wp:attachment":[{"href":"https:\/\/cindeca.quimica.unlp.edu.ar\/index.php\/wp-json\/wp\/v2\/media?parent=8164"}],"curies":[{"name":"wp","href":"https:\/\/api.w.org\/{rel}","templated":true}]}}