{"id":8445,"date":"2025-11-28T14:40:20","date_gmt":"2025-11-28T17:40:20","guid":{"rendered":"https:\/\/cindeca.quimica.unlp.edu.ar\/?page_id=8445"},"modified":"2025-11-28T15:10:36","modified_gmt":"2025-11-28T18:10:36","slug":"laboratorio-de-procesos-avanzados-de-oxidacion-y-fotocatalisis","status":"publish","type":"page","link":"https:\/\/cindeca.quimica.unlp.edu.ar\/index.php\/laboratorio-de-procesos-avanzados-de-oxidacion-y-fotocatalisis\/","title":{"rendered":"Laboratorio de Procesos Avanzados de Oxidaci\u00f3n y Fotocat\u00e1lisis"},"content":{"rendered":"\t\t<div data-elementor-type=\"wp-page\" data-elementor-id=\"8445\" class=\"elementor elementor-8445\">\n\t\t\t\t\t\t<section class=\"elementor-section elementor-top-section elementor-element elementor-element-7b789f0 elementor-section-boxed elementor-section-height-default elementor-section-height-default\" data-id=\"7b789f0\" data-element_type=\"section\">\n\t\t\t\t\t\t<div class=\"elementor-container elementor-column-gap-default\">\n\t\t\t\t\t<div class=\"elementor-column elementor-col-50 elementor-top-column elementor-element elementor-element-b1e92d8\" data-id=\"b1e92d8\" data-element_type=\"column\">\n\t\t\t<div class=\"elementor-widget-wrap elementor-element-populated\">\n\t\t\t\t\t\t<div class=\"elementor-element elementor-element-6e1ade6 elementor-widget elementor-widget-image\" data-id=\"6e1ade6\" data-element_type=\"widget\" data-widget_type=\"image.default\">\n\t\t\t\t<div class=\"elementor-widget-container\">\n\t\t\t\t\t\t\t\t\t\t\t\t\t<img fetchpriority=\"high\" decoding=\"async\" width=\"525\" height=\"513\" src=\"https:\/\/cindeca.quimica.unlp.edu.ar\/wp-content\/uploads\/2025\/11\/Logo_LAPh_Instagram-1024x1000.jpeg\" class=\"attachment-large size-large wp-image-8447\" alt=\"\" srcset=\"https:\/\/cindeca.quimica.unlp.edu.ar\/wp-content\/uploads\/2025\/11\/Logo_LAPh_Instagram-1024x1000.jpeg 1024w, https:\/\/cindeca.quimica.unlp.edu.ar\/wp-content\/uploads\/2025\/11\/Logo_LAPh_Instagram-300x293.jpeg 300w, https:\/\/cindeca.quimica.unlp.edu.ar\/wp-content\/uploads\/2025\/11\/Logo_LAPh_Instagram-768x750.jpeg 768w, https:\/\/cindeca.quimica.unlp.edu.ar\/wp-content\/uploads\/2025\/11\/Logo_LAPh_Instagram-1536x1500.jpeg 1536w, https:\/\/cindeca.quimica.unlp.edu.ar\/wp-content\/uploads\/2025\/11\/Logo_LAPh_Instagram-2048x2000.jpeg 2048w\" sizes=\"100vw\" \/>\t\t\t\t\t\t\t\t\t\t\t\t\t<\/div>\n\t\t\t\t<\/div>\n\t\t\t\t\t<\/div>\n\t\t<\/div>\n\t\t\t\t<div class=\"elementor-column elementor-col-50 elementor-top-column elementor-element elementor-element-2a77e40\" data-id=\"2a77e40\" data-element_type=\"column\">\n\t\t\t<div class=\"elementor-widget-wrap elementor-element-populated\">\n\t\t\t\t\t\t<div class=\"elementor-element elementor-element-3af4c71 elementor-widget__width-initial elementor-widget elementor-widget-text-editor\" data-id=\"3af4c71\" data-element_type=\"widget\" data-widget_type=\"text-editor.default\">\n\t\t\t\t<div class=\"elementor-widget-container\">\n\t\t\t\t\t\t\t<h1><strong><span style=\"color: #217aab;\">Integrantes:<\/span><\/strong><\/h1><p><a href=\"https:\/\/bicyt.conicet.gov.ar\/fichas\/p\/luis-rene-pizzio\">Dr. Luis R\u00e9ne Pizzio<\/a><\/p><p><a href=\"https:\/\/bicyt.conicet.gov.ar\/fichas\/p\/julian-andres-rengifo-herrera\">Dr. Juli\u00e1n Andr\u00e9s Rengifo Herrera<\/a><\/p><p><a href=\"https:\/\/bicyt.conicet.gov.ar\/fichas\/p\/manuela-manrique-holguin\">Lic. Manuela Manrique Holgu\u00edn<\/a><\/p><p><a href=\"https:\/\/bicyt.conicet.gov.ar\/fichas\/p\/castano-rodriguez-victor-alfonso\"> Ing. V\u00edctor Casta\u00f1o Rodr\u00edguez<\/a><\/p>\t\t\t\t\t\t<\/div>\n\t\t\t\t<\/div>\n\t\t\t\t\t<\/div>\n\t\t<\/div>\n\t\t\t\t\t<\/div>\n\t\t<\/section>\n\t\t\t\t<section class=\"elementor-section elementor-top-section elementor-element elementor-element-30d6099 elementor-section-boxed elementor-section-height-default elementor-section-height-default\" data-id=\"30d6099\" data-element_type=\"section\">\n\t\t\t\t\t\t<div class=\"elementor-container elementor-column-gap-default\">\n\t\t\t\t\t<div class=\"elementor-column elementor-col-100 elementor-top-column elementor-element elementor-element-b6c549d\" data-id=\"b6c549d\" data-element_type=\"column\">\n\t\t\t<div class=\"elementor-widget-wrap elementor-element-populated\">\n\t\t\t\t\t\t<div class=\"elementor-element elementor-element-475c9a2 elementor-widget elementor-widget-image\" data-id=\"475c9a2\" data-element_type=\"widget\" data-widget_type=\"image.default\">\n\t\t\t\t<div class=\"elementor-widget-container\">\n\t\t\t\t\t\t\t\t\t\t\t\t\t\t<a href=\"https:\/\/www.instagram.com\/laph.oficial\">\n\t\t\t\t\t\t\t<img decoding=\"async\" src=\"https:\/\/cindeca.quimica.unlp.edu.ar\/wp-content\/uploads\/elementor\/thumbs\/instagran-p96qddbhjcq4jlpifuoe04z1yveqf566vtgv03ju5w.jpg\" title=\"instagran\" alt=\"instagran\" loading=\"lazy\" \/>\t\t\t\t\t\t\t\t<\/a>\n\t\t\t\t\t\t\t\t\t\t\t\t\t<\/div>\n\t\t\t\t<\/div>\n\t\t\t\t\t<\/div>\n\t\t<\/div>\n\t\t\t\t\t<\/div>\n\t\t<\/section>\n\t\t\t\t<section class=\"elementor-section elementor-top-section elementor-element elementor-element-6d51665 elementor-section-boxed elementor-section-height-default elementor-section-height-default\" data-id=\"6d51665\" data-element_type=\"section\">\n\t\t\t\t\t\t<div class=\"elementor-container elementor-column-gap-default\">\n\t\t\t\t\t<div class=\"elementor-column elementor-col-100 elementor-top-column elementor-element elementor-element-e998c70\" data-id=\"e998c70\" data-element_type=\"column\">\n\t\t\t<div class=\"elementor-widget-wrap elementor-element-populated\">\n\t\t\t\t\t\t<div class=\"elementor-element elementor-element-0d37331 elementor-widget elementor-widget-heading\" data-id=\"0d37331\" data-element_type=\"widget\" data-widget_type=\"heading.default\">\n\t\t\t\t<div class=\"elementor-widget-container\">\n\t\t\t<h2 class=\"elementor-heading-title elementor-size-default\">L\u00edneas de Investigaci\u00f3n<\/h2>\t\t<\/div>\n\t\t\t\t<\/div>\n\t\t\t\t\t<\/div>\n\t\t<\/div>\n\t\t\t\t\t<\/div>\n\t\t<\/section>\n\t\t\t\t<section class=\"elementor-section elementor-top-section elementor-element elementor-element-2ee1059 elementor-section-boxed elementor-section-height-default elementor-section-height-default\" data-id=\"2ee1059\" data-element_type=\"section\">\n\t\t\t\t\t\t<div class=\"elementor-container elementor-column-gap-default\">\n\t\t\t\t\t<div class=\"elementor-column elementor-col-100 elementor-top-column elementor-element elementor-element-d6d74de\" data-id=\"d6d74de\" data-element_type=\"column\">\n\t\t\t<div class=\"elementor-widget-wrap elementor-element-populated\">\n\t\t\t\t\t\t<div class=\"elementor-element elementor-element-14fd70b elementor-widget elementor-widget-text-editor\" data-id=\"14fd70b\" data-element_type=\"widget\" data-widget_type=\"text-editor.default\">\n\t\t\t\t<div class=\"elementor-widget-container\">\n\t\t\t\t\t\t\t<p><span style=\"color: #000000;\"><b><span style=\"font-size: 12.0pt; line-height: 115%; font-family: 'Aptos',sans-serif; mso-ascii-theme-font: minor-latin; mso-fareast-font-family: Aptos; mso-fareast-theme-font: minor-latin; mso-hansi-theme-font: minor-latin; mso-bidi-font-family: 'Times New Roman'; mso-bidi-theme-font: minor-bidi; mso-ansi-language: ES-AR; mso-fareast-language: EN-US; mso-bidi-language: AR-SA;\">S\u00edntesis de materiales bifuncionales adsobente\/carbofotocatalizador a partir de residuos agroindustriales para la adsorci\u00f3n y degradaci\u00f3n de contaminantes en agua.<\/span><\/b><\/span><\/p><p><span style=\"color: #000000;\"><b><span style=\"font-size: 12.0pt; line-height: 115%; font-family: 'Aptos',sans-serif; mso-ascii-theme-font: minor-latin; mso-fareast-font-family: Aptos; mso-fareast-theme-font: minor-latin; mso-hansi-theme-font: minor-latin; mso-bidi-font-family: 'Times New Roman'; mso-bidi-theme-font: minor-bidi; mso-ansi-language: ES-AR; mso-fareast-language: EN-US; mso-bidi-language: AR-SA;\"><br \/>Materiales fotocatal\u00edticos con absorci\u00f3n de luz visible y su aplicaci\u00f3n en reacciones de reducci\u00f3n para la obtenci\u00f3n de combustibles solares.<\/span><\/b><\/span><\/p><p><span style=\"color: #000000;\"><b><span style=\"font-size: 12.0pt; line-height: 115%; font-family: 'Aptos',sans-serif; mso-ascii-theme-font: minor-latin; mso-fareast-font-family: Aptos; mso-fareast-theme-font: minor-latin; mso-hansi-theme-font: minor-latin; mso-bidi-font-family: 'Times New Roman'; mso-bidi-theme-font: minor-bidi; mso-ansi-language: ES-AR; mso-fareast-language: EN-US; mso-bidi-language: AR-SA;\"><br \/>Obtenci\u00f3n de nanoplataformas fotocatal\u00edticas basadas en TiO2 mediante ingenier\u00eda de facetas y defectos.<\/span><\/b><\/span><\/p><p><span style=\"color: #000000;\"><b><span style=\"font-size: 12.0pt; line-height: 115%; font-family: 'Aptos',sans-serif; mso-ascii-theme-font: minor-latin; mso-fareast-font-family: Aptos; mso-fareast-theme-font: minor-latin; mso-hansi-theme-font: minor-latin; mso-bidi-font-family: 'Times New Roman'; mso-bidi-theme-font: minor-bidi; mso-ansi-language: ES-AR; mso-fareast-language: EN-US; mso-bidi-language: AR-SA;\"><br \/>Mejoramiento de procesos abi\u00f3ticos naturales fotoinducidos en aguas naturales para la desinfecci\u00f3n y detoxificaci\u00f3n de aguas subterr\u00e1neas y superficiales.<\/span><\/b><\/span><\/p><p><span style=\"color: #000000;\"><b><span style=\"font-size: 12.0pt; line-height: 115%; font-family: 'Aptos',sans-serif; mso-ascii-theme-font: minor-latin; mso-fareast-font-family: Aptos; mso-fareast-theme-font: minor-latin; mso-hansi-theme-font: minor-latin; mso-bidi-font-family: 'Times New Roman'; mso-bidi-theme-font: minor-bidi; mso-ansi-language: ES-AR; mso-fareast-language: EN-US; mso-bidi-language: AR-SA;\"><br \/>Desarrollo de superficies autolimpiantes y antimicrobianas fotoinducidas con luz visible.<\/span><\/b><\/span><\/p>\t\t\t\t\t\t<\/div>\n\t\t\t\t<\/div>\n\t\t\t\t\t<\/div>\n\t\t<\/div>\n\t\t\t\t\t<\/div>\n\t\t<\/section>\n\t\t\t\t<section class=\"elementor-section elementor-top-section elementor-element elementor-element-0892cd3 elementor-section-boxed elementor-section-height-default elementor-section-height-default\" data-id=\"0892cd3\" data-element_type=\"section\">\n\t\t\t\t\t\t<div class=\"elementor-container elementor-column-gap-default\">\n\t\t\t\t\t<div class=\"elementor-column elementor-col-100 elementor-top-column elementor-element elementor-element-e3c92b1\" data-id=\"e3c92b1\" data-element_type=\"column\">\n\t\t\t<div class=\"elementor-widget-wrap elementor-element-populated\">\n\t\t\t\t\t\t<div class=\"elementor-element elementor-element-cccad1e elementor-widget elementor-widget-text-editor\" data-id=\"cccad1e\" data-element_type=\"widget\" data-widget_type=\"text-editor.default\">\n\t\t\t\t<div class=\"elementor-widget-container\">\n\t\t\t\t\t\t\t<h2><span style=\"color: #000000;\"><strong><span style=\"color: #217aab;\"><u>Colaboradores externos:<\/u><\/span><\/strong><\/span><\/h2><p><span style=\"color: #000000;\">Dr. Andr\u00e9s Donadelli, Lic. Karina Irvicelli, Dr. Juan M. Padr\u00f3, Dr. Nicolas Ronco (YTEC-Tecnolog\u00eda)<br \/>Dr. Sergio Moreno (Instituto Balseiro)<br \/>Dr. Arles Gil Rebaza, Dr. Odin V\u00e1zquez Robaina, (Insituto de F\u00edsica de La Plata)<br \/>Dra. Paula Osorio y Dr. Joel Alderete (Universidad de Talca, Chile)<br \/>Dr. David Contreras y Dra. Victoria Melin (Universida de Concepci\u00f3n, Chile)<br \/>Dr. Cristian Campos, Dra. Cecilia Torres y Dra. Nancy Pizarro (Universidad Andr\u00e9s Bello, Chile)<br \/>Dr. Juan Camilo Murillo Sierra (Universidad T\u00e9cnologica Metropolitana, Chile)<br \/>Dra. Vanessa Fierro y Dr. Alain Celzard (Instituto Jean Lamour, Universidad de la Lorraine, Francia)<br \/>Dr. Marcos Fern\u00e1ndez Garc\u00eda (Instituto de Cat\u00e1lisis y Petroleoqu\u00edmica ICP, CSIC, Espa\u00f1a)<br \/>Dra. Sara Miralles Cuevas y Dr. Alejandro Cabrera Reina (Universidad de Almeria, Espa\u00f1a)<\/span><\/p>\t\t\t\t\t\t<\/div>\n\t\t\t\t<\/div>\n\t\t\t\t\t<\/div>\n\t\t<\/div>\n\t\t\t\t\t<\/div>\n\t\t<\/section>\n\t\t\t\t<section class=\"elementor-section elementor-top-section elementor-element elementor-element-f5f3461 elementor-section-boxed elementor-section-height-default elementor-section-height-default\" data-id=\"f5f3461\" data-element_type=\"section\">\n\t\t\t\t\t\t<div class=\"elementor-container elementor-column-gap-default\">\n\t\t\t\t\t<div class=\"elementor-column elementor-col-100 elementor-top-column elementor-element elementor-element-cf73565\" data-id=\"cf73565\" data-element_type=\"column\">\n\t\t\t<div class=\"elementor-widget-wrap elementor-element-populated\">\n\t\t\t\t\t\t<section class=\"elementor-section elementor-inner-section elementor-element elementor-element-68701e2 elementor-section-boxed elementor-section-height-default elementor-section-height-default\" data-id=\"68701e2\" data-element_type=\"section\">\n\t\t\t\t\t\t<div class=\"elementor-container elementor-column-gap-default\">\n\t\t\t\t\t<div class=\"elementor-column elementor-col-50 elementor-inner-column elementor-element elementor-element-1c33b58\" data-id=\"1c33b58\" data-element_type=\"column\">\n\t\t\t<div class=\"elementor-widget-wrap\">\n\t\t\t\t\t\t\t<\/div>\n\t\t<\/div>\n\t\t\t\t<div class=\"elementor-column elementor-col-50 elementor-inner-column elementor-element elementor-element-c8032e0\" data-id=\"c8032e0\" data-element_type=\"column\">\n\t\t\t<div class=\"elementor-widget-wrap\">\n\t\t\t\t\t\t\t<\/div>\n\t\t<\/div>\n\t\t\t\t\t<\/div>\n\t\t<\/section>\n\t\t\t\t\t<\/div>\n\t\t<\/div>\n\t\t\t\t\t<\/div>\n\t\t<\/section>\n\t\t\t\t<\/div>\n\t\t","protected":false},"excerpt":{"rendered":"<p>Integrantes: Dr. Luis R\u00e9ne Pizzio Dr. Juli\u00e1n Andr\u00e9s Rengifo Herrera Lic. Manuela Manrique Holgu\u00edn Ing. V\u00edctor Casta\u00f1o Rodr\u00edguez L\u00edneas de Investigaci\u00f3n S\u00edntesis de materiales bifuncionales adsobente\/carbofotocatalizador a partir de residuos agroindustriales para la adsorci\u00f3n y degradaci\u00f3n de contaminantes en agua. Materiales fotocatal\u00edticos con absorci\u00f3n de luz visible y su aplicaci\u00f3n en reacciones de reducci\u00f3n para &hellip; <\/p>\n<p class=\"link-more\"><a href=\"https:\/\/cindeca.quimica.unlp.edu.ar\/index.php\/laboratorio-de-procesos-avanzados-de-oxidacion-y-fotocatalisis\/\" class=\"more-link\">Segu\u00ed leyendo<span class=\"screen-reader-text\"> &#8220;Laboratorio de Procesos Avanzados de Oxidaci\u00f3n y Fotocat\u00e1lisis&#8221;<\/span><\/a><\/p>\n","protected":false},"author":8,"featured_media":0,"parent":0,"menu_order":0,"comment_status":"closed","ping_status":"closed","template":"","meta":{"footnotes":""},"_links":{"self":[{"href":"https:\/\/cindeca.quimica.unlp.edu.ar\/index.php\/wp-json\/wp\/v2\/pages\/8445"}],"collection":[{"href":"https:\/\/cindeca.quimica.unlp.edu.ar\/index.php\/wp-json\/wp\/v2\/pages"}],"about":[{"href":"https:\/\/cindeca.quimica.unlp.edu.ar\/index.php\/wp-json\/wp\/v2\/types\/page"}],"author":[{"embeddable":true,"href":"https:\/\/cindeca.quimica.unlp.edu.ar\/index.php\/wp-json\/wp\/v2\/users\/8"}],"replies":[{"embeddable":true,"href":"https:\/\/cindeca.quimica.unlp.edu.ar\/index.php\/wp-json\/wp\/v2\/comments?post=8445"}],"version-history":[{"count":14,"href":"https:\/\/cindeca.quimica.unlp.edu.ar\/index.php\/wp-json\/wp\/v2\/pages\/8445\/revisions"}],"predecessor-version":[{"id":8524,"href":"https:\/\/cindeca.quimica.unlp.edu.ar\/index.php\/wp-json\/wp\/v2\/pages\/8445\/revisions\/8524"}],"wp:attachment":[{"href":"https:\/\/cindeca.quimica.unlp.edu.ar\/index.php\/wp-json\/wp\/v2\/media?parent=8445"}],"curies":[{"name":"wp","href":"https:\/\/api.w.org\/{rel}","templated":true}]}}