{"id":8583,"date":"2026-04-08T15:35:36","date_gmt":"2026-04-08T18:35:36","guid":{"rendered":"https:\/\/cindeca.quimica.unlp.edu.ar\/?page_id=8583"},"modified":"2026-04-08T16:17:25","modified_gmt":"2026-04-08T19:17:25","slug":"calendario","status":"publish","type":"page","link":"https:\/\/cindeca.quimica.unlp.edu.ar\/index.php\/calendario\/","title":{"rendered":"Calendario"},"content":{"rendered":"\t\t<div data-elementor-type=\"wp-page\" data-elementor-id=\"8583\" class=\"elementor elementor-8583\">\n\t\t\t\t\t\t<section class=\"elementor-section elementor-top-section elementor-element elementor-element-ede3cf7 elementor-section-boxed elementor-section-height-default elementor-section-height-default\" data-id=\"ede3cf7\" data-element_type=\"section\">\n\t\t\t\t\t\t<div class=\"elementor-container elementor-column-gap-default\">\n\t\t\t\t\t<div class=\"elementor-column elementor-col-100 elementor-top-column elementor-element elementor-element-1300dfb\" data-id=\"1300dfb\" data-element_type=\"column\">\n\t\t\t<div class=\"elementor-widget-wrap elementor-element-populated\">\n\t\t\t\t\t\t<div class=\"elementor-element elementor-element-a264efc elementor-widget elementor-widget-text-editor\" data-id=\"a264efc\" data-element_type=\"widget\" data-widget_type=\"text-editor.default\">\n\t\t\t\t<div class=\"elementor-widget-container\">\n\t\t\t\t\t\t\t<h2><span style=\"color: #008080;\"><strong>Convocatorias Vigentes:<\/strong><\/span><\/h2><p><span style=\"font-weight: 400;\"><a href=\"https:\/\/fundacionwilliams.org.ar\/subsidios-a-la-investigacion-cientifica-con-impacto-en-el-territorio-argentino-2026\/\">Subsidios Fundaci\u00f3n Williams<\/a> &#8211; <span style=\"color: #000000;\">Cierra 20 de abril<\/span><\/span><\/p><p><span style=\"font-weight: 400;\"><span style=\"color: #000000;\"><a style=\"color: #000000;\" href=\"https:\/\/convocatorias.conicet.gov.ar\/carrera-del-investigador\/general\/\">Ingreso Carrera investigador CONICET<\/a><\/span> &#8211;<span style=\"color: #000000;\"> Cierra 30 de abril<\/span><\/span><\/p><p><span style=\"font-weight: 400;\"><span style=\"color: #000000;\"><a style=\"color: #000000;\" href=\"https:\/\/www.conicet.gov.ar\/cooperacion-internacional\/convocatorias-y-eventos\/\">Programas de Cooperaci\u00f3n Bilateral y Multilateral\u00a0 CONICET<\/a><\/span> &#8211;<span style=\"color: #000000;\"> Cierra 30 de abril<\/span><\/span><\/p><p><span style=\"font-weight: 400; color: #000000;\"><a style=\"color: #000000;\" href=\"https:\/\/fundacionwilliams.org.ar\/becas-para-estadias-de-investigacion-en-el-pais-2026\/\">Becas de estad\u00edas en Argentina Fundaci\u00f3n Williams<\/a> &#8211; Cierra 4 de mayo<\/span><\/p><p><span style=\"font-weight: 400; color: #000000;\"><a style=\"color: #000000;\" href=\"https:\/\/convocatorias.conicet.gov.ar\/carrera-del-investigador\/informes\/\">Informes CIC &#8211; CONICET<\/a> del 22 de abril al 13 de mayo<\/span><\/p><p>\u00a0<\/p><p><span style=\"font-weight: 400;\"><span style=\"color: #000000;\">\u00a0<\/span><\/span><\/p>\t\t\t\t\t\t<\/div>\n\t\t\t\t<\/div>\n\t\t\t\t\t<\/div>\n\t\t<\/div>\n\t\t\t\t\t<\/div>\n\t\t<\/section>\n\t\t\t\t<section class=\"elementor-section elementor-top-section elementor-element elementor-element-9ef3645 elementor-section-boxed elementor-section-height-default elementor-section-height-default\" data-id=\"9ef3645\" data-element_type=\"section\">\n\t\t\t\t\t\t<div class=\"elementor-container elementor-column-gap-default\">\n\t\t\t\t\t<div class=\"elementor-column elementor-col-100 elementor-top-column elementor-element elementor-element-e5aea34\" data-id=\"e5aea34\" data-element_type=\"column\">\n\t\t\t<div class=\"elementor-widget-wrap elementor-element-populated\">\n\t\t\t\t\t\t<div class=\"elementor-element elementor-element-3a2dd1e elementor-widget elementor-widget-text-editor\" data-id=\"3a2dd1e\" data-element_type=\"widget\" data-widget_type=\"text-editor.default\">\n\t\t\t\t<div class=\"elementor-widget-container\">\n\t\t\t\t\t\t\t<h2><span style=\"color: #008080;\"><strong>Eventos Cient\u00edficos:<\/strong><\/span><\/h2><pre style=\"outline: 0px; font-family: Monaco, Menlo, Consolas, 'Courier New', monospace; font-size: 13px; padding: 0px; color: #333333; border-radius: 4px; margin: 0px; line-height: 20px; word-break: normal; overflow-wrap: break-word; text-wrap-mode: wrap; background-color: #f9f9f9; border: none;\"><span style=\"color: #000000; font-family: Roboto, sans-serif; background-color: #ffffff; font-size: 1rem;\">I Simposio Internacional en Valorizaci\u00f3n de Residuos - V Simposio Internacional en Cat\u00e1lisis Ambiental y Energ\u00edas Renovables (ISIVAR -V SICAMER 2026) <a href=\"https:\/\/forms.gle\/7KAZU1PAqUWNDknb7\">env\u00edo de res\u00famenes\u00a0<\/a> 12 de abril<\/span><\/pre><p>\u00a0<\/p><p><span style=\"font-weight: 400;\"><span style=\"color: #000000;\"><a href=\"https:\/\/congresos.unlp.edu.ar\/sam-conamet2026\/\"><span style=\"color: #000000;\">XXIV Congreso Internacional de Metalurgia y Materiales,<\/span><\/a> SAM-CONAMET 2026 -env\u00edo 30 de abril<\/span><\/span><\/p><p><a href=\"https:\/\/www.aqa.org.ar\/\"><span style=\"font-weight: 400;\"><span style=\"color: #000000;\">JEQUSST 2026 &#8211; Jornadas de Ense\u00f1anza de Qu\u00edmica<\/span><\/span><\/a>\u00a0<span style=\"color: #000000;\">env\u00edo de res\u00famenes 10 de agosto<\/span><\/p><p><span style=\"font-weight: 400;\"><span style=\"color: #000000;\">\u00a0<\/span><\/span><\/p>\t\t\t\t\t\t<\/div>\n\t\t\t\t<\/div>\n\t\t\t\t\t<\/div>\n\t\t<\/div>\n\t\t\t\t\t<\/div>\n\t\t<\/section>\n\t\t\t\t<\/div>\n\t\t","protected":false},"excerpt":{"rendered":"<p>Convocatorias Vigentes: Subsidios Fundaci\u00f3n Williams &#8211; Cierra 20 de abril Ingreso Carrera investigador CONICET &#8211; Cierra 30 de abril Programas de Cooperaci\u00f3n Bilateral y Multilateral\u00a0 CONICET &#8211; Cierra 30 de abril Becas de estad\u00edas en Argentina Fundaci\u00f3n Williams &#8211; Cierra 4 de mayo Informes CIC &#8211; CONICET del 22 de abril al 13 de mayo &hellip; <\/p>\n<p class=\"link-more\"><a href=\"https:\/\/cindeca.quimica.unlp.edu.ar\/index.php\/calendario\/\" class=\"more-link\">Segu\u00ed leyendo<span class=\"screen-reader-text\"> &#8220;Calendario&#8221;<\/span><\/a><\/p>\n","protected":false},"author":8,"featured_media":0,"parent":0,"menu_order":0,"comment_status":"closed","ping_status":"closed","template":"","meta":{"footnotes":""},"_links":{"self":[{"href":"https:\/\/cindeca.quimica.unlp.edu.ar\/index.php\/wp-json\/wp\/v2\/pages\/8583"}],"collection":[{"href":"https:\/\/cindeca.quimica.unlp.edu.ar\/index.php\/wp-json\/wp\/v2\/pages"}],"about":[{"href":"https:\/\/cindeca.quimica.unlp.edu.ar\/index.php\/wp-json\/wp\/v2\/types\/page"}],"author":[{"embeddable":true,"href":"https:\/\/cindeca.quimica.unlp.edu.ar\/index.php\/wp-json\/wp\/v2\/users\/8"}],"replies":[{"embeddable":true,"href":"https:\/\/cindeca.quimica.unlp.edu.ar\/index.php\/wp-json\/wp\/v2\/comments?post=8583"}],"version-history":[{"count":22,"href":"https:\/\/cindeca.quimica.unlp.edu.ar\/index.php\/wp-json\/wp\/v2\/pages\/8583\/revisions"}],"predecessor-version":[{"id":8614,"href":"https:\/\/cindeca.quimica.unlp.edu.ar\/index.php\/wp-json\/wp\/v2\/pages\/8583\/revisions\/8614"}],"wp:attachment":[{"href":"https:\/\/cindeca.quimica.unlp.edu.ar\/index.php\/wp-json\/wp\/v2\/media?parent=8583"}],"curies":[{"name":"wp","href":"https:\/\/api.w.org\/{rel}","templated":true}]}}