{"id":923,"date":"2021-08-20T10:36:38","date_gmt":"2021-08-20T13:36:38","guid":{"rendered":"https:\/\/nuevocindeca.quimica.unlp.edu.ar\/?page_id=923"},"modified":"2023-11-30T13:07:49","modified_gmt":"2023-11-30T16:07:49","slug":"biblioteca-cientifica","status":"publish","type":"page","link":"https:\/\/cindeca.quimica.unlp.edu.ar\/index.php\/biblioteca-cientifica\/","title":{"rendered":"Biblioteca Cient\u00edfica"},"content":{"rendered":"\t\t<div data-elementor-type=\"wp-page\" data-elementor-id=\"923\" class=\"elementor elementor-923\">\n\t\t\t\t\t\t<section class=\"elementor-section elementor-top-section elementor-element elementor-element-b01394f elementor-section-boxed elementor-section-height-default elementor-section-height-default\" data-id=\"b01394f\" data-element_type=\"section\">\n\t\t\t\t\t\t<div class=\"elementor-container elementor-column-gap-default\">\n\t\t\t\t\t<div class=\"elementor-column elementor-col-100 elementor-top-column elementor-element elementor-element-7d2e1ac\" data-id=\"7d2e1ac\" data-element_type=\"column\">\n\t\t\t<div class=\"elementor-widget-wrap elementor-element-populated\">\n\t\t\t\t\t\t<div class=\"elementor-element elementor-element-ca526e7 elementor-widget elementor-widget-heading\" data-id=\"ca526e7\" data-element_type=\"widget\" data-widget_type=\"heading.default\">\n\t\t\t\t<div class=\"elementor-widget-container\">\n\t\t\t<h2 class=\"elementor-heading-title elementor-size-large\">Responsable<\/h2>\t\t<\/div>\n\t\t\t\t<\/div>\n\t\t\t\t\t<\/div>\n\t\t<\/div>\n\t\t\t\t\t<\/div>\n\t\t<\/section>\n\t\t\t\t<section class=\"elementor-section elementor-top-section elementor-element elementor-element-938c992 elementor-section-boxed elementor-section-height-default elementor-section-height-default\" data-id=\"938c992\" data-element_type=\"section\">\n\t\t\t\t\t\t<div class=\"elementor-container elementor-column-gap-default\">\n\t\t\t\t\t<div class=\"elementor-column elementor-col-100 elementor-top-column elementor-element elementor-element-5feca83\" data-id=\"5feca83\" data-element_type=\"column\">\n\t\t\t<div class=\"elementor-widget-wrap elementor-element-populated\">\n\t\t\t\t\t\t<div class=\"elementor-element elementor-element-a305b2f elementor-widget elementor-widget-image\" data-id=\"a305b2f\" data-element_type=\"widget\" data-widget_type=\"image.default\">\n\t\t\t\t<div class=\"elementor-widget-container\">\n\t\t\t\t\t\t\t\t\t\t\t\t\t<img fetchpriority=\"high\" decoding=\"async\" width=\"525\" height=\"700\" src=\"https:\/\/cindeca.quimica.unlp.edu.ar\/wp-content\/uploads\/2023\/11\/Lidia-768x1024.jpeg\" class=\"attachment-large size-large wp-image-6978\" alt=\"\" srcset=\"https:\/\/cindeca.quimica.unlp.edu.ar\/wp-content\/uploads\/2023\/11\/Lidia-768x1024.jpeg 768w, https:\/\/cindeca.quimica.unlp.edu.ar\/wp-content\/uploads\/2023\/11\/Lidia-225x300.jpeg 225w, https:\/\/cindeca.quimica.unlp.edu.ar\/wp-content\/uploads\/2023\/11\/Lidia-1152x1536.jpeg 1152w, https:\/\/cindeca.quimica.unlp.edu.ar\/wp-content\/uploads\/2023\/11\/Lidia.jpeg 1200w\" sizes=\"100vw\" \/>\t\t\t\t\t\t\t\t\t\t\t\t\t<\/div>\n\t\t\t\t<\/div>\n\t\t\t\t<div class=\"elementor-element elementor-element-82fdee2 elementor-align-center elementor-widget elementor-widget-button\" data-id=\"82fdee2\" data-element_type=\"widget\" data-widget_type=\"button.default\">\n\t\t\t\t<div class=\"elementor-widget-container\">\n\t\t\t\t\t<div class=\"elementor-button-wrapper\">\n\t\t\t<a class=\"elementor-button elementor-button-link elementor-size-md\" href=\"https:\/\/www.conicet.gov.ar\/new_scp\/detalle.php?id=25637&#038;datos_academicos=yes&#038;keywords=CINDECA\" target=\"_blank\">\n\t\t\t\t\t\t<span class=\"elementor-button-content-wrapper\">\n\t\t\t\t\t\t\t\t\t<span class=\"elementor-button-text\">Bibliotecaria Documentalista<br>Lidia M. Iba\u00f1ez<\/span>\n\t\t\t\t\t<\/span>\n\t\t\t\t\t<\/a>\n\t\t<\/div>\n\t\t\t\t<\/div>\n\t\t\t\t<\/div>\n\t\t\t\t\t<\/div>\n\t\t<\/div>\n\t\t\t\t\t<\/div>\n\t\t<\/section>\n\t\t\t\t<section class=\"elementor-section elementor-top-section elementor-element elementor-element-3c5bd18a elementor-section-boxed elementor-section-height-default elementor-section-height-default\" data-id=\"3c5bd18a\" data-element_type=\"section\">\n\t\t\t\t\t\t<div class=\"elementor-container elementor-column-gap-default\">\n\t\t\t\t\t<div class=\"elementor-column elementor-col-100 elementor-top-column elementor-element elementor-element-58877794\" data-id=\"58877794\" data-element_type=\"column\">\n\t\t\t<div class=\"elementor-widget-wrap elementor-element-populated\">\n\t\t\t\t\t\t<div class=\"elementor-element elementor-element-66e83502 elementor-widget elementor-widget-text-editor\" data-id=\"66e83502\" data-element_type=\"widget\" data-widget_type=\"text-editor.default\">\n\t\t\t\t<div class=\"elementor-widget-container\">\n\t\t\t\t\t\t\t<!-- wp:paragraph -->\n<p><span style=\"color: #000000;\"><!-- \/wp:paragraph --><!-- wp:paragraph --><\/span><\/p>\n<p><span style=\"color: #000000;\">El prop\u00f3sito de la misma es asegurar el suministro adecuado de informaci\u00f3n y documentaci\u00f3n a investigadores, profesionales, t\u00e9cnicos, etc.<\/span><\/p>\n<p><span style=\"color: #000000;\"><!-- \/wp:paragraph --><!-- wp:paragraph --><\/span><\/p>\n<p><span style=\"color: #000000;\">Su caudal bibliogr\u00e1fico se orienta principalmente a la tem\u00e1tica de Cat\u00e1lisis y temas afines, posee hasta la fecha aproximadamente 950 obras entre los que se cuentan tesis, libros, publicaciones peri\u00f3dicas, actas de congresos, jornadas, simposios nacionales e internacionales y cat\u00e1logos bibliogr\u00e1ficos, bases de datos en diskette y CdRom.<\/span><\/p>\n<p><span style=\"color: #000000;\"><!-- \/wp:paragraph --><!-- wp:paragraph --><\/span><\/p>\n<p><span style=\"color: #000000;\">En la Biblioteca del Centro se realizan b\u00fasquedas asistidas por computadora en los Current Contents (Physical chemical and earth sciences y Engineering, computing and technology), a traves de los perfiles elaborados a cada usuario. Adem\u00e1s se solicitan art\u00edculos cient\u00edficos de revistas, libros, etc., patentes, a bibliotecas del pa\u00eds o del exterior, de centros de investigacion, de empresas, etc. Y b\u00fasquedas bibliogr\u00e1ficas en INTERNET<\/span><\/p>\n<p><span style=\"color: #000000;\"><!-- \/wp:paragraph --><!-- wp:paragraph --><\/span><\/p>\n<p><span style=\"color: #000000;\">Ademas la biblioteca cuenta con una base de datos de libros y publicaciones peri\u00f3dicas BIBUN en WINISIS.<\/span><br \/><span style=\"color: #000000;\"><strong><br \/><\/strong><strong>Horario de atenci\u00f3n 8 a 16hs.<\/strong><\/span><\/p>\n<p><span style=\"color: #000000;\"><!-- \/wp:paragraph --><!-- wp:paragraph --><\/span><\/p>\n<p><br \/><span style=\"color: #000000;\"><strong>Pedidos a la Bib. Lidia M. Iba\u00f1ez:\u00a0<\/strong>bcindeca@quimica.unlp.edu.ar<\/span><\/p>\n<p><span style=\"color: #000000;\"><!-- \/wp:paragraph --><!-- wp:paragraph --><\/span><\/p>\n<p><span style=\"color: #000000;\"><strong>Facebook: Biblioteca Del CINDECA<\/strong><\/span><\/p>\n<p><span style=\"color: #000000;\"><!-- \/wp:paragraph --><!-- wp:paragraph --><\/span><\/p>\n<p><span style=\"color: #000000;\"><!-- \/wp:paragraph --><!-- wp:paragraph --><\/span><\/p>\n<!-- \/wp:paragraph -->\t\t\t\t\t\t<\/div>\n\t\t\t\t<\/div>\n\t\t\t\t\t<\/div>\n\t\t<\/div>\n\t\t\t\t\t<\/div>\n\t\t<\/section>\n\t\t\t\t<section class=\"elementor-section elementor-top-section elementor-element elementor-element-5919456 elementor-section-boxed elementor-section-height-default elementor-section-height-default\" data-id=\"5919456\" data-element_type=\"section\">\n\t\t\t\t\t\t<div class=\"elementor-container elementor-column-gap-default\">\n\t\t\t\t\t<div class=\"elementor-column elementor-col-33 elementor-top-column elementor-element elementor-element-fb9671c\" data-id=\"fb9671c\" data-element_type=\"column\">\n\t\t\t<div class=\"elementor-widget-wrap elementor-element-populated\">\n\t\t\t\t\t\t<div class=\"elementor-element elementor-element-a50ef3f elementor-widget elementor-widget-image\" data-id=\"a50ef3f\" data-element_type=\"widget\" data-widget_type=\"image.default\">\n\t\t\t\t<div class=\"elementor-widget-container\">\n\t\t\t\t\t\t\t\t\t\t\t\t\t\t<a href=\"https:\/\/www.instagram.com\/cindeca_1\/\" target=\"_blank\">\n\t\t\t\t\t\t\t<img decoding=\"async\" src=\"https:\/\/cindeca.quimica.unlp.edu.ar\/wp-content\/uploads\/elementor\/thumbs\/instagran-p96qddbhjcq4jlpifuoe04z1yveqf566vtgv03ju5w.jpg\" title=\"instagran\" alt=\"instagran\" loading=\"lazy\" \/>\t\t\t\t\t\t\t\t<\/a>\n\t\t\t\t\t\t\t\t\t\t\t\t\t<\/div>\n\t\t\t\t<\/div>\n\t\t\t\t<div class=\"elementor-element elementor-element-7fdf592 elementor-widget elementor-widget-text-editor\" data-id=\"7fdf592\" data-element_type=\"widget\" data-widget_type=\"text-editor.default\">\n\t\t\t\t<div class=\"elementor-widget-container\">\n\t\t\t\t\t\t\t<p><span style=\"color: #000000;\">cindeca_1<\/span><\/p>\t\t\t\t\t\t<\/div>\n\t\t\t\t<\/div>\n\t\t\t\t\t<\/div>\n\t\t<\/div>\n\t\t\t\t<div class=\"elementor-column elementor-col-33 elementor-top-column elementor-element elementor-element-8e9d252\" data-id=\"8e9d252\" data-element_type=\"column\">\n\t\t\t<div class=\"elementor-widget-wrap elementor-element-populated\">\n\t\t\t\t\t\t<div class=\"elementor-element elementor-element-b55225a elementor-shape-rounded elementor-grid-0 e-grid-align-center elementor-widget elementor-widget-social-icons\" data-id=\"b55225a\" data-element_type=\"widget\" data-widget_type=\"social-icons.default\">\n\t\t\t\t<div class=\"elementor-widget-container\">\n\t\t\t\t\t<div class=\"elementor-social-icons-wrapper elementor-grid\">\n\t\t\t\t\t\t\t<span class=\"elementor-grid-item\">\n\t\t\t\t\t<a class=\"elementor-icon elementor-social-icon elementor-social-icon-facebook elementor-repeater-item-61bf1c9\" href=\"https:\/\/www.facebook.com\/CindecaBiblioteca\" target=\"_blank\">\n\t\t\t\t\t\t<span class=\"elementor-screen-only\">Facebook<\/span>\n\t\t\t\t\t\t<i class=\"fab fa-facebook\"><\/i>\t\t\t\t\t<\/a>\n\t\t\t\t<\/span>\n\t\t\t\t\t<\/div>\n\t\t\t\t<\/div>\n\t\t\t\t<\/div>\n\t\t\t\t<div class=\"elementor-element elementor-element-f177231 elementor-widget elementor-widget-text-editor\" data-id=\"f177231\" data-element_type=\"widget\" data-widget_type=\"text-editor.default\">\n\t\t\t\t<div class=\"elementor-widget-container\">\n\t\t\t\t\t\t\t<p><span style=\"color: #000000;\">Biblioteca del CINDECA<\/span><\/p>\t\t\t\t\t\t<\/div>\n\t\t\t\t<\/div>\n\t\t\t\t\t<\/div>\n\t\t<\/div>\n\t\t\t\t<div class=\"elementor-column elementor-col-33 elementor-top-column elementor-element elementor-element-c345b80\" data-id=\"c345b80\" data-element_type=\"column\">\n\t\t\t<div class=\"elementor-widget-wrap elementor-element-populated\">\n\t\t\t\t\t\t<div class=\"elementor-element elementor-element-ce823ff elementor-align-center elementor-widget elementor-widget-button\" data-id=\"ce823ff\" data-element_type=\"widget\" data-widget_type=\"button.default\">\n\t\t\t\t<div class=\"elementor-widget-container\">\n\t\t\t\t\t<div class=\"elementor-button-wrapper\">\n\t\t\t<a class=\"elementor-button elementor-button-link elementor-size-md\" href=\"https:\/\/www.conicet.gov.ar\/el-repositorio-digital-del-conicet-renueva-su-web\/\" target=\"_blank\">\n\t\t\t\t\t\t<span class=\"elementor-button-content-wrapper\">\n\t\t\t\t\t\t\t\t\t<span class=\"elementor-button-text\">Repositorio digital<\/span>\n\t\t\t\t\t<\/span>\n\t\t\t\t\t<\/a>\n\t\t<\/div>\n\t\t\t\t<\/div>\n\t\t\t\t<\/div>\n\t\t\t\t\t<\/div>\n\t\t<\/div>\n\t\t\t\t\t<\/div>\n\t\t<\/section>\n\t\t\t\t<\/div>\n\t\t","protected":false},"excerpt":{"rendered":"<p>Responsable Bibliotecaria DocumentalistaLidia M. Iba\u00f1ez El prop\u00f3sito de la misma es asegurar el suministro adecuado de informaci\u00f3n y documentaci\u00f3n a investigadores, profesionales, t\u00e9cnicos, etc. Su caudal bibliogr\u00e1fico se orienta principalmente a la tem\u00e1tica de Cat\u00e1lisis y temas afines, posee hasta la fecha aproximadamente 950 obras entre los que se cuentan tesis, libros, publicaciones peri\u00f3dicas, actas &hellip; <\/p>\n<p class=\"link-more\"><a href=\"https:\/\/cindeca.quimica.unlp.edu.ar\/index.php\/biblioteca-cientifica\/\" class=\"more-link\">Segu\u00ed leyendo<span class=\"screen-reader-text\"> &#8220;Biblioteca Cient\u00edfica&#8221;<\/span><\/a><\/p>\n","protected":false},"author":8,"featured_media":0,"parent":0,"menu_order":0,"comment_status":"closed","ping_status":"closed","template":"","meta":{"footnotes":""},"_links":{"self":[{"href":"https:\/\/cindeca.quimica.unlp.edu.ar\/index.php\/wp-json\/wp\/v2\/pages\/923"}],"collection":[{"href":"https:\/\/cindeca.quimica.unlp.edu.ar\/index.php\/wp-json\/wp\/v2\/pages"}],"about":[{"href":"https:\/\/cindeca.quimica.unlp.edu.ar\/index.php\/wp-json\/wp\/v2\/types\/page"}],"author":[{"embeddable":true,"href":"https:\/\/cindeca.quimica.unlp.edu.ar\/index.php\/wp-json\/wp\/v2\/users\/8"}],"replies":[{"embeddable":true,"href":"https:\/\/cindeca.quimica.unlp.edu.ar\/index.php\/wp-json\/wp\/v2\/comments?post=923"}],"version-history":[{"count":86,"href":"https:\/\/cindeca.quimica.unlp.edu.ar\/index.php\/wp-json\/wp\/v2\/pages\/923\/revisions"}],"predecessor-version":[{"id":6981,"href":"https:\/\/cindeca.quimica.unlp.edu.ar\/index.php\/wp-json\/wp\/v2\/pages\/923\/revisions\/6981"}],"wp:attachment":[{"href":"https:\/\/cindeca.quimica.unlp.edu.ar\/index.php\/wp-json\/wp\/v2\/media?parent=923"}],"curies":[{"name":"wp","href":"https:\/\/api.w.org\/{rel}","templated":true}]}}